{"id":15,"date":"2025-06-17T13:58:21","date_gmt":"2025-06-17T11:58:21","guid":{"rendered":"http:\/\/wixvaam.cluster100.hosting.ovh.net\/de\/?page_id=15"},"modified":"2025-08-26T15:23:56","modified_gmt":"2025-08-26T13:23:56","slug":"mentions-legales","status":"publish","type":"page","link":"https:\/\/nobodytoldme-blog.com\/de\/fr\/mentions-legales\/","title":{"rendered":"Mentions l\u00e9gales"},"content":{"rendered":"\t\t<div data-elementor-type=\"wp-page\" data-elementor-id=\"15\" class=\"elementor elementor-15\" data-elementor-post-type=\"page\">\n\t\t\t\t<div class=\"elementor-element elementor-element-b4d3dab e-flex e-con-boxed e-con e-parent\" data-id=\"b4d3dab\" data-element_type=\"container\" data-e-type=\"container\" data-settings=\"{&quot;background_background&quot;:&quot;classic&quot;}\">\n\t\t\t\t\t<div class=\"e-con-inner\">\n\t\t\t\t<div class=\"elementor-element elementor-element-9146f19 elementor-widget elementor-widget-heading\" data-id=\"9146f19\" data-element_type=\"widget\" data-e-type=\"widget\" data-widget_type=\"heading.default\">\n\t\t\t\t<div class=\"elementor-widget-container\">\n\t\t\t\t\t<h1 class=\"elementor-heading-title elementor-size-default\">Mentions l\u00e9gales #nobodytoldme<\/h1>\t\t\t\t<\/div>\n\t\t\t\t<\/div>\n\t\t<div class=\"elementor-element elementor-element-93355a4 e-con-full e-flex e-con e-child\" data-id=\"93355a4\" data-element_type=\"container\" data-e-type=\"container\">\n\t\t\t\t<div class=\"elementor-element elementor-element-ce1d7ef elementor-widget elementor-widget-heading\" data-id=\"ce1d7ef\" data-element_type=\"widget\" data-e-type=\"widget\" data-widget_type=\"heading.default\">\n\t\t\t\t<div class=\"elementor-widget-container\">\n\t\t\t\t\t<h2 class=\"elementor-heading-title elementor-size-default\">1)\tINFORMATIONS \u00c9DITEUR<\/h2>\t\t\t\t<\/div>\n\t\t\t\t<\/div>\n\t\t\t\t<div class=\"elementor-element elementor-element-a0fc2df elementor-widget elementor-widget-text-editor\" data-id=\"a0fc2df\" data-element_type=\"widget\" data-e-type=\"widget\" data-widget_type=\"text-editor.default\">\n\t\t\t\t<div class=\"elementor-widget-container\">\n\t\t\t\t\t\t\t\t\t<p>Le pr\u00e9sent site internet est la propri\u00e9t\u00e9 exclusive de la soci\u00e9t\u00e9 <strong>HAPPEEZ<\/strong>, soci\u00e9t\u00e9 par actions simplifi\u00e9e, au capital de 437\u202f050,00\u20ac, immatricul\u00e9e au Registre du Commerce et des Soci\u00e9t\u00e9s de Clermont-Ferrand\u00a0sous le num\u00e9ro 821 943 040, dont le num\u00e9ro de TVA\u00a0est FR86821943040 et dont le si\u00e8ge social est situ\u00e9\u00a0 16, rue Jacqueline Auriol, Parc Industriel des Gravanches, 63100 Clermont-Ferrand, France.<\/p><p>Le directeur de la publication du pr\u00e9sent site internet est Monsieur Pierre MAGRO.<\/p><p>Les mises \u00e0 jour sont assur\u00e9es par Madame Pauline GUBERT.<\/p><p>L\u2019utilisateur peut faire part \u00e0 la soci\u00e9t\u00e9 HAPPEEZ de tout commentaire, correction, erreur, omission ou question en adressant un email \u00e0 l\u2019adresse webmaster@babymoov.com.<\/p>\t\t\t\t\t\t\t\t<\/div>\n\t\t\t\t<\/div>\n\t\t\t\t<\/div>\n\t\t<div class=\"elementor-element elementor-element-5c87c09 e-con-full e-flex e-con e-child\" data-id=\"5c87c09\" data-element_type=\"container\" data-e-type=\"container\">\n\t\t\t\t<div class=\"elementor-element elementor-element-30a22b8 elementor-widget elementor-widget-heading\" data-id=\"30a22b8\" data-element_type=\"widget\" data-e-type=\"widget\" data-widget_type=\"heading.default\">\n\t\t\t\t<div class=\"elementor-widget-container\">\n\t\t\t\t\t<h2 class=\"elementor-heading-title elementor-size-default\">2)\tINFORMATIONS H\u00c9BERGEUR<\/h2>\t\t\t\t<\/div>\n\t\t\t\t<\/div>\n\t\t\t\t<div class=\"elementor-element elementor-element-fcdbf92 elementor-widget elementor-widget-text-editor\" data-id=\"fcdbf92\" data-element_type=\"widget\" data-e-type=\"widget\" data-widget_type=\"text-editor.default\">\n\t\t\t\t<div class=\"elementor-widget-container\">\n\t\t\t\t\t\t\t\t\t<p>Le prestataire assurant l\u2019h\u00e9bergement du pr\u00e9sent site internet est la soci\u00e9t\u00e9<\/p><p><strong>OVH<\/strong>, situ\u00e9e au 2 rue Kellermann, 59100 Roubaix, France. Vous pouvez contacter OVH au 09 72 10 10 07.<\/p>\t\t\t\t\t\t\t\t<\/div>\n\t\t\t\t<\/div>\n\t\t\t\t<\/div>\n\t\t<div class=\"elementor-element elementor-element-18e6638 e-con-full e-flex e-con e-child\" data-id=\"18e6638\" data-element_type=\"container\" data-e-type=\"container\">\n\t\t\t\t<div class=\"elementor-element elementor-element-76620a3 elementor-widget elementor-widget-heading\" data-id=\"76620a3\" data-element_type=\"widget\" data-e-type=\"widget\" data-widget_type=\"heading.default\">\n\t\t\t\t<div class=\"elementor-widget-container\">\n\t\t\t\t\t<h2 class=\"elementor-heading-title elementor-size-default\">3)\tPROPRI\u00c9T\u00c9 INTELLECTUELLE<\/h2>\t\t\t\t<\/div>\n\t\t\t\t<\/div>\n\t\t\t\t<div class=\"elementor-element elementor-element-d777b77 elementor-widget elementor-widget-text-editor\" data-id=\"d777b77\" data-element_type=\"widget\" data-e-type=\"widget\" data-widget_type=\"text-editor.default\">\n\t\t\t\t<div class=\"elementor-widget-container\">\n\t\t\t\t\t\t\t\t\t<p>Le site <a href=\"http:\/\/www.nobodytoldme-blog.com\">www.nobodytoldme-blog.com<\/a> est prot\u00e9g\u00e9 au titre de la propri\u00e9t\u00e9 intellectuelle d&#8217;HAPPEEZ, qui d\u00e9tient les droits sur tous les \u00e9l\u00e9ments publi\u00e9s par l&#8217;\u00e9diteur et accessibles sur le pr\u00e9sent site internet, notamment les textes, images, graphismes, marques, logos, vid\u00e9os, ic\u00f4nes, sons, etc.<\/p><p>\u00a0<\/p><p>Conform\u00e9ment aux dispositions du Code de la Propri\u00e9t\u00e9 Intellectuelle, toute reproduction, repr\u00e9sentation, modification, publication, adaptation int\u00e9grale ou partielle des \u00e9l\u00e9ments constitutifs du pr\u00e9sent site Internet, quel que soit le moyen ou le proc\u00e9d\u00e9 utilis\u00e9, est susceptible de constituer une contrefa\u00e7on.<\/p><p>En cons\u00e9quence, sont strictement interdites, sauf autorisation expresse pr\u00e9alable de HAPPEEZ, la reproduction, repr\u00e9sentation, modification, publication, adaptation int\u00e9grale ou partielle de tout ou partie du pr\u00e9sent site Internet.<\/p>\t\t\t\t\t\t\t\t<\/div>\n\t\t\t\t<\/div>\n\t\t\t\t<\/div>\n\t\t<div class=\"elementor-element elementor-element-9d54619 e-con-full e-flex e-con e-child\" data-id=\"9d54619\" data-element_type=\"container\" data-e-type=\"container\">\n\t\t\t\t<div class=\"elementor-element elementor-element-e268191 elementor-widget elementor-widget-heading\" data-id=\"e268191\" data-element_type=\"widget\" data-e-type=\"widget\" data-widget_type=\"heading.default\">\n\t\t\t\t<div class=\"elementor-widget-container\">\n\t\t\t\t\t<h2 class=\"elementor-heading-title elementor-size-default\">4)\tRESPONSABILIT\u00c9<\/h2>\t\t\t\t<\/div>\n\t\t\t\t<\/div>\n\t\t\t\t<div class=\"elementor-element elementor-element-ffeb550 elementor-widget elementor-widget-text-editor\" data-id=\"ffeb550\" data-element_type=\"widget\" data-e-type=\"widget\" data-widget_type=\"text-editor.default\">\n\t\t\t\t<div class=\"elementor-widget-container\">\n\t\t\t\t\t\t\t\t\t<p>Les informations et donn\u00e9es disponibles sur le pr\u00e9sent site Internet sont communiqu\u00e9es \u00e0 titre de simple information g\u00e9n\u00e9rale et ne sauraient \u00eatre consid\u00e9r\u00e9es comme exhaustives ni comme engageant d\u2019une quelconque fa\u00e7on la responsabilit\u00e9 de la soci\u00e9t\u00e9. A ce titre, HAPPEEZ ne saurait engager sa responsabilit\u00e9 en cas d\u2019erreur ou d\u2019absence d\u2019informations ou de donn\u00e9es, en cas de pr\u00e9sence de virus sur le pr\u00e9sent site internet, ou de quelques dommages directs et\/ou indirects relatifs \u00e0 l\u2019utilisation de ces informations ou r\u00e9sultant d\u2019une connexion au pr\u00e9sent site internet que l\u2019utilisateur effectue sous sa seule responsabilit\u00e9.<\/p><p>\u00a0<\/p><p>Il est en outre pr\u00e9cis\u00e9 que HAPPEEZ n\u2019engage nullement sa responsabilit\u00e9 vis-\u00e0-vis du contenu mis en ligne sur le pr\u00e9sent site internet par des tiers, le maintien en ligne HAPPEEZ de ces contenus ne constituant en aucun cas une validation, approbation ou adh\u00e9sion de la soci\u00e9t\u00e9 HAPPEEZ auxdits contenus, ni une association de la soci\u00e9t\u00e9 HAPPEEZ avec les auteurs de ces contenus.\u00a0<\/p><p>\u00a0<\/p><p>En cas de litige, celui-ci sera r\u00e9gi par le droit fran\u00e7ais et port\u00e9 devant les tribunaux comp\u00e9tents fran\u00e7ais.<\/p>\t\t\t\t\t\t\t\t<\/div>\n\t\t\t\t<\/div>\n\t\t\t\t<\/div>\n\t\t\t\t\t<\/div>\n\t\t\t\t<\/div>\n\t\t\t\t<\/div>\n\t\t","protected":false},"excerpt":{"rendered":"<p>Mentions l\u00e9gales #nobodytoldme 1) INFORMATIONS \u00c9DITEUR Le pr\u00e9sent site internet est la propri\u00e9t\u00e9 exclusive de la soci\u00e9t\u00e9 HAPPEEZ, soci\u00e9t\u00e9 par actions simplifi\u00e9e, au capital de 437\u202f050,00\u20ac, immatricul\u00e9e au Registre du Commerce et des Soci\u00e9t\u00e9s de Clermont-Ferrand\u00a0sous le num\u00e9ro 821 943 040, dont le num\u00e9ro de TVA\u00a0est FR86821943040 et dont le si\u00e8ge social est situ\u00e9\u00a0 16, [&hellip;]<\/p>\n","protected":false},"author":1,"featured_media":0,"parent":0,"menu_order":0,"comment_status":"closed","ping_status":"closed","template":"","meta":{"_acf_changed":false,"footnotes":""},"class_list":["post-15","page","type-page","status-publish","hentry"],"acf":[],"_links":{"self":[{"href":"https:\/\/nobodytoldme-blog.com\/de\/fr\/wp-json\/wp\/v2\/pages\/15","targetHints":{"allow":["GET"]}}],"collection":[{"href":"https:\/\/nobodytoldme-blog.com\/de\/fr\/wp-json\/wp\/v2\/pages"}],"about":[{"href":"https:\/\/nobodytoldme-blog.com\/de\/fr\/wp-json\/wp\/v2\/types\/page"}],"author":[{"embeddable":true,"href":"https:\/\/nobodytoldme-blog.com\/de\/fr\/wp-json\/wp\/v2\/users\/1"}],"replies":[{"embeddable":true,"href":"https:\/\/nobodytoldme-blog.com\/de\/fr\/wp-json\/wp\/v2\/comments?post=15"}],"version-history":[{"count":34,"href":"https:\/\/nobodytoldme-blog.com\/de\/fr\/wp-json\/wp\/v2\/pages\/15\/revisions"}],"predecessor-version":[{"id":5264,"href":"https:\/\/nobodytoldme-blog.com\/de\/fr\/wp-json\/wp\/v2\/pages\/15\/revisions\/5264"}],"wp:attachment":[{"href":"https:\/\/nobodytoldme-blog.com\/de\/fr\/wp-json\/wp\/v2\/media?parent=15"}],"curies":[{"name":"wp","href":"https:\/\/api.w.org\/{rel}","templated":true}]}}