{"id":21,"date":"2025-06-17T13:58:57","date_gmt":"2025-06-17T11:58:57","guid":{"rendered":"http:\/\/wixvaam.cluster100.hosting.ovh.net\/de\/?page_id=21"},"modified":"2025-08-26T15:16:59","modified_gmt":"2025-08-26T13:16:59","slug":"conditions-generales-dutilisation","status":"publish","type":"page","link":"https:\/\/nobodytoldme-blog.com\/de\/fr\/conditions-generales-dutilisation\/","title":{"rendered":"Conditions g\u00e9n\u00e9rales d&#8217;utilisation"},"content":{"rendered":"\t\t<div data-elementor-type=\"wp-page\" data-elementor-id=\"21\" class=\"elementor elementor-21\" data-elementor-post-type=\"page\">\n\t\t\t\t<div class=\"elementor-element elementor-element-439fab9 e-flex e-con-boxed e-con e-parent\" data-id=\"439fab9\" data-element_type=\"container\" data-e-type=\"container\" data-settings=\"{&quot;background_background&quot;:&quot;classic&quot;}\">\n\t\t\t\t\t<div class=\"e-con-inner\">\n\t\t\t\t<div class=\"elementor-element elementor-element-a7749c7 elementor-widget elementor-widget-heading\" data-id=\"a7749c7\" data-element_type=\"widget\" data-e-type=\"widget\" data-widget_type=\"heading.default\">\n\t\t\t\t<div class=\"elementor-widget-container\">\n\t\t\t\t\t<h1 class=\"elementor-heading-title elementor-size-default\">CGU #nobodytoldme<\/h1>\t\t\t\t<\/div>\n\t\t\t\t<\/div>\n\t\t\t\t<div class=\"elementor-element elementor-element-65c3683 elementor-widget elementor-widget-text-editor\" data-id=\"65c3683\" data-element_type=\"widget\" data-e-type=\"widget\" data-widget_type=\"text-editor.default\">\n\t\t\t\t<div class=\"elementor-widget-container\">\n\t\t\t\t\t\t\t\t\t<p>Afin de garantir la meilleure exp\u00e9rience possible, l\u2019utilisation du Site est soumise au respect de certaines r\u00e8gles (les \u00ab Conditions g\u00e9n\u00e9rales d\u2019utilisation\u00a0\u00bb ou \u00ab\u00a0CGU\u00a0\u00bb). En acc\u00e9dant ou en utilisant le Site, vous en acceptez les Conditions g\u00e9n\u00e9rales d\u2019utilisation.<\/p><p>#Nobodytoldme (le \u00ab\u00a0Site\u00a0\u00bb) est une <em>safe place<\/em> pour toutes les femmes qui veulent connaitre la r\u00e9alit\u00e9 de la maternit\u00e9, \u00e0 travers les t\u00e9moignages d\u2019autres femmes accompagn\u00e9s de conseils d\u2019experts sur des sujets souvent tabous.<\/p><p>Le Site est divis\u00e9 en deux parties\u00a0: le Blog et le Forum.<\/p>\t\t\t\t\t\t\t\t<\/div>\n\t\t\t\t<\/div>\n\t\t<div class=\"elementor-element elementor-element-2d19c2c e-con-full e-flex e-con e-child\" data-id=\"2d19c2c\" data-element_type=\"container\" data-e-type=\"container\">\n\t\t\t\t<div class=\"elementor-element elementor-element-7c432a8 elementor-widget elementor-widget-heading\" data-id=\"7c432a8\" data-element_type=\"widget\" data-e-type=\"widget\" data-widget_type=\"heading.default\">\n\t\t\t\t<div class=\"elementor-widget-container\">\n\t\t\t\t\t<h2 class=\"elementor-heading-title elementor-size-default\">I. Le blog<\/h2>\t\t\t\t<\/div>\n\t\t\t\t<\/div>\n\t\t\t\t<div class=\"elementor-element elementor-element-aa5322d elementor-widget elementor-widget-text-editor\" data-id=\"aa5322d\" data-element_type=\"widget\" data-e-type=\"widget\" data-widget_type=\"text-editor.default\">\n\t\t\t\t<div class=\"elementor-widget-container\">\n\t\t\t\t\t\t\t\t\t<p>Le Blog\u00a0 est un lieu d\u2019information o\u00f9 les utilisateurs pourront se renseigner sur la maternit\u00e9 gr\u00e2ce aux articles r\u00e9dig\u00e9s par des experts de sant\u00e9 et les \u00e9quipes de Doomoo (notre \u00ab\u00a0Contenu\u00a0\u00bb).<\/p>\t\t\t\t\t\t\t\t<\/div>\n\t\t\t\t<\/div>\n\t\t<div class=\"elementor-element elementor-element-6ad47d1 e-con-full e-flex e-con e-child\" data-id=\"6ad47d1\" data-element_type=\"container\" data-e-type=\"container\">\n\t\t\t\t<div class=\"elementor-element elementor-element-21aced9 elementor-widget elementor-widget-heading\" data-id=\"21aced9\" data-element_type=\"widget\" data-e-type=\"widget\" data-widget_type=\"heading.default\">\n\t\t\t\t<div class=\"elementor-widget-container\">\n\t\t\t\t\t<h3 class=\"elementor-heading-title elementor-size-default\">1) Limitation de responsabilit\u00e9 <\/h3>\t\t\t\t<\/div>\n\t\t\t\t<\/div>\n\t\t\t\t<div class=\"elementor-element elementor-element-38685a8 elementor-widget elementor-widget-text-editor\" data-id=\"38685a8\" data-element_type=\"widget\" data-e-type=\"widget\" data-widget_type=\"text-editor.default\">\n\t\t\t\t<div class=\"elementor-widget-container\">\n\t\t\t\t\t\t\t\t\t<p>Les informations pr\u00e9sent\u00e9es sur ce blog sont fournies \u00e0 titre informatif et ne remplacent en aucun cas un avis m\u00e9dical, un diagnostic ou un traitement professionnel.<br \/>En cas de doute ou de probl\u00e8me de sant\u00e9, veuillez consulter un professionnel de sant\u00e9 qualifi\u00e9.<br \/>Nous d\u00e9clinons toute responsabilit\u00e9 quant aux cons\u00e9quences li\u00e9es \u00e0 l\u2019utilisation des informations pr\u00e9sentes sur ce site.<\/p>\t\t\t\t\t\t\t\t<\/div>\n\t\t\t\t<\/div>\n\t\t\t\t<\/div>\n\t\t<div class=\"elementor-element elementor-element-43ba1f4 e-con-full e-flex e-con e-child\" data-id=\"43ba1f4\" data-element_type=\"container\" data-e-type=\"container\">\n\t\t\t\t<div class=\"elementor-element elementor-element-d4c7494 elementor-widget elementor-widget-heading\" data-id=\"d4c7494\" data-element_type=\"widget\" data-e-type=\"widget\" data-widget_type=\"heading.default\">\n\t\t\t\t<div class=\"elementor-widget-container\">\n\t\t\t\t\t<h3 class=\"elementor-heading-title elementor-size-default\">2) Liens hypertextes<\/h3>\t\t\t\t<\/div>\n\t\t\t\t<\/div>\n\t\t\t\t<div class=\"elementor-element elementor-element-b3d3de4 elementor-widget elementor-widget-text-editor\" data-id=\"b3d3de4\" data-element_type=\"widget\" data-e-type=\"widget\" data-widget_type=\"text-editor.default\">\n\t\t\t\t<div class=\"elementor-widget-container\">\n\t\t\t\t\t\t\t\t\t<p>Le Contenu mis en ligne par les \u00e9quipes du Site peut parfois contenir des liens vers des sites Internet externes et\/ou de nos soci\u00e9t\u00e9s affili\u00e9es (les \u00ab\u00a0Sites tiers\u00a0\u00bb). Votre utilisation des Sites tiers se fait sous votre enti\u00e8re responsabilit\u00e9 et \u00e0 vos propres risques. Nous n\u2019engageons nullement notre responsabilit\u00e9 quant \u00e0 votre exp\u00e9rience avec les Sites tiers.<\/p>\t\t\t\t\t\t\t\t<\/div>\n\t\t\t\t<\/div>\n\t\t\t\t<\/div>\n\t\t<div class=\"elementor-element elementor-element-4e514eb e-con-full e-flex e-con e-child\" data-id=\"4e514eb\" data-element_type=\"container\" data-e-type=\"container\">\n\t\t\t\t<div class=\"elementor-element elementor-element-ae3618a elementor-widget elementor-widget-heading\" data-id=\"ae3618a\" data-element_type=\"widget\" data-e-type=\"widget\" data-widget_type=\"heading.default\">\n\t\t\t\t<div class=\"elementor-widget-container\">\n\t\t\t\t\t<h3 class=\"elementor-heading-title elementor-size-default\">3)\tPropri\u00e9t\u00e9 Intellectuelle<\/h3>\t\t\t\t<\/div>\n\t\t\t\t<\/div>\n\t\t\t\t<div class=\"elementor-element elementor-element-a38dea8 elementor-widget elementor-widget-text-editor\" data-id=\"a38dea8\" data-element_type=\"widget\" data-e-type=\"widget\" data-widget_type=\"text-editor.default\">\n\t\t\t\t<div class=\"elementor-widget-container\">\n\t\t\t\t\t\t\t\t\t<p>Nous conservons les droits de propri\u00e9t\u00e9 intellectuelle sur tous les \u00e9l\u00e9ments publi\u00e9s sur le Blog, notamment les textes, images, graphismes, marques, logos, vid\u00e9os, ic\u00f4nes, sons, etc.<\/p><p>\u00a0<\/p><p>Conform\u00e9ment aux dispositions du Code de la Propri\u00e9t\u00e9 Intellectuelle, sont strictement interdites, sauf autorisation expresse pr\u00e9alable de HAPPEEZ, la reproduction, repr\u00e9sentation, modification, publication, adaptation int\u00e9grale ou partielle de tout ou partie des \u00e9l\u00e9ments du Blog.<\/p>\t\t\t\t\t\t\t\t<\/div>\n\t\t\t\t<\/div>\n\t\t\t\t<\/div>\n\t\t\t\t<\/div>\n\t\t<div class=\"elementor-element elementor-element-fa951c2 e-con-full e-flex e-con e-child\" data-id=\"fa951c2\" data-element_type=\"container\" data-e-type=\"container\">\n\t\t\t\t<div class=\"elementor-element elementor-element-5898227 elementor-widget elementor-widget-heading\" data-id=\"5898227\" data-element_type=\"widget\" data-e-type=\"widget\" data-widget_type=\"heading.default\">\n\t\t\t\t<div class=\"elementor-widget-container\">\n\t\t\t\t\t<h2 class=\"elementor-heading-title elementor-size-default\">II. Le forum<\/h2>\t\t\t\t<\/div>\n\t\t\t\t<\/div>\n\t\t\t\t<div class=\"elementor-element elementor-element-a9e6961 elementor-widget elementor-widget-text-editor\" data-id=\"a9e6961\" data-element_type=\"widget\" data-e-type=\"widget\" data-widget_type=\"text-editor.default\">\n\t\t\t\t<div class=\"elementor-widget-container\">\n\t\t\t\t\t\t\t\t\t<p>La deuxi\u00e8me partie est un forum (le \u00ab\u00a0Forum\u00a0\u00bb) sur lequel les utilisateurs sont libres de partager leurs exp\u00e9riences, leurs sentiments et de poser librement et sans honte des questions dans un espace bienveillant.<\/p>\t\t\t\t\t\t\t\t<\/div>\n\t\t\t\t<\/div>\n\t\t<div class=\"elementor-element elementor-element-073325e e-con-full e-flex e-con e-child\" data-id=\"073325e\" data-element_type=\"container\" data-e-type=\"container\">\n\t\t\t\t<div class=\"elementor-element elementor-element-9403f47 elementor-widget elementor-widget-heading\" data-id=\"9403f47\" data-element_type=\"widget\" data-e-type=\"widget\" data-widget_type=\"heading.default\">\n\t\t\t\t<div class=\"elementor-widget-container\">\n\t\t\t\t\t<h3 class=\"elementor-heading-title elementor-size-default\">1)\tCr\u00e9ation d\u2019un Compte<\/h3>\t\t\t\t<\/div>\n\t\t\t\t<\/div>\n\t\t\t\t<div class=\"elementor-element elementor-element-b697d64 elementor-widget elementor-widget-text-editor\" data-id=\"b697d64\" data-element_type=\"widget\" data-e-type=\"widget\" data-widget_type=\"text-editor.default\">\n\t\t\t\t<div class=\"elementor-widget-container\">\n\t\t\t\t\t\t\t\t\t<p>L\u2019acc\u00e8s et l\u2019utilisation du Forum est conditionn\u00e9 \u00e0 la cr\u00e9ation d\u2019un compte utilisateur (le \u00ab\u00a0Compte\u00a0\u00bb). Pour cr\u00e9er un compte, l\u2019utilisateur doit obligatoirement indiquer une adresse e-mail et choisir un pseudonyme et un mot de passe. <em>Accessoirement, d\u2019autres informations personnelles peuvent vous \u00eatre demand\u00e9es, leur traitement est indiqu\u00e9 dans notre Politique de confidentialit\u00e9 (lien). <\/em><\/p><p>Vous \u00eates seul responsable des informations associ\u00e9es \u00e0 votre Compte.<\/p>\t\t\t\t\t\t\t\t<\/div>\n\t\t\t\t<\/div>\n\t\t\t\t<\/div>\n\t\t<div class=\"elementor-element elementor-element-8426814 e-con-full e-flex e-con e-child\" data-id=\"8426814\" data-element_type=\"container\" data-e-type=\"container\">\n\t\t\t\t<div class=\"elementor-element elementor-element-d48e7dc elementor-widget elementor-widget-heading\" data-id=\"d48e7dc\" data-element_type=\"widget\" data-e-type=\"widget\" data-widget_type=\"heading.default\">\n\t\t\t\t<div class=\"elementor-widget-container\">\n\t\t\t\t\t<h3 class=\"elementor-heading-title elementor-size-default\">2)\tSuppression d\u2019un Compte<\/h3>\t\t\t\t<\/div>\n\t\t\t\t<\/div>\n\t\t\t\t<div class=\"elementor-element elementor-element-25fba2e elementor-widget elementor-widget-text-editor\" data-id=\"25fba2e\" data-element_type=\"widget\" data-e-type=\"widget\" data-widget_type=\"text-editor.default\">\n\t\t\t\t<div class=\"elementor-widget-container\">\n\t\t\t\t\t\t\t\t\t<p>Vous pouvez supprimer votre Compte en acc\u00e9dant aux param\u00e8tres. La suppression de votre Compte engendre la suppression de toutes les donn\u00e9es personnelles vous concernant.<\/p>\t\t\t\t\t\t\t\t<\/div>\n\t\t\t\t<\/div>\n\t\t\t\t<\/div>\n\t\t<div class=\"elementor-element elementor-element-6757b32 e-con-full e-flex e-con e-child\" data-id=\"6757b32\" data-element_type=\"container\" data-e-type=\"container\">\n\t\t\t\t<div class=\"elementor-element elementor-element-48f0861 elementor-widget elementor-widget-heading\" data-id=\"48f0861\" data-element_type=\"widget\" data-e-type=\"widget\" data-widget_type=\"heading.default\">\n\t\t\t\t<div class=\"elementor-widget-container\">\n\t\t\t\t\t<h3 class=\"elementor-heading-title elementor-size-default\">3)\tVos Messages<\/h3>\t\t\t\t<\/div>\n\t\t\t\t<\/div>\n\t\t\t\t<div class=\"elementor-element elementor-element-0a146e4 elementor-widget elementor-widget-text-editor\" data-id=\"0a146e4\" data-element_type=\"widget\" data-e-type=\"widget\" data-widget_type=\"text-editor.default\">\n\t\t\t\t<div class=\"elementor-widget-container\">\n\t\t\t\t\t\t\t\t\t<p>Par \u00ab\u00a0Messages\u00a0\u00bb, les CGU d\u00e9signent tous les contenus mis en ligne par l\u2019utilisateur sur le Forum (publications, commentaires, images\u2026). Les Messages sont accessibles \u00e0 tous les utilisateurs qui disposent d\u2019un Compte. A ce titre, nous vous conseillons de ne pas partager d\u2019informations personnelles au sein de vos Messages et \u00e0 privil\u00e9gier l\u2019anonymat et\/ou la pseudonymisation.<\/p><p>\u00a0<\/p><p>Vous \u00eates seul responsable du contenu des Messages publi\u00e9s par votre Compte.<\/p><p>\u00a0<\/p><ul><li><strong>Mod\u00e9ration des Messages<\/strong><\/li><\/ul><p>Vos Messages ne doivent en aucun cas porter atteinte aux autres utilisateurs. Il est strictement interdit de publier des Messages intimidants, violents, haineux, sexuellement explicites, choquants ou contraires \u00e0 la loi de quelque mani\u00e8re que ce soit.<\/p><p>Vos Messages ne font pas n\u00e9cessairement l\u2019objet d\u2019une v\u00e9rification avant leur publication, en revanche nous nous accordons le droit, \u00e0 tout moment et \u00e0 notre seule discr\u00e9tion, d\u2019appliquer des mesures coercitives aux utilisateurs dont les Messages ne respectent pas les pr\u00e9sentes r\u00e8gles. Ces mesures peuvent aller d\u2019un simple avertissement \u00e0 la suppression d\u00e9finitive du Compte.<\/p><p>En tant qu\u2019utilisateur du Site, vous avez la possibilit\u00e9 de signaler tout Message qui vous semble inappropri\u00e9. Celui-ci sera alors v\u00e9rifi\u00e9 par nos \u00e9quipes, qui choisiront de le maintenir en ligne ou de le supprimer.<\/p><p>\u00a0<\/p><ul><li><strong>Responsabilit\u00e9<\/strong><\/li><\/ul><p>Nous n\u2019engageons nullement notre responsabilit\u00e9 quant aux Messages post\u00e9s par les utilisateurs et nous n\u2019en soutenons ni n\u2019en garantissons la compl\u00e9tude, la v\u00e9racit\u00e9, l\u2019exactitude ou la fiabilit\u00e9.<\/p><p>\u00a0<\/p><ul><li><strong>Propri\u00e9t\u00e9 Intellectuelle<\/strong><\/li><\/ul><p>Vous conservez la propri\u00e9t\u00e9 intellectuelle relative au contenu de vos Messages. Toutefois, la publication des Messages implique une autorisation \u00e0 titre gratuit pour HAPPEEZ de repr\u00e9senter, reproduire, adapter ou diffuser le Message sur nos r\u00e9seaux sociaux et notre site Internet <a href=\"https:\/\/doomoo.com\">https:\/\/doomoo.com<\/a>, pour la dur\u00e9e des droits de propri\u00e9t\u00e9 intellectuelle.<\/p>\t\t\t\t\t\t\t\t<\/div>\n\t\t\t\t<\/div>\n\t\t\t\t<\/div>\n\t\t\t\t<\/div>\n\t\t<div class=\"elementor-element elementor-element-35b48b7 e-con-full e-flex e-con e-child\" data-id=\"35b48b7\" data-element_type=\"container\" data-e-type=\"container\">\n\t\t\t\t<div class=\"elementor-element elementor-element-72d40b8 elementor-widget elementor-widget-heading\" data-id=\"72d40b8\" data-element_type=\"widget\" data-e-type=\"widget\" data-widget_type=\"heading.default\">\n\t\t\t\t<div class=\"elementor-widget-container\">\n\t\t\t\t\t<h2 class=\"elementor-heading-title elementor-size-default\">III.\tR\u00e8gles g\u00e9n\u00e9rales <\/h2>\t\t\t\t<\/div>\n\t\t\t\t<\/div>\n\t\t<div class=\"elementor-element elementor-element-55ea0c5 e-con-full e-flex e-con e-child\" data-id=\"55ea0c5\" data-element_type=\"container\" data-e-type=\"container\">\n\t\t\t\t<div class=\"elementor-element elementor-element-786dba4 elementor-widget elementor-widget-heading\" data-id=\"786dba4\" data-element_type=\"widget\" data-e-type=\"widget\" data-widget_type=\"heading.default\">\n\t\t\t\t<div class=\"elementor-widget-container\">\n\t\t\t\t\t<h3 class=\"elementor-heading-title elementor-size-default\">1)\tRestrictions \u00e0 l\u2019utilisation du Site<\/h3>\t\t\t\t<\/div>\n\t\t\t\t<\/div>\n\t\t\t\t<div class=\"elementor-element elementor-element-dc43c7e elementor-widget elementor-widget-text-editor\" data-id=\"dc43c7e\" data-element_type=\"widget\" data-e-type=\"widget\" data-widget_type=\"text-editor.default\">\n\t\t\t\t<div class=\"elementor-widget-container\">\n\t\t\t\t\t\t\t\t\t<p>Pour assurer une exp\u00e9rience optimale \u00e0 tous les utilisateurs du Site, il est strictement interdit de\u00a0:<\/p><ul><li>Utiliser le Site d\u2019une mani\u00e8re susceptible de nuire aux autres utilisateurs\u00a0;<\/li><li>Acc\u00e9der (ou tenter d\u2019acc\u00e9der) au Compte d\u2019un autre utilisateur ou \u00e0 toute partie non publique du Site ;<\/li><li>Utiliser le Site d\u2019une mani\u00e8re susceptible d\u2019interf\u00e9rer avec, de d\u00e9sactiver, de perturber, de surcharger ou d\u2019alt\u00e9rer de quelque mani\u00e8re que ce soit le Site, par exemple par le biais de logiciels malveillants.<\/li><\/ul>\t\t\t\t\t\t\t\t<\/div>\n\t\t\t\t<\/div>\n\t\t\t\t<\/div>\n\t\t<div class=\"elementor-element elementor-element-ae3b541 e-con-full e-flex e-con e-child\" data-id=\"ae3b541\" data-element_type=\"container\" data-e-type=\"container\">\n\t\t\t\t<div class=\"elementor-element elementor-element-1549e4c elementor-widget elementor-widget-heading\" data-id=\"1549e4c\" data-element_type=\"widget\" data-e-type=\"widget\" data-widget_type=\"heading.default\">\n\t\t\t\t<div class=\"elementor-widget-container\">\n\t\t\t\t\t<h3 class=\"elementor-heading-title elementor-size-default\">2)\tConfidentialit\u00e9<\/h3>\t\t\t\t<\/div>\n\t\t\t\t<\/div>\n\t\t\t\t<div class=\"elementor-element elementor-element-52dffdd elementor-widget elementor-widget-text-editor\" data-id=\"52dffdd\" data-element_type=\"widget\" data-e-type=\"widget\" data-widget_type=\"text-editor.default\">\n\t\t\t\t<div class=\"elementor-widget-container\">\n\t\t\t\t\t\t\t\t\t<p>En savoir plus sur notre <em><u>politique en mati\u00e8re de protection de donn\u00e9es personnelles<\/u><\/em> (ins\u00e9rer lien).<\/p>\t\t\t\t\t\t\t\t<\/div>\n\t\t\t\t<\/div>\n\t\t\t\t<\/div>\n\t\t<div class=\"elementor-element elementor-element-e4382b4 e-con-full e-flex e-con e-child\" data-id=\"e4382b4\" data-element_type=\"container\" data-e-type=\"container\">\n\t\t\t\t<div class=\"elementor-element elementor-element-ac55be3 elementor-widget elementor-widget-heading\" data-id=\"ac55be3\" data-element_type=\"widget\" data-e-type=\"widget\" data-widget_type=\"heading.default\">\n\t\t\t\t<div class=\"elementor-widget-container\">\n\t\t\t\t\t<h3 class=\"elementor-heading-title elementor-size-default\">3)\tModification des CGU<\/h3>\t\t\t\t<\/div>\n\t\t\t\t<\/div>\n\t\t\t\t<div class=\"elementor-element elementor-element-d540ff3 elementor-widget elementor-widget-text-editor\" data-id=\"d540ff3\" data-element_type=\"widget\" data-e-type=\"widget\" data-widget_type=\"text-editor.default\">\n\t\t\t\t<div class=\"elementor-widget-container\">\n\t\t\t\t\t\t\t\t\t<p>Nous nous r\u00e9servons la possibilit\u00e9 d\u2019apporter des modifications aux CGU de temps \u00e0 autre. Si nous apportons des modifications, nous publierons les CGU r\u00e9vis\u00e9es et mettrons \u00e0 jour la date de mise \u00e0 jour en haut de la pr\u00e9sente page.<\/p><p>En continuant \u00e0 acc\u00e9der ou \u00e0 utiliser le Blog \u00e0 compter de la date de mise \u00e0 jour des CGU, vous \u00eates r\u00e9put\u00e9 avoir accept\u00e9 les CGU ainsi r\u00e9vis\u00e9es.<\/p>\t\t\t\t\t\t\t\t<\/div>\n\t\t\t\t<\/div>\n\t\t\t\t<\/div>\n\t\t\t\t<\/div>\n\t\t\t\t\t<\/div>\n\t\t\t\t<\/div>\n\t\t\t\t<\/div>\n\t\t","protected":false},"excerpt":{"rendered":"<p>CGU #nobodytoldme Afin de garantir la meilleure exp\u00e9rience possible, l\u2019utilisation du Site est soumise au respect de certaines r\u00e8gles (les \u00ab Conditions g\u00e9n\u00e9rales d\u2019utilisation\u00a0\u00bb ou \u00ab\u00a0CGU\u00a0\u00bb). En acc\u00e9dant ou en utilisant le Site, vous en acceptez les Conditions g\u00e9n\u00e9rales d\u2019utilisation. #Nobodytoldme (le \u00ab\u00a0Site\u00a0\u00bb) est une safe place pour toutes les femmes qui veulent connaitre la [&hellip;]<\/p>\n","protected":false},"author":1,"featured_media":0,"parent":0,"menu_order":0,"comment_status":"closed","ping_status":"closed","template":"","meta":{"_acf_changed":false,"footnotes":""},"class_list":["post-21","page","type-page","status-publish","hentry"],"acf":[],"_links":{"self":[{"href":"https:\/\/nobodytoldme-blog.com\/de\/fr\/wp-json\/wp\/v2\/pages\/21","targetHints":{"allow":["GET"]}}],"collection":[{"href":"https:\/\/nobodytoldme-blog.com\/de\/fr\/wp-json\/wp\/v2\/pages"}],"about":[{"href":"https:\/\/nobodytoldme-blog.com\/de\/fr\/wp-json\/wp\/v2\/types\/page"}],"author":[{"embeddable":true,"href":"https:\/\/nobodytoldme-blog.com\/de\/fr\/wp-json\/wp\/v2\/users\/1"}],"replies":[{"embeddable":true,"href":"https:\/\/nobodytoldme-blog.com\/de\/fr\/wp-json\/wp\/v2\/comments?post=21"}],"version-history":[{"count":103,"href":"https:\/\/nobodytoldme-blog.com\/de\/fr\/wp-json\/wp\/v2\/pages\/21\/revisions"}],"predecessor-version":[{"id":5231,"href":"https:\/\/nobodytoldme-blog.com\/de\/fr\/wp-json\/wp\/v2\/pages\/21\/revisions\/5231"}],"wp:attachment":[{"href":"https:\/\/nobodytoldme-blog.com\/de\/fr\/wp-json\/wp\/v2\/media?parent=21"}],"curies":[{"name":"wp","href":"https:\/\/api.w.org\/{rel}","templated":true}]}}