{"id":3,"date":"2025-06-17T12:10:22","date_gmt":"2025-06-17T10:10:22","guid":{"rendered":"http:\/\/wixvaam.cluster100.hosting.ovh.net\/de\/?page_id=3"},"modified":"2025-08-26T15:16:33","modified_gmt":"2025-08-26T13:16:33","slug":"politique-de-confidentialite","status":"publish","type":"page","link":"https:\/\/nobodytoldme-blog.com\/de\/fr\/politique-de-confidentialite\/","title":{"rendered":"Politique de confidentialit\u00e9"},"content":{"rendered":"\t\t<div data-elementor-type=\"wp-page\" data-elementor-id=\"3\" class=\"elementor elementor-3\" data-elementor-post-type=\"page\">\n\t\t\t\t<div class=\"elementor-element elementor-element-485c2ff e-flex e-con-boxed e-con e-parent\" data-id=\"485c2ff\" data-element_type=\"container\" data-e-type=\"container\" data-settings=\"{&quot;background_background&quot;:&quot;classic&quot;}\">\n\t\t\t\t\t<div class=\"e-con-inner\">\n\t\t\t\t<div class=\"elementor-element elementor-element-848e94d elementor-widget elementor-widget-heading\" data-id=\"848e94d\" data-element_type=\"widget\" data-e-type=\"widget\" data-widget_type=\"heading.default\">\n\t\t\t\t<div class=\"elementor-widget-container\">\n\t\t\t\t\t<h1 class=\"elementor-heading-title elementor-size-default\">Politique de confidentialit\u00e9<\/h1>\t\t\t\t<\/div>\n\t\t\t\t<\/div>\n\t\t\t\t<div class=\"elementor-element elementor-element-590ee32 elementor-widget elementor-widget-text-editor\" data-id=\"590ee32\" data-element_type=\"widget\" data-e-type=\"widget\" data-widget_type=\"text-editor.default\">\n\t\t\t\t<div class=\"elementor-widget-container\">\n\t\t\t\t\t\t\t\t\t<p>Derni\u00e8re m\u00e0j\u00a0: 13\/08\/2025<\/p>\t\t\t\t\t\t\t\t<\/div>\n\t\t\t\t<\/div>\n\t\t\t\t<div class=\"elementor-element elementor-element-0f5e10b elementor-widget elementor-widget-text-editor\" data-id=\"0f5e10b\" data-element_type=\"widget\" data-e-type=\"widget\" data-widget_type=\"text-editor.default\">\n\t\t\t\t<div class=\"elementor-widget-container\">\n\t\t\t\t\t\t\t\t\t<p>Dans le cadre de votre utilisation du Site, nous pouvons \u00eatre amen\u00e9s \u00e0 collecter des donn\u00e9es personnelles vous concernant.<\/p>\n<p>A ce titre, le responsable de traitement est la soci\u00e9t\u00e9 Babymoov Group SAS (\u00ab Babymoov \u00bb ou \u00ab nous \u00bb) repr\u00e9sent\u00e9e par M. Pierre MAGRO.<\/p>\n<p>Vous pouvez nous contacter via l\u2019adresse e-mail <a href=\"mailto:rgpd@babymoov.com\">rgpd@babymoov.com<\/a> ou en envoyant un courrier \u00e0 l\u2019adresse suivante\u00a0: 16 rue Jacqueline Auriol, 63100, Clermont-Ferrand, France.<\/p>\t\t\t\t\t\t\t\t<\/div>\n\t\t\t\t<\/div>\n\t\t<div class=\"elementor-element elementor-element-77e35b5 e-con-full e-flex e-con e-child\" data-id=\"77e35b5\" data-element_type=\"container\" data-e-type=\"container\">\n\t\t\t\t<div class=\"elementor-element elementor-element-84667d5 elementor-widget elementor-widget-heading\" data-id=\"84667d5\" data-element_type=\"widget\" data-e-type=\"widget\" data-widget_type=\"heading.default\">\n\t\t\t\t<div class=\"elementor-widget-container\">\n\t\t\t\t\t<h2 class=\"elementor-heading-title elementor-size-default\">1.\tQuelles sont les donn\u00e9es personnelles que nous collectons ?<\/h2>\t\t\t\t<\/div>\n\t\t\t\t<\/div>\n\t\t\t\t<div class=\"elementor-element elementor-element-84f078e elementor-widget elementor-widget-text-editor\" data-id=\"84f078e\" data-element_type=\"widget\" data-e-type=\"widget\" data-widget_type=\"text-editor.default\">\n\t\t\t\t<div class=\"elementor-widget-container\">\n\t\t\t\t\t\t\t\t\t<p>Lorsque vous utilisez le Site, nous sommes susceptibles de collecter les donn\u00e9es personnelles suivantes :<\/p>\t\t\t\t\t\t\t\t<\/div>\n\t\t\t\t<\/div>\n\t\t\t\t<div class=\"elementor-element elementor-element-4d9c56e elementor-widget elementor-widget-html\" data-id=\"4d9c56e\" data-element_type=\"widget\" data-e-type=\"widget\" data-widget_type=\"html.default\">\n\t\t\t\t<div class=\"elementor-widget-container\">\n\t\t\t\t\t<style>\r\n.table-container {\r\n    width: 100%;\r\n    overflow-x: auto; \r\n    -webkit-overflow-scrolling: touch;\r\n  }\r\n.table-container::-webkit-scrollbar {\r\n  height: 10px;\r\n}\r\n\r\n.table-container::-webkit-scrollbar-track {\r\n  background: #ffddd4; \r\n}\r\n\r\n.table-container::-webkit-scrollbar-thumb {\r\n  background-color: #EB735B;\r\n  border-radius: 10px;\r\n  border: 2px solid #ffddd4;\r\n}\r\n\r\n.table-container {\r\n  scrollbar-width: thin;          \r\n  scrollbar-color: #EB735B #ffddd4;\r\n}\r\n  table {\r\n    width: 100%;\r\n    border-collapse: collapse;\r\n    font-family: Arial, sans-serif;\r\n  }\r\n\r\n  th, td {\r\n    border: 2px solid #EB735B;\r\n    padding: 10px;\r\n    text-align: center;\r\n    color: #ffffff; \r\n  }\r\n\r\n  thead th {\r\n    background-color: #EB735B;\r\n    font-weight: bold;\r\n  }\r\n\r\n  tbody tr:nth-child(even) {\r\n    background-color: #EB735B; \r\n  }\r\n\r\n  tbody tr:nth-child(odd) {\r\n    background-color: #ff9c85; \r\n  }\r\n<\/style>\r\n<div class=\"table-container\">\r\n<table>\r\n  <thead>\r\n    <tr>\r\n      <th>Donn\u00e9es collect\u00e9es<\/th>\r\n      <th>Finalit\u00e9s<\/th>\r\n      <th>Bases l\u00e9gales<\/th>\r\n      <th>Destinataires<\/th>\r\n      <th>Dur\u00e9e de conservation<\/th>\r\n    <\/tr>\r\n  <\/thead>\r\n  <tbody>\r\n    <tr>\r\n      <td>Adresse e-mail, pseudonyme<\/td>\r\n      <td>Cr\u00e9ation d\u2019un Compte pour publier sur le Forum<\/td>\r\n      <td>L\u2019int\u00e9r\u00eat l\u00e9gitime de Babymoov Group<\/td>\r\n      <td>Service Branding \/ E-commerce. <\/td>\r\n      <td>Adresse e-mail, pseudonyme\tCr\u00e9ation d\u2019un Compte pour publier sur le Forum\tL\u2019int\u00e9r\u00eat l\u00e9gitime de Babymoov Group\tService Branding \/ E-commerce. \tVos donn\u00e9es seront supprim\u00e9es \u00e0 la suppression du Compte<\/td>\r\n    <\/tr>\r\n    <tr>\r\n      <td>Age, nombre d\u2019enfants, \u00e2ge des enfants, statut de grossesse, centres d\u2019int\u00e9r\u00eat <\/td>\r\n      <td>Saisie du formulaire de profil pour que les Utilisateurs puissent mieux se connaitre s\u2019ils le souhaitent<\/td>\r\n      <td>Votre consentement<\/td>\r\n      <td>Service Branding \/ E-commerce. <\/td>\r\n      <td>Vos donn\u00e9es seront supprim\u00e9es \u00e0 la suppression du Compte<\/td>\r\n    <\/tr>\r\n    <tr>\r\n      <td>Cookies fonctionnels strictement n\u00e9cessaires<\/td>\r\n      <td>Navigation optimale pour l\u2019utilisateur du site<\/td>\r\n      <td>Cookies fonctionnels strictement n\u00e9cessaires\tNavigation optimale pour l\u2019utilisateur du site\tL\u2019int\u00e9r\u00eat l\u00e9gitime de Babymoov Group\t?\t?<\/td>\r\n      <td>...<\/td>\r\n      <td>...<\/td>\r\n    <\/tr>\r\n    <tr>\r\n      <td>Cookies de publicit\u00e9<\/td>\r\n      <td>Permettre une offre publicitaire pertinente et adapt\u00e9e<\/td>\r\n      <td>Votre consentement<\/td>\r\n      <td>...<\/td>\r\n      <td>...<\/td>\r\n    <\/tr>\r\n    <tr>\r\n      <td>Cookies de r\u00e9seaux sociaux<\/td>\r\n      <td>Permettre de partager le contenu du site sur les r\u00e9seaux sociaux<\/td>\r\n      <td>L\u2019int\u00e9r\u00eat l\u00e9gitime de Babymoov Group<\/td>\r\n      <td>...<\/td>\r\n      <td>...<\/td>\r\n    <\/tr>\r\n\r\n  <\/tbody>\r\n<\/table>\r\n<\/div>\r\n\t\t\t\t<\/div>\n\t\t\t\t<\/div>\n\t\t\t\t<\/div>\n\t\t<div class=\"elementor-element elementor-element-6382a77 e-con-full e-flex e-con e-child\" data-id=\"6382a77\" data-element_type=\"container\" data-e-type=\"container\">\n\t\t\t\t<div class=\"elementor-element elementor-element-17bbbe2 elementor-widget elementor-widget-heading\" data-id=\"17bbbe2\" data-element_type=\"widget\" data-e-type=\"widget\" data-widget_type=\"heading.default\">\n\t\t\t\t<div class=\"elementor-widget-container\">\n\t\t\t\t\t<h2 class=\"elementor-heading-title elementor-size-default\">2.\tQuels sont vos droits et comment les exercer ?<\/h2>\t\t\t\t<\/div>\n\t\t\t\t<\/div>\n\t\t\t\t<div class=\"elementor-element elementor-element-1f2a48d elementor-widget elementor-widget-text-editor\" data-id=\"1f2a48d\" data-element_type=\"widget\" data-e-type=\"widget\" data-widget_type=\"text-editor.default\">\n\t\t\t\t<div class=\"elementor-widget-container\">\n\t\t\t\t\t\t\t\t\t<p>Nous avons list\u00e9 ci-dessous les droits dont vous disposez concernant le traitement de vos donn\u00e9es personnelles :<\/p><ul><li><strong>Droit d\u2019information :<\/strong>\u00a0vous \u00eates inform\u00e9s sur la mani\u00e8re dont nous traitons vos donn\u00e9es personnelles y compris notre identit\u00e9, la finalit\u00e9 du traitement ainsi que sa base l\u00e9gale. La politique de donn\u00e9es personnelles regroupe toutes les informations dont nous sommes redevables quant au traitement de vos donn\u00e9es personnelles.<\/li><li><strong>Droit d\u2019opposition :<\/strong> vous pouvez \u00e0 tout moment vous opposer au traitement de vos donn\u00e9es personnelles pour des raisons tenant \u00e0 votre situation particuli\u00e8re lorsque le traitement est fond\u00e9 sur l\u2019int\u00e9r\u00eat l\u00e9gitime.<\/li><li><strong>Droit d\u2019acc\u00e8s :<\/strong>\u00a0vous pouvez nous demander d\u2019acc\u00e9der \u00e0 l\u2019ensemble des donn\u00e9es que nous avons collect\u00e9es \u00e0 votre sujet. Cela vous permet de prendre connaissance du traitement et d\u2019en v\u00e9rifier la lic\u00e9it\u00e9.<\/li><li><strong>Droit de rectification :<\/strong>\u00a0vous pouvez obtenir la rectification (correction, mise \u00e0 jour) de vos donn\u00e9es. Cela peut \u00eatre le cas, notamment, si les informations dont nous disposons sont inexactes ou incompl\u00e8tes.<\/li><li><strong>Droit \u00e0 l\u2019oubli :\u00a0<\/strong>vous \u00eates autoris\u00e9s \u00e0 obtenir l\u2019effacement de vos donn\u00e9es dans les meilleurs d\u00e9lais, lorsque les donn\u00e9es ne sont plus n\u00e9cessaires au regard des finalit\u00e9s pour lesquelles elles ont \u00e9t\u00e9 collect\u00e9es, ou lorsque vous retirez le consentement sur lequel est fond\u00e9 la collecte.<\/li><li><strong>Droit \u00e0 la portabilit\u00e9 des informations :<\/strong>\u00a0vous pouvez recevoir toutes les donn\u00e9es personnelles dont nous disposons \u00e0 votre sujet et les remettre \u00e0 un autre responsable de traitement.<\/li><li><strong>Droit \u00e0 la limitation du traitement\u00a0<\/strong>: vous avez le droit d\u2019obtenir la limitation du traitement lorsque, notamment, vous contestez l\u2019exactitude vos informations.<\/li><li><strong>Droit de d\u00e9cider du sort de vos donn\u00e9es apr\u00e8s votre d\u00e9c\u00e8s<\/strong>\u00a0: vous pouvez nous communiquer ce que vous souhaitez que nous fassions de vos donn\u00e9es personnelles apr\u00e8s votre d\u00e9c\u00e8s.<\/li><\/ul><p>Pour exercer ces droits, vous pouvez nous contacter via l\u2019adresse e-mail <a href=\"mailto:rgpd@babymoov.com\">rgpd@babymoov.com<\/a> ou en envoyant un courrier \u00e0 l\u2019adresse suivante\u00a0: BABYMOOV GROUP, Service juridique, 16 rue Jacqueline Auriol, 63100, Clermont-Ferrand, France.<\/p><p>Pour plus d\u2019informations sur vos droits, nous vous recommandons de vous rendre sur le site web de la CNIL en suivant ce lien <a href=\"https:\/\/www.cnil.fr\/\">https:\/\/www.cnil.fr\/<\/a>.<\/p><p>Vous pouvez \u00e0 tout moment adresser une r\u00e9clamation aupr\u00e8s de la CNIL si vous estimez ne pas parvenir \u00e0 exercer vos droits, ou si vous souhaitez signaler une atteinte aux r\u00e8gles de protection des donn\u00e9es personnelles.<\/p>\t\t\t\t\t\t\t\t<\/div>\n\t\t\t\t<\/div>\n\t\t\t\t<\/div>\n\t\t<div class=\"elementor-element elementor-element-067c168 e-con-full e-flex e-con e-child\" data-id=\"067c168\" data-element_type=\"container\" data-e-type=\"container\">\n\t\t\t\t<div class=\"elementor-element elementor-element-a81bcaf elementor-widget elementor-widget-heading\" data-id=\"a81bcaf\" data-element_type=\"widget\" data-e-type=\"widget\" data-widget_type=\"heading.default\">\n\t\t\t\t<div class=\"elementor-widget-container\">\n\t\t\t\t\t<h2 class=\"elementor-heading-title elementor-size-default\">3.\tS\u00e9curit\u00e9 et confidentialit\u00e9 des donn\u00e9es<\/h2>\t\t\t\t<\/div>\n\t\t\t\t<\/div>\n\t\t\t\t<div class=\"elementor-element elementor-element-61192f9 elementor-widget elementor-widget-text-editor\" data-id=\"61192f9\" data-element_type=\"widget\" data-e-type=\"widget\" data-widget_type=\"text-editor.default\">\n\t\t\t\t<div class=\"elementor-widget-container\">\n\t\t\t\t\t\t\t\t\t<p>Babymoov attache une grande importance \u00e0 la protection de vos donn\u00e9es personnelles. L\u2019ensemble des donn\u00e9es personnelles que nous collectons sont stock\u00e9es sur des serveurs s\u00e9curis\u00e9s.<\/p><p>Nous prenons des mesures efficaces et appropri\u00e9es pour assurer la s\u00e9curit\u00e9 et la confidentialit\u00e9 de vos donn\u00e9es contre la perte, le vol, la destruction, l\u2019utilisation abusive, l\u2019acc\u00e8s non autoris\u00e9, la divulgation et la modification.<\/p><p>Babymoov veille \u00e9galement au respect de la protection de vos donn\u00e9es avec les tiers et ce, en les obligeant contractuellement.<\/p>\t\t\t\t\t\t\t\t<\/div>\n\t\t\t\t<\/div>\n\t\t\t\t<\/div>\n\t\t<div class=\"elementor-element elementor-element-1ddf7d0 e-con-full e-flex e-con e-child\" data-id=\"1ddf7d0\" data-element_type=\"container\" data-e-type=\"container\">\n\t\t\t\t<div class=\"elementor-element elementor-element-3600157 elementor-widget elementor-widget-heading\" data-id=\"3600157\" data-element_type=\"widget\" data-e-type=\"widget\" data-widget_type=\"heading.default\">\n\t\t\t\t<div class=\"elementor-widget-container\">\n\t\t\t\t\t<h2 class=\"elementor-heading-title elementor-size-default\">4.\tCookies<\/h2>\t\t\t\t<\/div>\n\t\t\t\t<\/div>\n\t\t\t\t<div class=\"elementor-element elementor-element-830e615 elementor-widget elementor-widget-text-editor\" data-id=\"830e615\" data-element_type=\"widget\" data-e-type=\"widget\" data-widget_type=\"text-editor.default\">\n\t\t\t\t<div class=\"elementor-widget-container\">\n\t\t\t\t\t\t\t\t\t<p>Lors de la navigation sur notre site, des Cookies peuvent \u00eatre utilis\u00e9s pour assurer la navigation du visiteur sur le site.<\/p><p>Un Cookie est un petit fichier informatique stock\u00e9 par un serveur dans le terminal (ordinateur, t\u00e9l\u00e9phone, etc) d\u2019un utilisateur et associ\u00e9 \u00e0 un nom de domaine web.<\/p><p>Ce fichier comprend des informations telles que le fournisseur d\u2019acc\u00e8s internet de l\u2019utilisateur, le syst\u00e8me d\u2019exploitation de l\u2019utilisateur, ainsi que la date et l\u2019heure d\u2019acc\u00e8s.<\/p><p>Les Cookies nous permettent, pendant leur dur\u00e9e de validit\u00e9, de reconnaitre votre terminal \u00e0 chaque fois qu\u2019il acc\u00e8de \u00e0 un contenu num\u00e9rique comportant des cookies du m\u00eame \u00e9metteur afin de sauvegarder les pages consult\u00e9es et les recherches effectu\u00e9es.<\/p><p>Conform\u00e9ment aux articles 5(3) de la directive 2002\/58\/CE et de l\u2019article 82 de la loi Informatique et Libert\u00e9s, nous recueillons votre consentement pr\u00e9alable avant le stockage d\u2019informations sur votre terminal ou l\u2019acc\u00e8s \u00e0 des informations d\u00e9j\u00e0 stock\u00e9es sur celui-ci.<\/p>\t\t\t\t\t\t\t\t<\/div>\n\t\t\t\t<\/div>\n\t\t<div class=\"elementor-element elementor-element-e8f8877 e-con-full e-flex e-con e-child\" data-id=\"e8f8877\" data-element_type=\"container\" data-e-type=\"container\">\n\t\t\t\t<div class=\"elementor-element elementor-element-86ae6fb elementor-widget elementor-widget-heading\" data-id=\"86ae6fb\" data-element_type=\"widget\" data-e-type=\"widget\" data-widget_type=\"heading.default\">\n\t\t\t\t<div class=\"elementor-widget-container\">\n\t\t\t\t\t<h3 class=\"elementor-heading-title elementor-size-default\">1)\tParam\u00e9trage et consentement <\/h3>\t\t\t\t<\/div>\n\t\t\t\t<\/div>\n\t\t\t\t<div class=\"elementor-element elementor-element-f838a92 elementor-widget elementor-widget-text-editor\" data-id=\"f838a92\" data-element_type=\"widget\" data-e-type=\"widget\" data-widget_type=\"text-editor.default\">\n\t\t\t\t<div class=\"elementor-widget-container\">\n\t\t\t\t\t\t\t\t\t<p>L\u2019utilisateur peut \u00e0 tout moment revenir sur sa d\u00e9cision et sur ses pr\u00e9f\u00e9rences de cookies s\u00e9lectionn\u00e9s.<\/p><p>Pour cela, l\u2019Utilisateur peut configurer son navigateur pour qu\u2019il lui permette de d\u00e9cider s\u2019il souhaite ou non les accepter de mani\u00e8re \u00e0 ce que des Cookies soient enregistr\u00e9s dans le terminal ou, au contraire, qu\u2019ils soient rejet\u00e9s, soit syst\u00e9matiquement, soit selon leur \u00e9metteur. L\u2019Utilisateur peut \u00e9galement configurer son logiciel de navigation de mani\u00e8re \u00e0 ce que l\u2019acceptation ou le refus des Cookies lui soient propos\u00e9s ponctuellement, avant qu\u2019un Cookie soit susceptible d\u2019\u00eatre enregistr\u00e9 dans son terminal. Dans ce cas, Babymoov informe l\u2019Utilisateur qu\u2019il se peut que les fonctionnalit\u00e9s de son logiciel de navigation ne soient pas toutes disponibles. La configuration de chaque navigateur est diff\u00e9rente, nous vous conseillons de consulter le menu d\u2019aide du navigateur.<\/p>\t\t\t\t\t\t\t\t<\/div>\n\t\t\t\t<\/div>\n\t\t\t\t<\/div>\n\t\t<div class=\"elementor-element elementor-element-b49844d e-con-full e-flex e-con e-child\" data-id=\"b49844d\" data-element_type=\"container\" data-e-type=\"container\">\n\t\t\t\t<div class=\"elementor-element elementor-element-286f982 elementor-widget elementor-widget-heading\" data-id=\"286f982\" data-element_type=\"widget\" data-e-type=\"widget\" data-widget_type=\"heading.default\">\n\t\t\t\t<div class=\"elementor-widget-container\">\n\t\t\t\t\t<h3 class=\"elementor-heading-title elementor-size-default\">2)\tGestion des Cookies<\/h3>\t\t\t\t<\/div>\n\t\t\t\t<\/div>\n\t\t\t\t<div class=\"elementor-element elementor-element-0f64892 elementor-widget elementor-widget-text-editor\" data-id=\"0f64892\" data-element_type=\"widget\" data-e-type=\"widget\" data-widget_type=\"text-editor.default\">\n\t\t\t\t<div class=\"elementor-widget-container\">\n\t\t\t\t\t\t\t\t\t<p>L\u2019utilisateur peut \u00e9galement modifier \u00e0 tout moment ses souhaits en mati\u00e8re de Cookies.<\/p><p>Il est possible via votre navigateur de contr\u00f4ler et\/ou supprimer les cookies via les param\u00e8tres qui vous permettent d\u2019adapter votre consentement \u00e0 l\u2019utilisation des cookies. Pour en savoir veuillez-vous reporter \u00e0 la documentation de votre navigateur relative \u00e0 cette gestion.<\/p><p>Il est \u00e9galement possible de g\u00e9rer vos cookies directement sur notre site internet.<\/p>\t\t\t\t\t\t\t\t<\/div>\n\t\t\t\t<\/div>\n\t\t\t\t<\/div>\n\t\t<div class=\"elementor-element elementor-element-463d827 e-con-full e-flex e-con e-child\" data-id=\"463d827\" data-element_type=\"container\" data-e-type=\"container\">\n\t\t\t\t<div class=\"elementor-element elementor-element-e59aebc elementor-widget elementor-widget-heading\" data-id=\"e59aebc\" data-element_type=\"widget\" data-e-type=\"widget\" data-widget_type=\"heading.default\">\n\t\t\t\t<div class=\"elementor-widget-container\">\n\t\t\t\t\t<h3 class=\"elementor-heading-title elementor-size-default\">3)\tCookies utilis\u00e9s sur le Site<\/h3>\t\t\t\t<\/div>\n\t\t\t\t<\/div>\n\t\t\t\t<div class=\"elementor-element elementor-element-b991f03 elementor-widget elementor-widget-text-editor\" data-id=\"b991f03\" data-element_type=\"widget\" data-e-type=\"widget\" data-widget_type=\"text-editor.default\">\n\t\t\t\t<div class=\"elementor-widget-container\">\n\t\t\t\t\t\t\t\t\t<p>Nous utilisons diff\u00e9rents types de cookies r\u00e9pondant chacun \u00e0 une finalit\u00e9 particuli\u00e8re.<\/p><ul><li><strong>Cookies fonctionnels strictement n\u00e9cessaires<\/strong><\/li><\/ul><p>Certains cookies sont exempt\u00e9s du recueil du consentement lorsqu\u2019ils ont pour finalit\u00e9 exclusive de permettre ou faciliter la communication par voie \u00e9lectronique ou qu\u2019ils sont strictement n\u00e9cessaires \u00e0 la fourniture d\u2019un service de communication en ligne \u00e0 la demande expresse des utilisateurs.<\/p><p>Parmi eux, il y a ceux qui permettent l\u2019identification des terminaux pour acheminer la communication, num\u00e9roter les donn\u00e9es pour les acheminer dans l\u2019ordre voulu, d\u00e9tecter les erreurs de transmission afin de pouvoir les am\u00e9liorer. Ces cookies permettent \u00e9galement de garder en m\u00e9moire le contenu d\u2019un panier, de personnaliser l\u2019interface (choix de la langue). Ces cookies assurent l\u2019authentification \u00e0 un service par exemple la connexion \u00e0 votre espace client et la conservation du choix exprim\u00e9 par les utilisateurs concernant vos pr\u00e9f\u00e9rences en mati\u00e8re de d\u00e9p\u00f4t et lecture de cookies.<\/p><p>L\u2019utilisateur peut supprimer l\u2019enregistrement de ces cookies dans son terminal ou son navigateur.<\/p><p>A d\u00e9faut, l\u2019utilisateur sera inform\u00e9 que sa navigation et son exp\u00e9rience sur le site peuvent \u00eatre limit\u00e9es. Cela pourrait \u00eatre le cas lorsque nous ou l\u2019un de nos prestataires ne peut pas reconna\u00eetre, \u00e0 des fins de compatibilit\u00e9 technique, le type de navigateur utilis\u00e9 par le terminal, les param\u00e8tres de langue et d\u2019affichage ou le pays depuis lequel le terminal semble connect\u00e9 \u00e0 internet.<\/p><p>Nous d\u00e9clinons toute responsabilit\u00e9 pour les cons\u00e9quences li\u00e9es au fonctionnement d\u00e9grad\u00e9 du site et des services \u00e9ventuellement propos\u00e9s r\u00e9sultant du refus des Cookies par l\u2019utilisateur.<\/p><ul><li><strong>Cookies de performance<\/strong><\/li><\/ul><p>Ces cookies ont plusieurs finalit\u00e9s avec comme mission principales d\u2019am\u00e9liorer et de personnaliser les fonctionnalit\u00e9s de notre site web. Pour cela, ils n\u00e9cessitent le recueil de votre consentement pr\u00e9alablement au d\u00e9p\u00f4t ou \u00e0 la lecture de ces derniers.<\/p><p>Parmi leurs fonctionnalit\u00e9s, il y a personnalisation de l\u2019interface utilisateur avec la gestion de votre s\u00e9lection de produits consult\u00e9s et des produits qui sont susceptibles de vous plaire.<\/p><p>Par ailleurs, ces cookies permettent de mesurer l\u2019audience du site afin de d\u00e9terminer le nombre de visiteurs, les rubriques visit\u00e9es, etc. dans l\u2019unique objectif d\u2019\u00e9tablir des statistiques d\u2019audience et de constituer des profils de futurs prospects pour am\u00e9liorer les services propos\u00e9s \u00e0 partir de ces donn\u00e9es.<\/p><p>En cas de refus, cela n\u2019aura aucune cons\u00e9quence sur l\u2019utilisation et la navigation de notre site.<\/p><ul><li><strong>Cookies de publicit\u00e9<\/strong><\/li><\/ul><p>Ces cookies permettent une offre publicitaire plus pertinente et adapt\u00e9e \u00e0 vos centres d&#8217;int\u00e9r\u00eats \u00e0 la condition que vous ayez pr\u00e9alablement donn\u00e9 votre consentement au d\u00e9p\u00f4t ou \u00e0 la lecture de ces derniers.<\/p><p>Ils ont pour finalit\u00e9s d\u2019afficher de la publicit\u00e9 parfois personnalis\u00e9e (ciblage remarketing) et parfois non personnalis\u00e9e (affichage sans distinction \u00e0 tous les utilisateurs du site), de mesurer des cibles qui seront plus sensibles \u00e0 la publicit\u00e9, de comprendre l\u2019audience mais aussi d\u2019adapter les publicit\u00e9s en fonction du pays de connexion.<\/p><p>Pour offrir ces fonctionnalit\u00e9s de publicit\u00e9 sur son site, nous faisons appel aux services technologiques de partenaires tels que Google Ads et Social Ads qui, par association des donn\u00e9es de navigation de votre terminal sur le site avec les donn\u00e9es que vous aurez fournies, vont personnaliser les contenus publicitaires.<\/p><p>Ces cookies sont g\u00e9r\u00e9s par Google. Seul l\u2019\u00e9metteur d&#8217;un cookie peut lire ou modifier les informations de ce cookie. Lorsque nous transmettons \u00e0 nos sites partenaires des informations en lien avec votre navigation sur le Site, la soci\u00e9t\u00e9 veille au respect de la confidentialit\u00e9 de vos donn\u00e9es.<\/p><p>Le refus de ces cookies publicitaires n&#8217;a pas d&#8217;impact sur l&#8217;utilisation du site. Il aura simplement pour cons\u00e9quence l\u2019arr\u00eat de diffusion de publicit\u00e9 sur le site.<\/p><ul><li><strong>Cookies de r\u00e9seaux sociaux<\/strong><\/li><\/ul><p>Sur notre site, il existe des applications qui vous permettent de faire conna\u00eetre ou bien de partager nos contenus aupr\u00e8s d\u2019autres personnes, c\u2019est notamment le cas des r\u00e9seaux sociaux.<\/p><p>En cliquant sur les ic\u00f4nes d\u00e9di\u00e9es aux r\u00e9seaux sociaux Instagram, Facebook, Pinterest et LinkedIn figurant sur le site et si vous acceptez le d\u00e9p\u00f4t de Cookies en poursuivant votre navigation sur le site internet, les r\u00e9seaux sociaux susmentionn\u00e9s peuvent \u00e9galement d\u00e9poser des Cookies sur vos terminaux.<\/p><p>Cependant, m\u00eame si vous n\u2019avez pas utilis\u00e9 ces boutons de partage ou applications, il est possible que les r\u00e9seaux sociaux suivent votre navigation si votre compte ou session est activ\u00e9e sur votre appareil \u00e0 ce moment-l\u00e0. Nous vous conseillons de vous renseigner sur les modalit\u00e9s et politiques de protection des donn\u00e9es personnelles et de cookies de ces r\u00e9seaux sociaux.<\/p>\t\t\t\t\t\t\t\t<\/div>\n\t\t\t\t<\/div>\n\t\t\t\t<\/div>\n\t\t\t\t<\/div>\n\t\t\t\t\t<\/div>\n\t\t\t\t<\/div>\n\t\t\t\t<\/div>\n\t\t","protected":false},"excerpt":{"rendered":"<p>Politique de confidentialit\u00e9 Derni\u00e8re m\u00e0j\u00a0: 13\/08\/2025 Dans le cadre de votre utilisation du Site, nous pouvons \u00eatre amen\u00e9s \u00e0 collecter des donn\u00e9es personnelles vous concernant. A ce titre, le responsable de traitement est la soci\u00e9t\u00e9 Babymoov Group SAS (\u00ab Babymoov \u00bb ou \u00ab nous \u00bb) repr\u00e9sent\u00e9e par M. Pierre MAGRO. Vous pouvez nous contacter via [&hellip;]<\/p>\n","protected":false},"author":1,"featured_media":0,"parent":0,"menu_order":0,"comment_status":"closed","ping_status":"open","template":"","meta":{"_acf_changed":false,"footnotes":""},"class_list":["post-3","page","type-page","status-publish","hentry"],"acf":[],"_links":{"self":[{"href":"https:\/\/nobodytoldme-blog.com\/de\/fr\/wp-json\/wp\/v2\/pages\/3","targetHints":{"allow":["GET"]}}],"collection":[{"href":"https:\/\/nobodytoldme-blog.com\/de\/fr\/wp-json\/wp\/v2\/pages"}],"about":[{"href":"https:\/\/nobodytoldme-blog.com\/de\/fr\/wp-json\/wp\/v2\/types\/page"}],"author":[{"embeddable":true,"href":"https:\/\/nobodytoldme-blog.com\/de\/fr\/wp-json\/wp\/v2\/users\/1"}],"replies":[{"embeddable":true,"href":"https:\/\/nobodytoldme-blog.com\/de\/fr\/wp-json\/wp\/v2\/comments?post=3"}],"version-history":[{"count":114,"href":"https:\/\/nobodytoldme-blog.com\/de\/fr\/wp-json\/wp\/v2\/pages\/3\/revisions"}],"predecessor-version":[{"id":5228,"href":"https:\/\/nobodytoldme-blog.com\/de\/fr\/wp-json\/wp\/v2\/pages\/3\/revisions\/5228"}],"wp:attachment":[{"href":"https:\/\/nobodytoldme-blog.com\/de\/fr\/wp-json\/wp\/v2\/media?parent=3"}],"curies":[{"name":"wp","href":"https:\/\/api.w.org\/{rel}","templated":true}]}}