{"id":6007,"date":"2025-10-27T11:01:22","date_gmt":"2025-10-27T10:01:22","guid":{"rendered":"http:\/\/wixvaam.cluster100.hosting.ovh.net\/de\/?page_id=6007"},"modified":"2025-10-27T13:54:03","modified_gmt":"2025-10-27T12:54:03","slug":"partenaires","status":"publish","type":"page","link":"https:\/\/nobodytoldme-blog.com\/de\/fr\/partenaires\/","title":{"rendered":"Partenaires"},"content":{"rendered":"\t\t<div data-elementor-type=\"wp-page\" data-elementor-id=\"6007\" class=\"elementor elementor-6007\" data-elementor-post-type=\"page\">\n\t\t\t\t<div class=\"elementor-element elementor-element-c4bc084 e-flex e-con-boxed e-con e-parent\" data-id=\"c4bc084\" data-element_type=\"container\" data-e-type=\"container\" data-settings=\"{&quot;background_background&quot;:&quot;classic&quot;}\">\n\t\t\t\t\t<div class=\"e-con-inner\">\n\t\t\t\t\t<\/div>\n\t\t\t\t<\/div>\n\t\t<div class=\"elementor-element elementor-element-6198648 e-flex e-con-boxed e-con e-parent\" data-id=\"6198648\" data-element_type=\"container\" data-e-type=\"container\" data-settings=\"{&quot;background_background&quot;:&quot;classic&quot;}\">\n\t\t\t\t\t<div class=\"e-con-inner\">\n\t\t<div class=\"elementor-element elementor-element-28ccbeb e-con-full e-flex e-con e-child\" data-id=\"28ccbeb\" data-element_type=\"container\" data-e-type=\"container\">\n\t\t\t\t<div class=\"elementor-element elementor-element-0ca06cd elementor-widget elementor-widget-heading\" data-id=\"0ca06cd\" data-element_type=\"widget\" data-e-type=\"widget\" data-widget_type=\"heading.default\">\n\t\t\t\t<div class=\"elementor-widget-container\">\n\t\t\t\t\t<h1 class=\"elementor-heading-title elementor-size-default\">NOS PARTENAIRES<\/h1>\t\t\t\t<\/div>\n\t\t\t\t<\/div>\n\t\t\t\t<div class=\"elementor-element elementor-element-7400c8f elementor-widget__width-initial elementor-widget elementor-widget-text-editor\" data-id=\"7400c8f\" data-element_type=\"widget\" data-e-type=\"widget\" data-widget_type=\"text-editor.default\">\n\t\t\t\t<div class=\"elementor-widget-container\">\n\t\t\t\t\t\t\t\t\t<p>Parce que chaque belle aventure se construit \u00e0 plusieurs, d\u00e9couvrez nos partenaires engag\u00e9s \u00e0 nos c\u00f4t\u00e9s, experts, cr\u00e9ateurs et passionn\u00e9s qui partagent nos valeurs.<\/p>\t\t\t\t\t\t\t\t<\/div>\n\t\t\t\t<\/div>\n\t\t\t\t<\/div>\n\t\t\t\t<div class=\"elementor-element elementor-element-57b3c27 elementor-pagination-type-bullets elementor-arrows-position-inside elementor-pagination-position-outside elementor-widget elementor-widget-n-carousel\" data-id=\"57b3c27\" data-element_type=\"widget\" data-e-type=\"widget\" data-settings=\"{&quot;carousel_items&quot;:[{&quot;slide_title&quot;:&quot;doomoo \\\/ shinncare&quot;,&quot;_id&quot;:&quot;d3c7fd4&quot;},{&quot;slide_title&quot;:&quot;Centre perinatal&quot;,&quot;_id&quot;:&quot;8a14f25&quot;},{&quot;slide_title&quot;:&quot;Odace podcast&quot;,&quot;_id&quot;:&quot;6f4d086&quot;}],&quot;slides_to_show&quot;:&quot;1&quot;,&quot;slides_to_show_tablet&quot;:&quot;2&quot;,&quot;slides_to_show_mobile&quot;:&quot;1&quot;,&quot;infinite&quot;:&quot;yes&quot;,&quot;speed&quot;:500,&quot;offset_sides&quot;:&quot;none&quot;,&quot;arrows&quot;:&quot;yes&quot;,&quot;pagination&quot;:&quot;bullets&quot;,&quot;image_spacing_custom&quot;:{&quot;unit&quot;:&quot;px&quot;,&quot;size&quot;:10,&quot;sizes&quot;:[]},&quot;image_spacing_custom_laptop&quot;:{&quot;unit&quot;:&quot;px&quot;,&quot;size&quot;:&quot;&quot;,&quot;sizes&quot;:[]},&quot;image_spacing_custom_tablet&quot;:{&quot;unit&quot;:&quot;px&quot;,&quot;size&quot;:&quot;&quot;,&quot;sizes&quot;:[]},&quot;image_spacing_custom_mobile&quot;:{&quot;unit&quot;:&quot;px&quot;,&quot;size&quot;:&quot;&quot;,&quot;sizes&quot;:[]}}\" data-widget_type=\"nested-carousel.default\">\n\t\t\t\t<div class=\"elementor-widget-container\">\n\t\t\t\t\t\t\t<div class=\"e-n-carousel swiper\" role=\"region\" aria-roledescription=\"carousel\" aria-label=\"Partenaires\" dir=\"ltr\">\n\t\t\t<div class=\"swiper-wrapper\" aria-live=\"polite\">\n\t\t\t\t\t\t\t\t\t\t<div class=\"swiper-slide\" data-slide=\"1\" role=\"group\" aria-roledescription=\"slide\" aria-label=\"1 sur 3\">\n\t\t\t\t\t\t\t<div class=\"elementor-element elementor-element-8151aaa e-flex e-con-boxed e-con e-child\" data-id=\"8151aaa\" data-element_type=\"container\" data-e-type=\"container\">\n\t\t\t\t\t<div class=\"e-con-inner\">\n\t\t\t\t<div class=\"elementor-element elementor-element-7436568 elementor-widget elementor-widget-image\" data-id=\"7436568\" data-element_type=\"widget\" data-e-type=\"widget\" data-widget_type=\"image.default\">\n\t\t\t\t<div class=\"elementor-widget-container\">\n\t\t\t\t\t\t\t\t\t\t\t\t\t\t\t<img decoding=\"async\" width=\"300\" height=\"125\" src=\"https:\/\/nobodytoldme-blog.com\/de\/wp-content\/uploads\/2025\/10\/VISUEL-PARTENAIRE-DOOMOO.svg\" class=\"attachment-medium size-medium wp-image-6043\" alt=\"\" \/>\t\t\t\t\t\t\t\t\t\t\t\t\t\t\t<\/div>\n\t\t\t\t<\/div>\n\t\t\t\t\t<\/div>\n\t\t\t\t<\/div>\n\t\t\t\t\t\t\t\t<\/div>\n\t\t\t\t\t\t\t\t\t\t\t<div class=\"swiper-slide\" data-slide=\"2\" role=\"group\" aria-roledescription=\"slide\" aria-label=\"2 sur 3\">\n\t\t\t\t\t\t\t<div class=\"elementor-element elementor-element-009099a e-flex e-con-boxed e-con e-child\" data-id=\"009099a\" data-element_type=\"container\" data-e-type=\"container\">\n\t\t\t\t\t<div class=\"e-con-inner\">\n\t\t\t\t<div class=\"elementor-element elementor-element-9ebeb9d elementor-widget elementor-widget-image\" data-id=\"9ebeb9d\" data-element_type=\"widget\" data-e-type=\"widget\" data-widget_type=\"image.default\">\n\t\t\t\t<div class=\"elementor-widget-container\">\n\t\t\t\t\t\t\t\t\t\t\t\t\t\t\t<img decoding=\"async\" width=\"300\" height=\"125\" src=\"https:\/\/nobodytoldme-blog.com\/de\/wp-content\/uploads\/2025\/10\/VISUEL-PARTENAIRE-CENTRE-PERINATAL.svg\" class=\"attachment-medium size-medium wp-image-6074\" alt=\"\" \/>\t\t\t\t\t\t\t\t\t\t\t\t\t\t\t<\/div>\n\t\t\t\t<\/div>\n\t\t\t\t\t<\/div>\n\t\t\t\t<\/div>\n\t\t\t\t\t\t\t\t<\/div>\n\t\t\t\t\t\t\t\t\t\t\t<div class=\"swiper-slide\" data-slide=\"3\" role=\"group\" aria-roledescription=\"slide\" aria-label=\"3 sur 3\">\n\t\t\t\t\t\t\t<div class=\"elementor-element elementor-element-712ab7e e-flex e-con-boxed e-con e-child\" data-id=\"712ab7e\" data-element_type=\"container\" data-e-type=\"container\">\n\t\t\t\t\t<div class=\"e-con-inner\">\n\t\t\t\t<div class=\"elementor-element elementor-element-0a95601 elementor-widget elementor-widget-image\" data-id=\"0a95601\" data-element_type=\"widget\" data-e-type=\"widget\" data-widget_type=\"image.default\">\n\t\t\t\t<div class=\"elementor-widget-container\">\n\t\t\t\t\t\t\t\t\t\t\t\t\t\t\t<img decoding=\"async\" width=\"300\" height=\"125\" src=\"https:\/\/nobodytoldme-blog.com\/de\/wp-content\/uploads\/2025\/10\/VISUEL-PARTENAIRE-ODACE-1.svg\" class=\"attachment-medium size-medium wp-image-6079\" alt=\"\" \/>\t\t\t\t\t\t\t\t\t\t\t\t\t\t\t<\/div>\n\t\t\t\t<\/div>\n\t\t\t\t\t<\/div>\n\t\t\t\t<\/div>\n\t\t\t\t\t\t\t\t<\/div>\n\t\t\t\t\t\t\t\t<\/div>\n\t\t<\/div>\n\t\t\t\t\t<div class=\"elementor-swiper-button elementor-swiper-button-prev\" role=\"button\" tabindex=\"0\" aria-label=\"Pr\u00e9c\u00e9dent\">\n\t\t\t\t<svg aria-hidden=\"true\" class=\"e-font-icon-svg e-eicon-chevron-left\" viewBox=\"0 0 1000 1000\" xmlns=\"http:\/\/www.w3.org\/2000\/svg\"><path d=\"M646 125C629 125 613 133 604 142L308 442C296 454 292 471 292 487 292 504 296 521 308 533L604 854C617 867 629 875 646 875 663 875 679 871 692 858 704 846 713 829 713 812 713 796 708 779 692 767L438 487 692 225C700 217 708 204 708 187 708 171 704 154 692 142 675 129 663 125 646 125Z\"><\/path><\/svg>\t\t\t<\/div>\n\t\t\t<div class=\"elementor-swiper-button elementor-swiper-button-next\" role=\"button\" tabindex=\"0\" aria-label=\"Suivant\">\n\t\t\t\t<svg aria-hidden=\"true\" class=\"e-font-icon-svg e-eicon-chevron-right\" viewBox=\"0 0 1000 1000\" xmlns=\"http:\/\/www.w3.org\/2000\/svg\"><path d=\"M696 533C708 521 713 504 713 487 713 471 708 454 696 446L400 146C388 133 375 125 354 125 338 125 325 129 313 142 300 154 292 171 292 187 292 204 296 221 308 233L563 492 304 771C292 783 288 800 288 817 288 833 296 850 308 863 321 871 338 875 354 875 371 875 388 867 400 854L696 533Z\"><\/path><\/svg>\t\t\t<\/div>\n\t\t\t\t\t<div class=\"swiper-pagination\"><\/div>\n\t\t\t\t\t\t<\/div>\n\t\t\t\t<\/div>\n\t\t<div class=\"elementor-element elementor-element-1bc583b e-con-full e-flex e-con e-child\" data-id=\"1bc583b\" data-element_type=\"container\" data-e-type=\"container\">\n\t\t<div class=\"elementor-element elementor-element-7d6bd90 e-con-full conteneur-partenaires e-flex e-con e-child\" data-id=\"7d6bd90\" data-element_type=\"container\" data-e-type=\"container\" data-settings=\"{&quot;background_background&quot;:&quot;classic&quot;}\">\n\t\t\t\t<div class=\"elementor-element elementor-element-9afeb32 elementor-widget elementor-widget-image\" data-id=\"9afeb32\" data-element_type=\"widget\" data-e-type=\"widget\" data-widget_type=\"image.default\">\n\t\t\t\t<div class=\"elementor-widget-container\">\n\t\t\t\t\t\t\t\t\t\t\t\t\t\t\t<img loading=\"lazy\" decoding=\"async\" width=\"150\" height=\"26\" src=\"https:\/\/nobodytoldme-blog.com\/de\/wp-content\/uploads\/2025\/10\/LOGO_DOOMOO_BLANC.svg\" class=\"attachment-thumbnail size-thumbnail wp-image-6092\" alt=\"\" \/>\t\t\t\t\t\t\t\t\t\t\t\t\t\t\t<\/div>\n\t\t\t\t<\/div>\n\t\t\t\t<div class=\"elementor-element elementor-element-32f64cc elementor-widget elementor-widget-heading\" data-id=\"32f64cc\" data-element_type=\"widget\" data-e-type=\"widget\" data-widget_type=\"heading.default\">\n\t\t\t\t<div class=\"elementor-widget-container\">\n\t\t\t\t\t<h2 class=\"elementor-heading-title elementor-size-default\">GROW IN CONFIDENCE<\/h2>\t\t\t\t<\/div>\n\t\t\t\t<\/div>\n\t\t\t\t<div class=\"elementor-element elementor-element-cf564ad elementor-widget elementor-widget-image\" data-id=\"cf564ad\" data-element_type=\"widget\" data-e-type=\"widget\" data-widget_type=\"image.default\">\n\t\t\t\t<div class=\"elementor-widget-container\">\n\t\t\t\t\t\t\t\t\t\t\t\t\t\t\t<img loading=\"lazy\" decoding=\"async\" width=\"800\" height=\"166\" src=\"https:\/\/nobodytoldme-blog.com\/de\/wp-content\/uploads\/2025\/10\/VISUEL-PAGE-PARTENAIRES-NOBODYTOLDME-1024x213.jpg\" class=\"attachment-large size-large wp-image-6109\" alt=\"\" srcset=\"https:\/\/nobodytoldme-blog.com\/de\/wp-content\/uploads\/2025\/10\/VISUEL-PAGE-PARTENAIRES-NOBODYTOLDME-1024x213.jpg 1024w, https:\/\/nobodytoldme-blog.com\/de\/wp-content\/uploads\/2025\/10\/VISUEL-PAGE-PARTENAIRES-NOBODYTOLDME-300x63.jpg 300w, https:\/\/nobodytoldme-blog.com\/de\/wp-content\/uploads\/2025\/10\/VISUEL-PAGE-PARTENAIRES-NOBODYTOLDME-768x160.jpg 768w, https:\/\/nobodytoldme-blog.com\/de\/wp-content\/uploads\/2025\/10\/VISUEL-PAGE-PARTENAIRES-NOBODYTOLDME-1536x320.jpg 1536w, https:\/\/nobodytoldme-blog.com\/de\/wp-content\/uploads\/2025\/10\/VISUEL-PAGE-PARTENAIRES-NOBODYTOLDME-2048x427.jpg 2048w\" sizes=\"(max-width: 800px) 100vw, 800px\" \/>\t\t\t\t\t\t\t\t\t\t\t\t\t\t\t<\/div>\n\t\t\t\t<\/div>\n\t\t\t\t<div class=\"elementor-element elementor-element-07390e4 elementor-widget elementor-widget-text-editor\" data-id=\"07390e4\" data-element_type=\"widget\" data-e-type=\"widget\" data-widget_type=\"text-editor.default\">\n\t\t\t\t<div class=\"elementor-widget-container\">\n\t\t\t\t\t\t\t\t\t<p>Chez doomoo, nous croyons que chaque femme m\u00e9rite de vivre sa maternit\u00e9 en confiance, avec douceur et fiert\u00e9.<\/p><p>\u00a0<\/p><p>Notre mission ? Vous accompagner d\u00e8s les premi\u00e8res semaines de grossesse, et vous soutenir \u00e0 chaque \u00e9tape, avec des produits qui allient confort, efficacit\u00e9 et bienveillance. Coussins de maternit\u00e9 ultra-confort, soins post-partum, essentiels pour b\u00e9b\u00e9\u2026 Chaque cr\u00e9ation doomoo est d\u00e9velopp\u00e9e par des experts, pour r\u00e9pondre \u00e0 vos besoins physiologiques et \u00e9motionnels. Parce qu\u2019\u00eatre enceinte, c\u2019est vivre un bouleversement unique, doomoo est l\u00e0 pour vous \u00e9couter, vous entourer, et vous rappeler que vous \u00eates forte, belle\u2026 et jamais seule<\/p>\t\t\t\t\t\t\t\t<\/div>\n\t\t\t\t<\/div>\n\t\t\t\t<div class=\"elementor-element elementor-element-719b7a9 elementor-align-center elementor-widget elementor-widget-button\" data-id=\"719b7a9\" data-element_type=\"widget\" data-e-type=\"widget\" data-widget_type=\"button.default\">\n\t\t\t\t<div class=\"elementor-widget-container\">\n\t\t\t\t\t\t\t\t\t<div class=\"elementor-button-wrapper\">\n\t\t\t\t\t<a class=\"elementor-button elementor-button-link elementor-size-sm\" href=\"https:\/\/babymoov.com\/pages\/doomoo-grow-in-comfort\">\n\t\t\t\t\t\t<span class=\"elementor-button-content-wrapper\">\n\t\t\t\t\t\t\t\t\t<span class=\"elementor-button-text\">D\u00e9couvrir la marque<\/span>\n\t\t\t\t\t<\/span>\n\t\t\t\t\t<\/a>\n\t\t\t\t<\/div>\n\t\t\t\t\t\t\t\t<\/div>\n\t\t\t\t<\/div>\n\t\t\t\t<div class=\"elementor-element elementor-element-487689e elementor-widget elementor-widget-image\" data-id=\"487689e\" data-element_type=\"widget\" data-e-type=\"widget\" data-widget_type=\"image.default\">\n\t\t\t\t<div class=\"elementor-widget-container\">\n\t\t\t\t\t\t\t\t\t\t\t\t\t\t\t<img loading=\"lazy\" decoding=\"async\" width=\"150\" height=\"109\" src=\"https:\/\/nobodytoldme-blog.com\/de\/wp-content\/uploads\/2025\/10\/LOGO_DOOMOOxSHINNCARE_BASELINE_BLANC.svg\" class=\"attachment-thumbnail size-thumbnail wp-image-6104\" alt=\"\" \/>\t\t\t\t\t\t\t\t\t\t\t\t\t\t\t<\/div>\n\t\t\t\t<\/div>\n\t\t\t\t<div class=\"elementor-element elementor-element-3401820 elementor-widget elementor-widget-text-editor\" data-id=\"3401820\" data-element_type=\"widget\" data-e-type=\"widget\" data-widget_type=\"text-editor.default\">\n\t\t\t\t<div class=\"elementor-widget-container\">\n\t\t\t\t\t\t\t\t\t<p>Notre mission : (re)donner du pouvoir aux femmes avant, pendant et apr\u00e8s la maternit\u00e9. Les aider \u00e0 se sentir bien, belles, fortes, m\u00eame les jours sans. D\u00e9velopp\u00e9s sous contr\u00f4le gyn\u00e9cologique et dermatologique, les soins ShinnCare r\u00e9pondent avec efficacit\u00e9 aux besoins des femmes, gr\u00e2ce \u00e0 des ingr\u00e9dients naturels, respectueux de leur microbiote intime.<\/p><p>\u00a0<\/p><p>Ensemble, nous cr\u00e9ons des exp\u00e9riences o\u00f9 soin et confort se rejoignent, pour faire de cette p\u00e9riode une aventure unique, d\u2019abord en tant que femme, puis en tant que m\u00e8re.<\/p>\t\t\t\t\t\t\t\t<\/div>\n\t\t\t\t<\/div>\n\t\t\t\t<\/div>\n\t\t\t\t<\/div>\n\t\t\t\t\t<\/div>\n\t\t\t\t<\/div>\n\t\t\t\t<\/div>\n\t\t","protected":false},"excerpt":{"rendered":"<p>NOS PARTENAIRES Parce que chaque belle aventure se construit \u00e0 plusieurs, d\u00e9couvrez nos partenaires engag\u00e9s \u00e0 nos c\u00f4t\u00e9s, experts, cr\u00e9ateurs et passionn\u00e9s qui partagent nos valeurs. GROW IN CONFIDENCE Chez doomoo, nous croyons que chaque femme m\u00e9rite de vivre sa maternit\u00e9 en confiance, avec douceur et fiert\u00e9. \u00a0 Notre mission ? Vous accompagner d\u00e8s les [&hellip;]<\/p>\n","protected":false},"author":19,"featured_media":0,"parent":0,"menu_order":0,"comment_status":"closed","ping_status":"closed","template":"","meta":{"_acf_changed":false,"footnotes":""},"class_list":["post-6007","page","type-page","status-publish","hentry"],"acf":[],"_links":{"self":[{"href":"https:\/\/nobodytoldme-blog.com\/de\/fr\/wp-json\/wp\/v2\/pages\/6007","targetHints":{"allow":["GET"]}}],"collection":[{"href":"https:\/\/nobodytoldme-blog.com\/de\/fr\/wp-json\/wp\/v2\/pages"}],"about":[{"href":"https:\/\/nobodytoldme-blog.com\/de\/fr\/wp-json\/wp\/v2\/types\/page"}],"author":[{"embeddable":true,"href":"https:\/\/nobodytoldme-blog.com\/de\/fr\/wp-json\/wp\/v2\/users\/19"}],"replies":[{"embeddable":true,"href":"https:\/\/nobodytoldme-blog.com\/de\/fr\/wp-json\/wp\/v2\/comments?post=6007"}],"version-history":[{"count":92,"href":"https:\/\/nobodytoldme-blog.com\/de\/fr\/wp-json\/wp\/v2\/pages\/6007\/revisions"}],"predecessor-version":[{"id":6119,"href":"https:\/\/nobodytoldme-blog.com\/de\/fr\/wp-json\/wp\/v2\/pages\/6007\/revisions\/6119"}],"wp:attachment":[{"href":"https:\/\/nobodytoldme-blog.com\/de\/fr\/wp-json\/wp\/v2\/media?parent=6007"}],"curies":[{"name":"wp","href":"https:\/\/api.w.org\/{rel}","templated":true}]}}