{"id":6160,"date":"2025-06-17T12:10:22","date_gmt":"2025-06-17T10:10:22","guid":{"rendered":"http:\/\/wixvaam.cluster100.hosting.ovh.net\/de\/datenschutzerklaerung\/"},"modified":"2025-10-28T15:34:50","modified_gmt":"2025-10-28T14:34:50","slug":"datenschutzerklaerung","status":"publish","type":"page","link":"https:\/\/nobodytoldme-blog.com\/de\/datenschutzerklaerung\/","title":{"rendered":"Datenschutzerkl\u00e4rung"},"content":{"rendered":"\t\t<div data-elementor-type=\"wp-page\" data-elementor-id=\"6160\" class=\"elementor elementor-6160 elementor-3\" data-elementor-post-type=\"page\">\n\t\t\t\t<div class=\"elementor-element elementor-element-485c2ff e-flex e-con-boxed e-con e-parent\" data-id=\"485c2ff\" data-element_type=\"container\" data-e-type=\"container\" data-settings=\"{&quot;background_background&quot;:&quot;classic&quot;}\">\n\t\t\t\t\t<div class=\"e-con-inner\">\n\t\t\t\t<div class=\"elementor-element elementor-element-848e94d elementor-widget elementor-widget-heading\" data-id=\"848e94d\" data-element_type=\"widget\" data-e-type=\"widget\" data-widget_type=\"heading.default\">\n\t\t\t\t<div class=\"elementor-widget-container\">\n\t\t\t\t\t<h1 class=\"elementor-heading-title elementor-size-default\">Datenschutzerkl\u00e4rung<\/h1>\t\t\t\t<\/div>\n\t\t\t\t<\/div>\n\t\t\t\t<div class=\"elementor-element elementor-element-590ee32 elementor-widget elementor-widget-text-editor\" data-id=\"590ee32\" data-element_type=\"widget\" data-e-type=\"widget\" data-widget_type=\"text-editor.default\">\n\t\t\t\t<div class=\"elementor-widget-container\">\n\t\t\t\t\t\t\t\t\t<p>Zuletzt aktualisiert: 13.08.2025<\/p>\t\t\t\t\t\t\t\t<\/div>\n\t\t\t\t<\/div>\n\t\t\t\t<div class=\"elementor-element elementor-element-0f5e10b elementor-widget elementor-widget-text-editor\" data-id=\"0f5e10b\" data-element_type=\"widget\" data-e-type=\"widget\" data-widget_type=\"text-editor.default\">\n\t\t\t\t<div class=\"elementor-widget-container\">\n\t\t\t\t\t\t\t\t\t<p>Im Rahmen deiner Nutzung der Website k\u00f6nnen wir personenbezogene Daten \u00fcber dich erheben.<\/p>\n<p>Diesbez\u00fcglich ist der Verantwortliche f\u00fcr die Datenverarbeitung die Babymoov Group SAS (\u201eBabymoov\u201c oder \u201ewir\u201c), vertreten durch Herrn Pierre MAGRO.<\/p>\n<p>Du kannst uns per E-Mail an <a href=\"mailto:rgpd@babymoov.com\">rgpd@babymoov.com<\/a> kontaktieren oder indem du einen Brief an folgende Adresse sendest: Jacqueline-Auriol-Stra\u00dfe 16, 63100 Clermont-Ferrand, Frankreich.<\/p>\t\t\t\t\t\t\t\t<\/div>\n\t\t\t\t<\/div>\n\t\t<div class=\"elementor-element elementor-element-77e35b5 e-con-full e-flex e-con e-child\" data-id=\"77e35b5\" data-element_type=\"container\" data-e-type=\"container\">\n\t\t\t\t<div class=\"elementor-element elementor-element-84667d5 elementor-widget elementor-widget-heading\" data-id=\"84667d5\" data-element_type=\"widget\" data-e-type=\"widget\" data-widget_type=\"heading.default\">\n\t\t\t\t<div class=\"elementor-widget-container\">\n\t\t\t\t\t<h2 class=\"elementor-heading-title elementor-size-default\">1. Welche personenbezogenen Daten erheben wir?<\/h2>\t\t\t\t<\/div>\n\t\t\t\t<\/div>\n\t\t\t\t<div class=\"elementor-element elementor-element-84f078e elementor-widget elementor-widget-text-editor\" data-id=\"84f078e\" data-element_type=\"widget\" data-e-type=\"widget\" data-widget_type=\"text-editor.default\">\n\t\t\t\t<div class=\"elementor-widget-container\">\n\t\t\t\t\t\t\t\t\t<p>Wenn du die Website nutzt, k\u00f6nnen wir folgende personenbezogene Daten erheben:<\/p>\t\t\t\t\t\t\t\t<\/div>\n\t\t\t\t<\/div>\n\t\t\t\t<div class=\"elementor-element elementor-element-4d9c56e elementor-widget elementor-widget-html\" data-id=\"4d9c56e\" data-element_type=\"widget\" data-e-type=\"widget\" data-widget_type=\"html.default\">\n\t\t\t\t<div class=\"elementor-widget-container\">\n\t\t\t\t\t<style>.table-container {\r\n    width: 100%;\r\n    overflow-x: auto; \r\n    -webkit-overflow-scrolling: touch;\r\n  }\r\n.table-container::-webkit-scrollbar {\r\n  height: 10px;\r\n}\r\n\r\n.table-container::-webkit-scrollbar-track {\r\n  background: #ffddd4; \r\n}\r\n\r\n.table-container::-webkit-scrollbar-thumb {\r\n  background-color: #EB735B;\r\n  border-radius: 10px;\r\n  border: 2px solid #ffddd4;\r\n}\r\n\r\n.table-container {\r\n  scrollbar-width: thin;          \r\n  scrollbar-color: #EB735B #ffddd4;\r\n}\r\n  table {\r\n    width: 100%;\r\n    border-collapse: collapse;\r\n    font-family: Arial, sans-serif;\r\n  }\r\n\r\n  th, td {\r\n    border: 2px solid #EB735B;\r\n    padding: 10px;\r\n    text-align: center;\r\n    color: #ffffff; \r\n  }\r\n\r\n  thead th {\r\n    background-color: #EB735B;\r\n    font-weight: bold;\r\n  }\r\n\r\n  tbody tr:nth-child(even) {\r\n    background-color: #EB735B; \r\n  }\r\n\r\n  tbody tr:nth-child(odd) {\r\n    background-color: #ff9c85; \r\n  }\r\n<\/style><div class=\"table-container\"><table><thead><tr><th>Donn\u00e9es collect\u00e9es<\/th><th>Finalit\u00e9s<\/th><th>Bases l\u00e9gales<\/th><th>Destinataires<\/th><th>Dur\u00e9e de conservation<\/th><\/tr><\/thead><tbody><tr><td>Adresse e-mail, pseudonyme<\/td><td>Cr\u00e9ation d\u2019un Compte pour publier sur le Forum<\/td><td>L\u2019int\u00e9r\u00eat l\u00e9gitime de Babymoov Group<\/td><td>Service Branding \/ E-commerce. <\/td><td>Adresse e-mail, pseudonyme\tCr\u00e9ation d\u2019un Compte pour publier sur le Forum\tL\u2019int\u00e9r\u00eat l\u00e9gitime de Babymoov Group\tService Branding \/ E-commerce. \tVos donn\u00e9es seront supprim\u00e9es \u00e0 la suppression du Compte<\/td><\/tr><tr><td>Age, nombre d\u2019enfants, \u00e2ge des enfants, statut de grossesse, centres d\u2019int\u00e9r\u00eat <\/td><td>Saisie du formulaire de profil pour que les Utilisateurs puissent mieux se connaitre s\u2019ils le souhaitent<\/td><td>Votre consentement<\/td><td>Service Branding \/ E-commerce. <\/td><td>Vos donn\u00e9es seront supprim\u00e9es \u00e0 la suppression du Compte<\/td><\/tr><tr><td>Cookies fonctionnels strictement n\u00e9cessaires<\/td><td>Navigation optimale pour l\u2019utilisateur du site<\/td><td>Cookies fonctionnels strictement n\u00e9cessaires\tNavigation optimale pour l\u2019utilisateur du site\tL\u2019int\u00e9r\u00eat l\u00e9gitime de Babymoov Group\t?\t?<\/td><td>...<\/td><td>...<\/td><\/tr><tr><td>Cookies de publicit\u00e9<\/td><td>Permettre une offre publicitaire pertinente et adapt\u00e9e<\/td><td>Votre consentement<\/td><td>...<\/td><td>...<\/td><\/tr><tr><td>Cookies de r\u00e9seaux sociaux<\/td><td>Permettre de partager le contenu du site sur les r\u00e9seaux sociaux<\/td><td>L\u2019int\u00e9r\u00eat l\u00e9gitime de Babymoov Group<\/td><td>...<\/td><td>...<\/td><\/tr><\/tbody><\/table><\/div>\t\t\t\t<\/div>\n\t\t\t\t<\/div>\n\t\t\t\t<\/div>\n\t\t<div class=\"elementor-element elementor-element-6382a77 e-con-full e-flex e-con e-child\" data-id=\"6382a77\" data-element_type=\"container\" data-e-type=\"container\">\n\t\t\t\t<div class=\"elementor-element elementor-element-17bbbe2 elementor-widget elementor-widget-heading\" data-id=\"17bbbe2\" data-element_type=\"widget\" data-e-type=\"widget\" data-widget_type=\"heading.default\">\n\t\t\t\t<div class=\"elementor-widget-container\">\n\t\t\t\t\t<h2 class=\"elementor-heading-title elementor-size-default\">2. Welche Rechte hast du und wie kannst du sie aus\u00fcben?<\/h2>\t\t\t\t<\/div>\n\t\t\t\t<\/div>\n\t\t\t\t<div class=\"elementor-element elementor-element-1f2a48d elementor-widget elementor-widget-text-editor\" data-id=\"1f2a48d\" data-element_type=\"widget\" data-e-type=\"widget\" data-widget_type=\"text-editor.default\">\n\t\t\t\t<div class=\"elementor-widget-container\">\n\t\t\t\t\t\t\t\t\t<p>Wir haben unten aufgef\u00fchrt, welche Rechte du bez\u00fcglich der Verarbeitung deiner personenbezogenen Daten hast:<\/p><ul><li><strong>Recht auf Information:<\/strong> Du wirst dar\u00fcber informiert, wie wir deine personenbezogenen Daten verarbeiten, einschlie\u00dflich unserer Identit\u00e4t, des Zwecks der Verarbeitung sowie ihrer Rechtsgrundlage. Die Datenschutzrichtlinie enth\u00e4lt alle Informationen, die wir bez\u00fcglich der Verarbeitung deiner personenbezogenen Daten schulden. <\/li><li><strong>Widerspruchsrecht:<\/strong> Du kannst jederzeit der Verarbeitung deiner personenbezogenen Daten aus Gr\u00fcnden, die sich aus deiner besonderen Situation ergeben, widersprechen, wenn die Verarbeitung auf berechtigtem Interesse beruht.<\/li><li><strong>Auskunftsrecht:<\/strong> Du kannst von uns verlangen, auf alle Daten zuzugreifen, die wir \u00fcber dich erhoben haben. Dies erm\u00f6glicht dir, die Verarbeitung einzusehen und deren Rechtm\u00e4\u00dfigkeit zu \u00fcberpr\u00fcfen. <\/li><li><strong>Recht auf Berichtigung:<\/strong> Du kannst die Berichtigung (Korrektur, Aktualisierung) deiner Daten verlangen. Dies kann insbesondere der Fall sein, wenn die von uns gespeicherten Informationen ungenau oder unvollst\u00e4ndig sind. <\/li><li><strong>Recht auf Vergessenwerden: <\/strong>Du bist berechtigt, die unverz\u00fcgliche L\u00f6schung deiner Daten zu verlangen, wenn die Daten f\u00fcr die Zwecke, f\u00fcr die sie erhoben wurden, nicht mehr notwendig sind, oder wenn du die Einwilligung widerrufst, auf der die Erhebung beruht.<\/li><li><strong>Recht auf Daten\u00fcbertragbarkeit:<\/strong> Du kannst alle personenbezogenen Daten, die wir \u00fcber dich gespeichert haben, erhalten und sie einem anderen Verantwortlichen f\u00fcr die Datenverarbeitung \u00fcbermitteln.<\/li><li><strong>Recht auf Einschr\u00e4nkung der Verarbeitung <\/strong>: Du hast das Recht, die Einschr\u00e4nkung der Verarbeitung zu verlangen, insbesondere wenn du die Richtigkeit deiner Informationen bestreitest.<\/li><li><strong>Recht auf Bestimmung des Schicksals deiner Daten nach deinem Tod<\/strong>: Du kannst uns mitteilen, was wir mit deinen personenbezogenen Daten nach deinem Tod tun sollen.<\/li><\/ul><p>Um diese Rechte auszu\u00fcben, kannst du uns per E-Mail an <a href=\"mailto:rgpd@babymoov.com\">rgpd@babymoov.com<\/a> kontaktieren oder indem du einen Brief an folgende Adresse sendest: BABYMOOV GROUP, Rechtsabteilung, Jacqueline-Auriol-Stra\u00dfe 16, 63100 Clermont-Ferrand, Frankreich.<\/p><p>F\u00fcr weitere Informationen zu deinen Rechten empfehlen wir dir, die Website der CNIL unter folgendem Link zu besuchen: <a href=\"https:\/\/www.cnil.fr\/\">https:\/\/www.cnil.fr\/<\/a>.<\/p><p>Du kannst jederzeit eine Beschwerde bei der CNIL einreichen, wenn du der Meinung bist, deine Rechte nicht aus\u00fcben zu k\u00f6nnen, oder wenn du einen Versto\u00df gegen die Datenschutzbestimmungen melden m\u00f6chtest.<\/p>\t\t\t\t\t\t\t\t<\/div>\n\t\t\t\t<\/div>\n\t\t\t\t<\/div>\n\t\t<div class=\"elementor-element elementor-element-067c168 e-con-full e-flex e-con e-child\" data-id=\"067c168\" data-element_type=\"container\" data-e-type=\"container\">\n\t\t\t\t<div class=\"elementor-element elementor-element-a81bcaf elementor-widget elementor-widget-heading\" data-id=\"a81bcaf\" data-element_type=\"widget\" data-e-type=\"widget\" data-widget_type=\"heading.default\">\n\t\t\t\t<div class=\"elementor-widget-container\">\n\t\t\t\t\t<h2 class=\"elementor-heading-title elementor-size-default\">3. Datensicherheit und Vertraulichkeit<\/h2>\t\t\t\t<\/div>\n\t\t\t\t<\/div>\n\t\t\t\t<div class=\"elementor-element elementor-element-61192f9 elementor-widget elementor-widget-text-editor\" data-id=\"61192f9\" data-element_type=\"widget\" data-e-type=\"widget\" data-widget_type=\"text-editor.default\">\n\t\t\t\t<div class=\"elementor-widget-container\">\n\t\t\t\t\t\t\t\t\t<p>Babymoov legt gro\u00dfen Wert auf den Schutz deiner personenbezogenen Daten. Alle von uns erhobenen personenbezogenen Daten werden auf sicheren Servern gespeichert. <\/p><p>Wir ergreifen wirksame und angemessene Ma\u00dfnahmen, um die Sicherheit und Vertraulichkeit deiner Daten gegen Verlust, Diebstahl, Zerst\u00f6rung, Missbrauch, unbefugten Zugriff, Offenlegung und \u00c4nderung zu gew\u00e4hrleisten.<\/p><p>Babymoov stellt auch sicher, dass Dritte deine Daten sch\u00fctzen, indem sie vertraglich dazu verpflichtet werden.<\/p>\t\t\t\t\t\t\t\t<\/div>\n\t\t\t\t<\/div>\n\t\t\t\t<\/div>\n\t\t<div class=\"elementor-element elementor-element-1ddf7d0 e-con-full e-flex e-con e-child\" data-id=\"1ddf7d0\" data-element_type=\"container\" data-e-type=\"container\">\n\t\t\t\t<div class=\"elementor-element elementor-element-3600157 elementor-widget elementor-widget-heading\" data-id=\"3600157\" data-element_type=\"widget\" data-e-type=\"widget\" data-widget_type=\"heading.default\">\n\t\t\t\t<div class=\"elementor-widget-container\">\n\t\t\t\t\t<h2 class=\"elementor-heading-title elementor-size-default\">4. Cookies<\/h2>\t\t\t\t<\/div>\n\t\t\t\t<\/div>\n\t\t\t\t<div class=\"elementor-element elementor-element-830e615 elementor-widget elementor-widget-text-editor\" data-id=\"830e615\" data-element_type=\"widget\" data-e-type=\"widget\" data-widget_type=\"text-editor.default\">\n\t\t\t\t<div class=\"elementor-widget-container\">\n\t\t\t\t\t\t\t\t\t<p>Beim Surfen auf unserer Website k\u00f6nnen Cookies verwendet werden, um die Navigation des Besuchers auf der Website zu gew\u00e4hrleisten.<\/p><p>Ein Cookie ist eine kleine Computerdatei, die von einem Server auf dem Endger\u00e4t (Computer, Telefon usw.) eines Nutzers gespeichert und mit einem Web-Domainnamen verkn\u00fcpft ist.<\/p><p>Diese Datei enth\u00e4lt Informationen wie den Internetanbieter des Nutzers, das Betriebssystem des Nutzers sowie Datum und Uhrzeit des Zugriffs.<\/p><p>Cookies erm\u00f6glichen es uns w\u00e4hrend ihrer G\u00fcltigkeitsdauer, dein Endger\u00e4t jedes Mal zu erkennen, wenn es auf digitale Inhalte zugreift, die Cookies desselben Anbieters enthalten, um die besuchten Seiten und durchgef\u00fchrten Suchen zu speichern.<\/p><p>Gem\u00e4\u00df Artikel 5 Absatz 3 der Richtlinie 2002\/58\/EG und Artikel 82 des franz\u00f6sischen Datenschutzgesetzes holen wir deine vorherige Zustimmung ein, bevor Informationen auf deinem Endger\u00e4t gespeichert oder auf bereits dort gespeicherte Informationen zugegriffen wird.<\/p>\t\t\t\t\t\t\t\t<\/div>\n\t\t\t\t<\/div>\n\t\t<div class=\"elementor-element elementor-element-e8f8877 e-con-full e-flex e-con e-child\" data-id=\"e8f8877\" data-element_type=\"container\" data-e-type=\"container\">\n\t\t\t\t<div class=\"elementor-element elementor-element-86ae6fb elementor-widget elementor-widget-heading\" data-id=\"86ae6fb\" data-element_type=\"widget\" data-e-type=\"widget\" data-widget_type=\"heading.default\">\n\t\t\t\t<div class=\"elementor-widget-container\">\n\t\t\t\t\t<h3 class=\"elementor-heading-title elementor-size-default\">1) Einstellungen und Zustimmung <\/h3>\t\t\t\t<\/div>\n\t\t\t\t<\/div>\n\t\t\t\t<div class=\"elementor-element elementor-element-f838a92 elementor-widget elementor-widget-text-editor\" data-id=\"f838a92\" data-element_type=\"widget\" data-e-type=\"widget\" data-widget_type=\"text-editor.default\">\n\t\t\t\t<div class=\"elementor-widget-container\">\n\t\t\t\t\t\t\t\t\t<p>Der Nutzer kann seine Entscheidung und seine ausgew\u00e4hlten Cookie-Pr\u00e4ferenzen jederzeit r\u00fcckg\u00e4ngig machen.<\/p><p>Dazu kann der Nutzer seinen Browser so konfigurieren, dass er entscheiden kann, ob er sie akzeptieren m\u00f6chte oder nicht, sodass Cookies auf dem Endger\u00e4t gespeichert oder im Gegenteil systematisch oder je nach Anbieter abgelehnt werden. Der Nutzer kann seine Browsersoftware auch so konfigurieren, dass ihm die Annahme oder Ablehnung von Cookies punktuell angeboten wird, bevor ein Cookie auf seinem Endger\u00e4t gespeichert werden kann. In diesem Fall informiert Babymoov den Nutzer dar\u00fcber, dass m\u00f6glicherweise nicht alle Funktionen seiner Browsersoftware verf\u00fcgbar sind. Die Konfiguration jedes Browsers ist unterschiedlich, wir empfehlen dir, das Hilfemen\u00fc des Browsers zu konsultieren.   <\/p>\t\t\t\t\t\t\t\t<\/div>\n\t\t\t\t<\/div>\n\t\t\t\t<\/div>\n\t\t<div class=\"elementor-element elementor-element-b49844d e-con-full e-flex e-con e-child\" data-id=\"b49844d\" data-element_type=\"container\" data-e-type=\"container\">\n\t\t\t\t<div class=\"elementor-element elementor-element-286f982 elementor-widget elementor-widget-heading\" data-id=\"286f982\" data-element_type=\"widget\" data-e-type=\"widget\" data-widget_type=\"heading.default\">\n\t\t\t\t<div class=\"elementor-widget-container\">\n\t\t\t\t\t<h3 class=\"elementor-heading-title elementor-size-default\">2) Cookie-Verwaltung<\/h3>\t\t\t\t<\/div>\n\t\t\t\t<\/div>\n\t\t\t\t<div class=\"elementor-element elementor-element-0f64892 elementor-widget elementor-widget-text-editor\" data-id=\"0f64892\" data-element_type=\"widget\" data-e-type=\"widget\" data-widget_type=\"text-editor.default\">\n\t\t\t\t<div class=\"elementor-widget-container\">\n\t\t\t\t\t\t\t\t\t<p>Der Nutzer kann seine Cookie-Einstellungen auch jederzeit \u00e4ndern.<\/p><p>Es ist \u00fcber deinen Browser m\u00f6glich, Cookies \u00fcber die Einstellungen zu kontrollieren und\/oder zu l\u00f6schen, die es dir erm\u00f6glichen, deine Zustimmung zur Verwendung von Cookies anzupassen. Weitere Informationen findest du in der Dokumentation deines Browsers zu dieser Verwaltung. <\/p><p>Es ist auch m\u00f6glich, deine Cookies direkt auf unserer Website zu verwalten.<\/p>\t\t\t\t\t\t\t\t<\/div>\n\t\t\t\t<\/div>\n\t\t\t\t<\/div>\n\t\t<div class=\"elementor-element elementor-element-463d827 e-con-full e-flex e-con e-child\" data-id=\"463d827\" data-element_type=\"container\" data-e-type=\"container\">\n\t\t\t\t<div class=\"elementor-element elementor-element-e59aebc elementor-widget elementor-widget-heading\" data-id=\"e59aebc\" data-element_type=\"widget\" data-e-type=\"widget\" data-widget_type=\"heading.default\">\n\t\t\t\t<div class=\"elementor-widget-container\">\n\t\t\t\t\t<h3 class=\"elementor-heading-title elementor-size-default\">3) Auf der Website verwendete Cookies<\/h3>\t\t\t\t<\/div>\n\t\t\t\t<\/div>\n\t\t\t\t<div class=\"elementor-element elementor-element-b991f03 elementor-widget elementor-widget-text-editor\" data-id=\"b991f03\" data-element_type=\"widget\" data-e-type=\"widget\" data-widget_type=\"text-editor.default\">\n\t\t\t\t<div class=\"elementor-widget-container\">\n\t\t\t\t\t\t\t\t\t<p>Wir verwenden verschiedene Arten von Cookies, die jeweils einem bestimmten Zweck dienen.<\/p><ul><li><strong>Unbedingt notwendige funktionale Cookies<\/strong><\/li><\/ul><p>Einige Cookies sind von der Einholung der Zustimmung ausgenommen, wenn ihr ausschlie\u00dflicher Zweck darin besteht, die elektronische Kommunikation zu erm\u00f6glichen oder zu erleichtern, oder wenn sie f\u00fcr die Bereitstellung eines Online-Kommunikationsdienstes auf ausdr\u00fccklichen Wunsch der Nutzer unbedingt erforderlich sind.<\/p><p>Dazu geh\u00f6ren solche, die die Identifizierung von Endger\u00e4ten zur \u00dcbermittlung der Kommunikation erm\u00f6glichen, Daten nummerieren, um sie in der gew\u00fcnschten Reihenfolge zu \u00fcbermitteln, \u00dcbertragungsfehler erkennen, um sie verbessern zu k\u00f6nnen. Diese Cookies erm\u00f6glichen es auch, den Inhalt eines Warenkorbs zu speichern, die Benutzeroberfl\u00e4che anzupassen (Sprachauswahl). Diese Cookies gew\u00e4hrleisten die Authentifizierung bei einem Dienst, z. B. die Anmeldung in deinem Kundenbereich, und die Speicherung der von den Nutzern ge\u00e4u\u00dferten Wahl bez\u00fcglich deiner Pr\u00e4ferenzen f\u00fcr das Setzen und Lesen von Cookies.  <\/p><p>Der Nutzer kann die Speicherung dieser Cookies auf seinem Endger\u00e4t oder in seinem Browser l\u00f6schen.<\/p><p>Andernfalls wird der Nutzer dar\u00fcber informiert, dass seine Navigation und sein Erlebnis auf der Website eingeschr\u00e4nkt sein k\u00f6nnen. Dies k\u00f6nnte der Fall sein, wenn wir oder einer unserer Dienstleister aus technischen Kompatibilit\u00e4tsgr\u00fcnden den vom Endger\u00e4t verwendeten Browsertyp, die Sprach- und Anzeigeeinstellungen oder das Land, aus dem das Endger\u00e4t mit dem Internet verbunden zu sein scheint, nicht erkennen kann. <\/p><p>Wir \u00fcbernehmen keine Verantwortung f\u00fcr die Folgen, die sich aus dem eingeschr\u00e4nkten Betrieb der Website und der m\u00f6glicherweise angebotenen Dienste aufgrund der Ablehnung von Cookies durch den Nutzer ergeben.<\/p><ul><li><strong>Performance-Cookies<\/strong><\/li><\/ul><p>Diese Cookies haben mehrere Zwecke, wobei die Hauptaufgabe darin besteht, die Funktionen unserer Website zu verbessern und zu personalisieren. Dazu ist deine vorherige Zustimmung erforderlich, bevor diese Cookies gesetzt oder gelesen werden. <\/p><p>Zu ihren Funktionen geh\u00f6rt die Personalisierung der Benutzeroberfl\u00e4che mit der Verwaltung deiner Auswahl an angesehenen Produkten und Produkten, die dir gefallen k\u00f6nnten.<\/p><p>Dar\u00fcber hinaus erm\u00f6glichen diese Cookies die Messung der Website-Besucher, um die Anzahl der Besucher, die besuchten Bereiche usw. zu ermitteln, mit dem einzigen Ziel, Besucherstatistiken zu erstellen und Profile potenzieller zuk\u00fcnftiger Kunden zu bilden, um die auf diesen Daten basierenden Dienstleistungen zu verbessern.<\/p><p>Im Falle einer Ablehnung hat dies keine Auswirkungen auf die Nutzung und Navigation unserer Website.<\/p><ul><li><strong>Werbe-Cookies<\/strong><\/li><\/ul><p>Diese Cookies erm\u00f6glichen ein relevanteres und auf deine Interessen zugeschnittenes Werbeangebot, vorausgesetzt, du hast zuvor deine Zustimmung zum Setzen oder Lesen dieser Cookies gegeben.<\/p><p>Ihre Zwecke sind die Anzeige von manchmal personalisierter (Remarketing-Targeting) und manchmal nicht personalisierter Werbung (Anzeige ohne Unterscheidung an alle Nutzer der Website), Zielgruppen zu messen, die empf\u00e4nglicher f\u00fcr Werbung sind, das Publikum zu verstehen, aber auch die Werbung an das Land der Verbindung anzupassen.<\/p><p>Um diese Werbefunktionen auf unserer Website anzubieten, nutzen wir die technologischen Dienste von Partnern wie Google Ads und Social Ads, die durch die Verkn\u00fcpfung der Navigationsdaten deines Endger\u00e4ts auf der Website mit den von dir bereitgestellten Daten die Werbeinhalte personalisieren.<\/p><p>Diese Cookies werden von Google verwaltet. Nur der Anbieter eines Cookies kann die Informationen dieses Cookies lesen oder \u00e4ndern. Wenn wir Informationen bez\u00fcglich deiner Navigation auf der Website an unsere Partnerseiten \u00fcbermitteln, achtet das Unternehmen auf die Vertraulichkeit deiner Daten.  <\/p><p>Die Ablehnung dieser Werbe-Cookies hat keine Auswirkungen auf die Nutzung der Website. Sie f\u00fchrt lediglich dazu, dass keine Werbung mehr auf der Website angezeigt wird. <\/p><ul><li><strong>Social-Media-Cookies<\/strong><\/li><\/ul><p>Auf unserer Website gibt es Anwendungen, die es dir erm\u00f6glichen, unsere Inhalte bekannt zu machen oder mit anderen zu teilen, dies ist insbesondere bei sozialen Netzwerken der Fall.<\/p><p>Wenn du auf die Symbole f\u00fcr die sozialen Netzwerke Instagram, Facebook, Pinterest und LinkedIn auf der Website klickst und wenn du das Setzen von Cookies durch fortgesetztes Surfen auf der Website akzeptierst, k\u00f6nnen die oben genannten sozialen Netzwerke ebenfalls Cookies auf deinen Endger\u00e4ten setzen.<\/p><p>Es ist jedoch m\u00f6glich, dass soziale Netzwerke deine Navigation verfolgen, selbst wenn du diese Teilen-Buttons oder Anwendungen nicht verwendet hast, wenn dein Konto oder deine Sitzung zu diesem Zeitpunkt auf deinem Ger\u00e4t aktiviert ist. Wir empfehlen dir, dich \u00fcber die Bedingungen und Richtlinien zum Schutz personenbezogener Daten und Cookies dieser sozialen Netzwerke zu informieren. <\/p>\t\t\t\t\t\t\t\t<\/div>\n\t\t\t\t<\/div>\n\t\t\t\t<\/div>\n\t\t\t\t<\/div>\n\t\t\t\t\t<\/div>\n\t\t\t\t<\/div>\n\t\t\t\t<\/div>\n\t\t","protected":false},"excerpt":{"rendered":"<p>Datenschutzerkl\u00e4rung Zuletzt aktualisiert: 13.08.2025 Im Rahmen deiner Nutzung der Website k\u00f6nnen wir personenbezogene Daten \u00fcber dich erheben. Diesbez\u00fcglich ist der Verantwortliche f\u00fcr die Datenverarbeitung die Babymoov Group SAS (\u201eBabymoov\u201c oder \u201ewir\u201c), vertreten durch Herrn Pierre MAGRO. Du kannst uns per E-Mail an rgpd@babymoov.com kontaktieren oder indem du einen Brief an folgende Adresse sendest: Jacqueline-Auriol-Stra\u00dfe 16, [&hellip;]<\/p>\n","protected":false},"author":1,"featured_media":0,"parent":0,"menu_order":0,"comment_status":"closed","ping_status":"open","template":"","meta":{"_acf_changed":false,"footnotes":""},"class_list":["post-6160","page","type-page","status-publish","hentry"],"acf":[],"_links":{"self":[{"href":"https:\/\/nobodytoldme-blog.com\/de\/wp-json\/wp\/v2\/pages\/6160","targetHints":{"allow":["GET"]}}],"collection":[{"href":"https:\/\/nobodytoldme-blog.com\/de\/wp-json\/wp\/v2\/pages"}],"about":[{"href":"https:\/\/nobodytoldme-blog.com\/de\/wp-json\/wp\/v2\/types\/page"}],"author":[{"embeddable":true,"href":"https:\/\/nobodytoldme-blog.com\/de\/wp-json\/wp\/v2\/users\/1"}],"replies":[{"embeddable":true,"href":"https:\/\/nobodytoldme-blog.com\/de\/wp-json\/wp\/v2\/comments?post=6160"}],"version-history":[{"count":1,"href":"https:\/\/nobodytoldme-blog.com\/de\/wp-json\/wp\/v2\/pages\/6160\/revisions"}],"predecessor-version":[{"id":6161,"href":"https:\/\/nobodytoldme-blog.com\/de\/wp-json\/wp\/v2\/pages\/6160\/revisions\/6161"}],"wp:attachment":[{"href":"https:\/\/nobodytoldme-blog.com\/de\/wp-json\/wp\/v2\/media?parent=6160"}],"curies":[{"name":"wp","href":"https:\/\/api.w.org\/{rel}","templated":true}]}}