{"id":6172,"date":"2025-10-27T11:01:22","date_gmt":"2025-10-27T10:01:22","guid":{"rendered":"http:\/\/wixvaam.cluster100.hosting.ovh.net\/de\/partner\/"},"modified":"2025-10-28T15:35:35","modified_gmt":"2025-10-28T14:35:35","slug":"partner","status":"publish","type":"page","link":"https:\/\/nobodytoldme-blog.com\/de\/partner\/","title":{"rendered":"Partner"},"content":{"rendered":"\t\t<div data-elementor-type=\"wp-page\" data-elementor-id=\"6172\" class=\"elementor elementor-6172 elementor-6007\" data-elementor-post-type=\"page\">\n\t\t\t\t<div class=\"elementor-element elementor-element-c4bc084 e-flex e-con-boxed e-con e-parent\" data-id=\"c4bc084\" data-element_type=\"container\" data-e-type=\"container\" data-settings=\"{&quot;background_background&quot;:&quot;classic&quot;}\">\n\t\t\t\t\t<div class=\"e-con-inner\">\n\t\t\t\t\t<\/div>\n\t\t\t\t<\/div>\n\t\t<div class=\"elementor-element elementor-element-6198648 e-flex e-con-boxed e-con e-parent\" data-id=\"6198648\" data-element_type=\"container\" data-e-type=\"container\" data-settings=\"{&quot;background_background&quot;:&quot;classic&quot;}\">\n\t\t\t\t\t<div class=\"e-con-inner\">\n\t\t<div class=\"elementor-element elementor-element-28ccbeb e-con-full e-flex e-con e-child\" data-id=\"28ccbeb\" data-element_type=\"container\" data-e-type=\"container\">\n\t\t\t\t<div class=\"elementor-element elementor-element-0ca06cd elementor-widget elementor-widget-heading\" data-id=\"0ca06cd\" data-element_type=\"widget\" data-e-type=\"widget\" data-widget_type=\"heading.default\">\n\t\t\t\t<div class=\"elementor-widget-container\">\n\t\t\t\t\t<h1 class=\"elementor-heading-title elementor-size-default\">UNSERE PARTNER<\/h1>\t\t\t\t<\/div>\n\t\t\t\t<\/div>\n\t\t\t\t<div class=\"elementor-element elementor-element-7400c8f elementor-widget__width-initial elementor-widget elementor-widget-text-editor\" data-id=\"7400c8f\" data-element_type=\"widget\" data-e-type=\"widget\" data-widget_type=\"text-editor.default\">\n\t\t\t\t<div class=\"elementor-widget-container\">\n\t\t\t\t\t\t\t\t\t<p>Weil jedes sch\u00f6ne Abenteuer gemeinsam entsteht, entdecke unsere Partner, die sich an unserer Seite engagieren: Experten, Kreative und Enthusiasten, die unsere Werte teilen.<\/p>\t\t\t\t\t\t\t\t<\/div>\n\t\t\t\t<\/div>\n\t\t\t\t<\/div>\n\t\t\t\t<div class=\"elementor-element elementor-element-57b3c27 elementor-pagination-type-bullets elementor-arrows-position-inside elementor-pagination-position-outside elementor-widget elementor-widget-n-carousel\" data-id=\"57b3c27\" data-element_type=\"widget\" data-e-type=\"widget\" data-settings=\"{&quot;carousel_items&quot;:[{&quot;slide_title&quot;:&quot;doomoo \\\/ shinncare&quot;,&quot;_id&quot;:&quot;d3c7fd4&quot;},{&quot;slide_title&quot;:&quot;Centre perinatal&quot;,&quot;_id&quot;:&quot;8a14f25&quot;},{&quot;slide_title&quot;:&quot;Odace podcast&quot;,&quot;_id&quot;:&quot;6f4d086&quot;}],&quot;slides_to_show&quot;:&quot;1&quot;,&quot;slides_to_show_tablet&quot;:&quot;2&quot;,&quot;slides_to_show_mobile&quot;:&quot;1&quot;,&quot;infinite&quot;:&quot;yes&quot;,&quot;speed&quot;:500,&quot;offset_sides&quot;:&quot;none&quot;,&quot;arrows&quot;:&quot;yes&quot;,&quot;pagination&quot;:&quot;bullets&quot;,&quot;image_spacing_custom&quot;:{&quot;unit&quot;:&quot;px&quot;,&quot;size&quot;:10,&quot;sizes&quot;:[]},&quot;image_spacing_custom_laptop&quot;:{&quot;unit&quot;:&quot;px&quot;,&quot;size&quot;:&quot;&quot;,&quot;sizes&quot;:[]},&quot;image_spacing_custom_tablet&quot;:{&quot;unit&quot;:&quot;px&quot;,&quot;size&quot;:&quot;&quot;,&quot;sizes&quot;:[]},&quot;image_spacing_custom_mobile&quot;:{&quot;unit&quot;:&quot;px&quot;,&quot;size&quot;:&quot;&quot;,&quot;sizes&quot;:[]}}\" data-widget_type=\"nested-carousel.default\">\n\t\t\t\t<div class=\"elementor-widget-container\">\n\t\t\t\t\t\t\t<div class=\"e-n-carousel swiper\" role=\"region\" aria-roledescription=\"carousel\" aria-label=\"Partenaires\" dir=\"ltr\">\n\t\t\t<div class=\"swiper-wrapper\" aria-live=\"polite\">\n\t\t\t\t\t\t\t\t\t\t<div class=\"swiper-slide\" data-slide=\"1\" role=\"group\" aria-roledescription=\"slide\" aria-label=\"1 von 3\">\n\t\t\t\t\t\t\t<div class=\"elementor-element elementor-element-8151aaa e-flex e-con-boxed e-con e-child\" data-id=\"8151aaa\" data-element_type=\"container\" data-e-type=\"container\">\n\t\t\t\t\t<div class=\"e-con-inner\">\n\t\t\t\t<div class=\"elementor-element elementor-element-7436568 elementor-widget elementor-widget-image\" data-id=\"7436568\" data-element_type=\"widget\" data-e-type=\"widget\" data-widget_type=\"image.default\">\n\t\t\t\t<div class=\"elementor-widget-container\">\n\t\t\t\t\t\t\t\t\t\t\t\t\t\t\t<img decoding=\"async\" width=\"300\" height=\"125\" src=\"https:\/\/nobodytoldme-blog.com\/de\/wp-content\/uploads\/2025\/10\/VISUEL-PARTENAIRE-DOOMOO.svg\" class=\"attachment-medium size-medium wp-image-6179\" alt=\"\" \/>\t\t\t\t\t\t\t\t\t\t\t\t\t\t\t<\/div>\n\t\t\t\t<\/div>\n\t\t\t\t\t<\/div>\n\t\t\t\t<\/div>\n\t\t\t\t\t\t\t\t<\/div>\n\t\t\t\t\t\t\t\t\t\t\t<div class=\"swiper-slide\" data-slide=\"2\" role=\"group\" aria-roledescription=\"slide\" aria-label=\"2 von 3\">\n\t\t\t\t\t\t\t<div class=\"elementor-element elementor-element-009099a e-flex e-con-boxed e-con e-child\" data-id=\"009099a\" data-element_type=\"container\" data-e-type=\"container\">\n\t\t\t\t\t<div class=\"e-con-inner\">\n\t\t\t\t<div class=\"elementor-element elementor-element-9ebeb9d elementor-widget elementor-widget-image\" data-id=\"9ebeb9d\" data-element_type=\"widget\" data-e-type=\"widget\" data-widget_type=\"image.default\">\n\t\t\t\t<div class=\"elementor-widget-container\">\n\t\t\t\t\t\t\t\t\t\t\t\t\t\t\t<img decoding=\"async\" width=\"300\" height=\"125\" src=\"https:\/\/nobodytoldme-blog.com\/de\/wp-content\/uploads\/2025\/10\/VISUEL-PARTENAIRE-CENTRE-PERINATAL.svg\" class=\"attachment-medium size-medium wp-image-6180\" alt=\"\" \/>\t\t\t\t\t\t\t\t\t\t\t\t\t\t\t<\/div>\n\t\t\t\t<\/div>\n\t\t\t\t\t<\/div>\n\t\t\t\t<\/div>\n\t\t\t\t\t\t\t\t<\/div>\n\t\t\t\t\t\t\t\t\t\t\t<div class=\"swiper-slide\" data-slide=\"3\" role=\"group\" aria-roledescription=\"slide\" aria-label=\"3 von 3\">\n\t\t\t\t\t\t\t<div class=\"elementor-element elementor-element-712ab7e e-flex e-con-boxed e-con e-child\" data-id=\"712ab7e\" data-element_type=\"container\" data-e-type=\"container\">\n\t\t\t\t\t<div class=\"e-con-inner\">\n\t\t\t\t<div class=\"elementor-element elementor-element-0a95601 elementor-widget elementor-widget-image\" data-id=\"0a95601\" data-element_type=\"widget\" data-e-type=\"widget\" data-widget_type=\"image.default\">\n\t\t\t\t<div class=\"elementor-widget-container\">\n\t\t\t\t\t\t\t\t\t\t\t\t\t\t\t<img decoding=\"async\" width=\"300\" height=\"125\" src=\"https:\/\/nobodytoldme-blog.com\/de\/wp-content\/uploads\/2025\/10\/VISUEL-PARTENAIRE-ODACE-1.svg\" class=\"attachment-medium size-medium wp-image-6182\" alt=\"\" \/>\t\t\t\t\t\t\t\t\t\t\t\t\t\t\t<\/div>\n\t\t\t\t<\/div>\n\t\t\t\t\t<\/div>\n\t\t\t\t<\/div>\n\t\t\t\t\t\t\t\t<\/div>\n\t\t\t\t\t\t\t\t<\/div>\n\t\t<\/div>\n\t\t\t\t\t<div class=\"elementor-swiper-button elementor-swiper-button-prev\" role=\"button\" tabindex=\"0\" aria-label=\"Voriger\">\n\t\t\t\t<svg aria-hidden=\"true\" class=\"e-font-icon-svg e-eicon-chevron-left\" viewBox=\"0 0 1000 1000\" xmlns=\"http:\/\/www.w3.org\/2000\/svg\"><path d=\"M646 125C629 125 613 133 604 142L308 442C296 454 292 471 292 487 292 504 296 521 308 533L604 854C617 867 629 875 646 875 663 875 679 871 692 858 704 846 713 829 713 812 713 796 708 779 692 767L438 487 692 225C700 217 708 204 708 187 708 171 704 154 692 142 675 129 663 125 646 125Z\"><\/path><\/svg>\t\t\t<\/div>\n\t\t\t<div class=\"elementor-swiper-button elementor-swiper-button-next\" role=\"button\" tabindex=\"0\" aria-label=\"N\u00e4chster\">\n\t\t\t\t<svg aria-hidden=\"true\" class=\"e-font-icon-svg e-eicon-chevron-right\" viewBox=\"0 0 1000 1000\" xmlns=\"http:\/\/www.w3.org\/2000\/svg\"><path d=\"M696 533C708 521 713 504 713 487 713 471 708 454 696 446L400 146C388 133 375 125 354 125 338 125 325 129 313 142 300 154 292 171 292 187 292 204 296 221 308 233L563 492 304 771C292 783 288 800 288 817 288 833 296 850 308 863 321 871 338 875 354 875 371 875 388 867 400 854L696 533Z\"><\/path><\/svg>\t\t\t<\/div>\n\t\t\t\t\t<div class=\"swiper-pagination\"><\/div>\n\t\t\t\t\t\t<\/div>\n\t\t\t\t<\/div>\n\t\t<div class=\"elementor-element elementor-element-1bc583b e-con-full e-flex e-con e-child\" data-id=\"1bc583b\" data-element_type=\"container\" data-e-type=\"container\">\n\t\t<div class=\"elementor-element elementor-element-7d6bd90 e-con-full conteneur-partenaires e-flex e-con e-child\" data-id=\"7d6bd90\" data-element_type=\"container\" data-e-type=\"container\" data-settings=\"{&quot;background_background&quot;:&quot;classic&quot;}\">\n\t\t\t\t<div class=\"elementor-element elementor-element-9afeb32 elementor-widget elementor-widget-image\" data-id=\"9afeb32\" data-element_type=\"widget\" data-e-type=\"widget\" data-widget_type=\"image.default\">\n\t\t\t\t<div class=\"elementor-widget-container\">\n\t\t\t\t\t\t\t\t\t\t\t\t\t\t\t<img loading=\"lazy\" decoding=\"async\" width=\"150\" height=\"26\" src=\"https:\/\/nobodytoldme-blog.com\/de\/wp-content\/uploads\/2025\/10\/LOGO_DOOMOO_BLANC.svg\" class=\"attachment-thumbnail size-thumbnail wp-image-6183\" alt=\"\" \/>\t\t\t\t\t\t\t\t\t\t\t\t\t\t\t<\/div>\n\t\t\t\t<\/div>\n\t\t\t\t<div class=\"elementor-element elementor-element-32f64cc elementor-widget elementor-widget-heading\" data-id=\"32f64cc\" data-element_type=\"widget\" data-e-type=\"widget\" data-widget_type=\"heading.default\">\n\t\t\t\t<div class=\"elementor-widget-container\">\n\t\t\t\t\t<h2 class=\"elementor-heading-title elementor-size-default\">WACHSE AN SELBSTVERTRAUEN<\/h2>\t\t\t\t<\/div>\n\t\t\t\t<\/div>\n\t\t\t\t<div class=\"elementor-element elementor-element-cf564ad elementor-widget elementor-widget-image\" data-id=\"cf564ad\" data-element_type=\"widget\" data-e-type=\"widget\" data-widget_type=\"image.default\">\n\t\t\t\t<div class=\"elementor-widget-container\">\n\t\t\t\t\t\t\t\t\t\t\t\t\t\t\t<img loading=\"lazy\" decoding=\"async\" width=\"800\" height=\"166\" src=\"https:\/\/nobodytoldme-blog.com\/de\/wp-content\/uploads\/2025\/10\/VISUEL-PAGE-PARTENAIRES-NOBODYTOLDME-1024x213.jpg\" class=\"attachment-large size-large wp-image-6185\" alt=\"\" srcset=\"https:\/\/nobodytoldme-blog.com\/de\/wp-content\/uploads\/2025\/10\/VISUEL-PAGE-PARTENAIRES-NOBODYTOLDME-1024x213.jpg 1024w, https:\/\/nobodytoldme-blog.com\/de\/wp-content\/uploads\/2025\/10\/VISUEL-PAGE-PARTENAIRES-NOBODYTOLDME-300x63.jpg 300w, https:\/\/nobodytoldme-blog.com\/de\/wp-content\/uploads\/2025\/10\/VISUEL-PAGE-PARTENAIRES-NOBODYTOLDME-768x160.jpg 768w, https:\/\/nobodytoldme-blog.com\/de\/wp-content\/uploads\/2025\/10\/VISUEL-PAGE-PARTENAIRES-NOBODYTOLDME-1536x320.jpg 1536w, https:\/\/nobodytoldme-blog.com\/de\/wp-content\/uploads\/2025\/10\/VISUEL-PAGE-PARTENAIRES-NOBODYTOLDME-2048x427.jpg 2048w\" sizes=\"(max-width: 800px) 100vw, 800px\" \/>\t\t\t\t\t\t\t\t\t\t\t\t\t\t\t<\/div>\n\t\t\t\t<\/div>\n\t\t\t\t<div class=\"elementor-element elementor-element-07390e4 elementor-widget elementor-widget-text-editor\" data-id=\"07390e4\" data-element_type=\"widget\" data-e-type=\"widget\" data-widget_type=\"text-editor.default\">\n\t\t\t\t<div class=\"elementor-widget-container\">\n\t\t\t\t\t\t\t\t\t<p>Wir bei doomoo glauben, dass jede Frau es verdient, ihre Mutterschaft selbstbewusst, sanft und stolz zu erleben.<\/p><p> <\/p><p>Unsere Mission? Dich von den ersten Schwangerschaftswochen an zu begleiten und dich in jeder Phase zu unterst\u00fctzen, mit Produkten, die Komfort, Wirksamkeit und F\u00fcrsorge vereinen. Ultrabequeme Stillkissen, Postpartum-Pflege, Baby-Essentials\u2026 Jede doomoo-Kreation wird von Experten entwickelt, um deinen physiologischen und emotionalen Bed\u00fcrfnissen gerecht zu werden. Weil Schwangerschaft eine einzigartige Umw\u00e4lzung ist, ist doomoo da, um dir zuzuh\u00f6ren, dich zu umgeben und dich daran zu erinnern, dass du stark, sch\u00f6n\u2026 und niemals allein bist.   <\/p>\t\t\t\t\t\t\t\t<\/div>\n\t\t\t\t<\/div>\n\t\t\t\t<div class=\"elementor-element elementor-element-719b7a9 elementor-align-center elementor-widget elementor-widget-button\" data-id=\"719b7a9\" data-element_type=\"widget\" data-e-type=\"widget\" data-widget_type=\"button.default\">\n\t\t\t\t<div class=\"elementor-widget-container\">\n\t\t\t\t\t\t\t\t\t<div class=\"elementor-button-wrapper\">\n\t\t\t\t\t<a class=\"elementor-button elementor-button-link elementor-size-sm\" href=\"https:\/\/babymoov.com\/pages\/doomoo-grow-in-comfort\">\n\t\t\t\t\t\t<span class=\"elementor-button-content-wrapper\">\n\t\t\t\t\t\t\t\t\t<span class=\"elementor-button-text\">Marke entdecken<\/span>\n\t\t\t\t\t<\/span>\n\t\t\t\t\t<\/a>\n\t\t\t\t<\/div>\n\t\t\t\t\t\t\t\t<\/div>\n\t\t\t\t<\/div>\n\t\t\t\t<div class=\"elementor-element elementor-element-487689e elementor-widget elementor-widget-image\" data-id=\"487689e\" data-element_type=\"widget\" data-e-type=\"widget\" data-widget_type=\"image.default\">\n\t\t\t\t<div class=\"elementor-widget-container\">\n\t\t\t\t\t\t\t\t\t\t\t\t\t\t\t<img loading=\"lazy\" decoding=\"async\" width=\"150\" height=\"109\" src=\"https:\/\/nobodytoldme-blog.com\/de\/wp-content\/uploads\/2025\/10\/LOGO_DOOMOOxSHINNCARE_BASELINE_BLANC.svg\" class=\"attachment-thumbnail size-thumbnail wp-image-6184\" alt=\"\" \/>\t\t\t\t\t\t\t\t\t\t\t\t\t\t\t<\/div>\n\t\t\t\t<\/div>\n\t\t\t\t<div class=\"elementor-element elementor-element-3401820 elementor-widget elementor-widget-text-editor\" data-id=\"3401820\" data-element_type=\"widget\" data-e-type=\"widget\" data-widget_type=\"text-editor.default\">\n\t\t\t\t<div class=\"elementor-widget-container\">\n\t\t\t\t\t\t\t\t\t<p>Unsere Mission: Frauen vor, w\u00e4hrend und nach der Mutterschaft (wieder) zu st\u00e4rken. Ihnen zu helfen, sich gut, sch\u00f6n und stark zu f\u00fchlen, selbst an schlechten Tagen. Unter gyn\u00e4kologischer und dermatologischer Kontrolle entwickelt, erf\u00fcllen ShinnCare-Produkte die Bed\u00fcrfnisse von Frauen effektiv, dank nat\u00fcrlicher Inhaltsstoffe, die ihr intimes Mikrobiom respektieren.  <\/p><p> <\/p><p>Gemeinsam schaffen wir Erlebnisse, in denen Pflege und Komfort zusammenkommen, um diese Zeit zu einem einzigartigen Abenteuer zu machen \u2013 zuerst als Frau, dann als Mutter.<\/p>\t\t\t\t\t\t\t\t<\/div>\n\t\t\t\t<\/div>\n\t\t\t\t<\/div>\n\t\t\t\t<\/div>\n\t\t\t\t\t<\/div>\n\t\t\t\t<\/div>\n\t\t\t\t<\/div>\n\t\t","protected":false},"excerpt":{"rendered":"<p>UNSERE PARTNER Weil jedes sch\u00f6ne Abenteuer gemeinsam entsteht, entdecke unsere Partner, die sich an unserer Seite engagieren: Experten, Kreative und Enthusiasten, die unsere Werte teilen. WACHSE AN SELBSTVERTRAUEN Wir bei doomoo glauben, dass jede Frau es verdient, ihre Mutterschaft selbstbewusst, sanft und stolz zu erleben. Unsere Mission? Dich von den ersten Schwangerschaftswochen an zu begleiten [&hellip;]<\/p>\n","protected":false},"author":19,"featured_media":0,"parent":0,"menu_order":0,"comment_status":"closed","ping_status":"closed","template":"","meta":{"_acf_changed":false,"footnotes":""},"class_list":["post-6172","page","type-page","status-publish","hentry"],"acf":[],"_links":{"self":[{"href":"https:\/\/nobodytoldme-blog.com\/de\/wp-json\/wp\/v2\/pages\/6172","targetHints":{"allow":["GET"]}}],"collection":[{"href":"https:\/\/nobodytoldme-blog.com\/de\/wp-json\/wp\/v2\/pages"}],"about":[{"href":"https:\/\/nobodytoldme-blog.com\/de\/wp-json\/wp\/v2\/types\/page"}],"author":[{"embeddable":true,"href":"https:\/\/nobodytoldme-blog.com\/de\/wp-json\/wp\/v2\/users\/19"}],"replies":[{"embeddable":true,"href":"https:\/\/nobodytoldme-blog.com\/de\/wp-json\/wp\/v2\/comments?post=6172"}],"version-history":[{"count":1,"href":"https:\/\/nobodytoldme-blog.com\/de\/wp-json\/wp\/v2\/pages\/6172\/revisions"}],"predecessor-version":[{"id":6186,"href":"https:\/\/nobodytoldme-blog.com\/de\/wp-json\/wp\/v2\/pages\/6172\/revisions\/6186"}],"wp:attachment":[{"href":"https:\/\/nobodytoldme-blog.com\/de\/wp-json\/wp\/v2\/media?parent=6172"}],"curies":[{"name":"wp","href":"https:\/\/api.w.org\/{rel}","templated":true}]}}