{"id":6289,"date":"2025-06-17T13:58:21","date_gmt":"2025-06-17T11:58:21","guid":{"rendered":"http:\/\/wixvaam.cluster100.hosting.ovh.net\/de\/impressum\/"},"modified":"2025-10-28T15:41:31","modified_gmt":"2025-10-28T14:41:31","slug":"impressum","status":"publish","type":"page","link":"https:\/\/nobodytoldme-blog.com\/de\/impressum\/","title":{"rendered":"Impressum"},"content":{"rendered":"\t\t<div data-elementor-type=\"wp-page\" data-elementor-id=\"6289\" class=\"elementor elementor-6289 elementor-15\" data-elementor-post-type=\"page\">\n\t\t\t\t<div class=\"elementor-element elementor-element-b4d3dab e-flex e-con-boxed e-con e-parent\" data-id=\"b4d3dab\" data-element_type=\"container\" data-e-type=\"container\" data-settings=\"{&quot;background_background&quot;:&quot;classic&quot;}\">\n\t\t\t\t\t<div class=\"e-con-inner\">\n\t\t\t\t<div class=\"elementor-element elementor-element-9146f19 elementor-widget elementor-widget-heading\" data-id=\"9146f19\" data-element_type=\"widget\" data-e-type=\"widget\" data-widget_type=\"heading.default\">\n\t\t\t\t<div class=\"elementor-widget-container\">\n\t\t\t\t\t<h1 class=\"elementor-heading-title elementor-size-default\">Impressum #nobodytoldme<\/h1>\t\t\t\t<\/div>\n\t\t\t\t<\/div>\n\t\t<div class=\"elementor-element elementor-element-93355a4 e-con-full e-flex e-con e-child\" data-id=\"93355a4\" data-element_type=\"container\" data-e-type=\"container\">\n\t\t\t\t<div class=\"elementor-element elementor-element-ce1d7ef elementor-widget elementor-widget-heading\" data-id=\"ce1d7ef\" data-element_type=\"widget\" data-e-type=\"widget\" data-widget_type=\"heading.default\">\n\t\t\t\t<div class=\"elementor-widget-container\">\n\t\t\t\t\t<h2 class=\"elementor-heading-title elementor-size-default\">1) ANGABEN ZUM HERAUSGEBER<\/h2>\t\t\t\t<\/div>\n\t\t\t\t<\/div>\n\t\t\t\t<div class=\"elementor-element elementor-element-a0fc2df elementor-widget elementor-widget-text-editor\" data-id=\"a0fc2df\" data-element_type=\"widget\" data-e-type=\"widget\" data-widget_type=\"text-editor.default\">\n\t\t\t\t<div class=\"elementor-widget-container\">\n\t\t\t\t\t\t\t\t\t<p>Diese Website ist das alleinige Eigentum der Gesellschaft <strong>HAPPEEZ<\/strong>, einer vereinfachten Aktiengesellschaft mit einem Kapital von 437.050,00 \u20ac, eingetragen im Handels- und Gesellschaftsregister von Clermont-Ferrand unter der Nummer 821 943 040, deren Umsatzsteuer-Identifikationsnummer FR86821943040 lautet und deren Hauptsitz sich in 16, rue Jacqueline Auriol, Parc Industriel des Gravanches, 63100 Clermont-Ferrand, Frankreich befindet.<\/p><p>Der Verantwortliche f\u00fcr die Ver\u00f6ffentlichung dieser Website ist Herr Pierre MAGRO.<\/p><p>Die Aktualisierungen werden von Frau Pauline GUBERT vorgenommen.<\/p><p>Der Nutzer kann der Gesellschaft HAPPEEZ Kommentare, Korrekturen, Fehler, Auslassungen oder Fragen mitteilen, indem er eine E-Mail an webmaster@babymoov.com sendet.<\/p>\t\t\t\t\t\t\t\t<\/div>\n\t\t\t\t<\/div>\n\t\t\t\t<\/div>\n\t\t<div class=\"elementor-element elementor-element-5c87c09 e-con-full e-flex e-con e-child\" data-id=\"5c87c09\" data-element_type=\"container\" data-e-type=\"container\">\n\t\t\t\t<div class=\"elementor-element elementor-element-30a22b8 elementor-widget elementor-widget-heading\" data-id=\"30a22b8\" data-element_type=\"widget\" data-e-type=\"widget\" data-widget_type=\"heading.default\">\n\t\t\t\t<div class=\"elementor-widget-container\">\n\t\t\t\t\t<h2 class=\"elementor-heading-title elementor-size-default\">2) ANGABEN ZUM HOSTING-ANBIETER<\/h2>\t\t\t\t<\/div>\n\t\t\t\t<\/div>\n\t\t\t\t<div class=\"elementor-element elementor-element-fcdbf92 elementor-widget elementor-widget-text-editor\" data-id=\"fcdbf92\" data-element_type=\"widget\" data-e-type=\"widget\" data-widget_type=\"text-editor.default\">\n\t\t\t\t<div class=\"elementor-widget-container\">\n\t\t\t\t\t\t\t\t\t<p>Der Anbieter, der das Hosting dieser Website gew\u00e4hrleistet, ist die Gesellschaft<\/p><p><strong>OVH<\/strong>, mit Sitz in 2 rue Kellermann, 59100 Roubaix, Frankreich. Du kannst OVH unter 09 72 10 10 07 kontaktieren. <\/p>\t\t\t\t\t\t\t\t<\/div>\n\t\t\t\t<\/div>\n\t\t\t\t<\/div>\n\t\t<div class=\"elementor-element elementor-element-18e6638 e-con-full e-flex e-con e-child\" data-id=\"18e6638\" data-element_type=\"container\" data-e-type=\"container\">\n\t\t\t\t<div class=\"elementor-element elementor-element-76620a3 elementor-widget elementor-widget-heading\" data-id=\"76620a3\" data-element_type=\"widget\" data-e-type=\"widget\" data-widget_type=\"heading.default\">\n\t\t\t\t<div class=\"elementor-widget-container\">\n\t\t\t\t\t<h2 class=\"elementor-heading-title elementor-size-default\">3) GEISTIGES EIGENTUM<\/h2>\t\t\t\t<\/div>\n\t\t\t\t<\/div>\n\t\t\t\t<div class=\"elementor-element elementor-element-d777b77 elementor-widget elementor-widget-text-editor\" data-id=\"d777b77\" data-element_type=\"widget\" data-e-type=\"widget\" data-widget_type=\"text-editor.default\">\n\t\t\t\t<div class=\"elementor-widget-container\">\n\t\t\t\t\t\t\t\t\t<p>Die Website <a href=\"http:\/\/www.nobodytoldme-blog.com\">www.nobodytoldme-blog.com<\/a> ist urheberrechtlich durch HAPPEEZ gesch\u00fctzt, das die Rechte an allen vom Herausgeber ver\u00f6ffentlichten und auf dieser Website zug\u00e4nglichen Elementen besitzt, insbesondere an Texten, Bildern, Grafiken, Marken, Logos, Videos, Icons, Sounds usw.<\/p><p> <\/p><p>Gem\u00e4\u00df den Bestimmungen des Gesetzes \u00fcber geistiges Eigentum kann jede vollst\u00e4ndige oder teilweise Vervielf\u00e4ltigung, Darstellung, \u00c4nderung, Ver\u00f6ffentlichung, Anpassung der Bestandteile dieser Website, unabh\u00e4ngig von den verwendeten Mitteln oder Verfahren, eine Verletzung darstellen.<\/p><p>Folglich sind, au\u00dfer mit ausdr\u00fccklicher vorheriger Genehmigung von HAPPEEZ, die vollst\u00e4ndige oder teilweise Vervielf\u00e4ltigung, Darstellung, \u00c4nderung, Ver\u00f6ffentlichung, Anpassung der gesamten oder eines Teils dieser Website strengstens untersagt.<\/p>\t\t\t\t\t\t\t\t<\/div>\n\t\t\t\t<\/div>\n\t\t\t\t<\/div>\n\t\t<div class=\"elementor-element elementor-element-9d54619 e-con-full e-flex e-con e-child\" data-id=\"9d54619\" data-element_type=\"container\" data-e-type=\"container\">\n\t\t\t\t<div class=\"elementor-element elementor-element-e268191 elementor-widget elementor-widget-heading\" data-id=\"e268191\" data-element_type=\"widget\" data-e-type=\"widget\" data-widget_type=\"heading.default\">\n\t\t\t\t<div class=\"elementor-widget-container\">\n\t\t\t\t\t<h2 class=\"elementor-heading-title elementor-size-default\">4) HAFTUNG<\/h2>\t\t\t\t<\/div>\n\t\t\t\t<\/div>\n\t\t\t\t<div class=\"elementor-element elementor-element-ffeb550 elementor-widget elementor-widget-text-editor\" data-id=\"ffeb550\" data-element_type=\"widget\" data-e-type=\"widget\" data-widget_type=\"text-editor.default\">\n\t\t\t\t<div class=\"elementor-widget-container\">\n\t\t\t\t\t\t\t\t\t<p>Die auf dieser Website verf\u00fcgbaren Informationen und Daten dienen lediglich der allgemeinen Information und k\u00f6nnen weder als vollst\u00e4ndig angesehen werden noch die Haftung der Gesellschaft in irgendeiner Weise begr\u00fcnden. In diesem Zusammenhang kann HAPPEEZ keine Haftung f\u00fcr Fehler oder fehlende Informationen oder Daten, f\u00fcr das Vorhandensein von Viren auf dieser Website oder f\u00fcr direkte und\/oder indirekte Sch\u00e4den im Zusammenhang mit der Nutzung dieser Informationen oder infolge einer Verbindung zu dieser Website \u00fcbernehmen, die der Nutzer auf eigene Verantwortung herstellt. <\/p><p> <\/p><p>Es wird ferner darauf hingewiesen, dass HAPPEEZ keinerlei Haftung f\u00fcr Inhalte \u00fcbernimmt, die von Dritten auf dieser Website ver\u00f6ffentlicht werden, wobei die Online-Bereitstellung dieser Inhalte durch HAPPEEZ in keiner Weise eine Best\u00e4tigung, Genehmigung oder Zustimmung der Gesellschaft HAPPEEZ zu den genannten Inhalten darstellt, noch eine Verbindung der Gesellschaft HAPPEEZ mit den Autoren dieser Inhalte. <\/p><p> <\/p><p>Im Falle eines Rechtsstreits unterliegt dieser dem franz\u00f6sischen Recht und wird vor die zust\u00e4ndigen franz\u00f6sischen Gerichte gebracht.<\/p>\t\t\t\t\t\t\t\t<\/div>\n\t\t\t\t<\/div>\n\t\t\t\t<\/div>\n\t\t\t\t\t<\/div>\n\t\t\t\t<\/div>\n\t\t\t\t<\/div>\n\t\t","protected":false},"excerpt":{"rendered":"<p>Impressum #nobodytoldme 1) ANGABEN ZUM HERAUSGEBER Diese Website ist das alleinige Eigentum der Gesellschaft HAPPEEZ, einer vereinfachten Aktiengesellschaft mit einem Kapital von 437.050,00 \u20ac, eingetragen im Handels- und Gesellschaftsregister von Clermont-Ferrand unter der Nummer 821 943 040, deren Umsatzsteuer-Identifikationsnummer FR86821943040 lautet und deren Hauptsitz sich in 16, rue Jacqueline Auriol, Parc Industriel des Gravanches, 63100 [&hellip;]<\/p>\n","protected":false},"author":1,"featured_media":0,"parent":0,"menu_order":0,"comment_status":"closed","ping_status":"closed","template":"","meta":{"_acf_changed":false,"footnotes":""},"class_list":["post-6289","page","type-page","status-publish","hentry"],"acf":[],"_links":{"self":[{"href":"https:\/\/nobodytoldme-blog.com\/de\/wp-json\/wp\/v2\/pages\/6289","targetHints":{"allow":["GET"]}}],"collection":[{"href":"https:\/\/nobodytoldme-blog.com\/de\/wp-json\/wp\/v2\/pages"}],"about":[{"href":"https:\/\/nobodytoldme-blog.com\/de\/wp-json\/wp\/v2\/types\/page"}],"author":[{"embeddable":true,"href":"https:\/\/nobodytoldme-blog.com\/de\/wp-json\/wp\/v2\/users\/1"}],"replies":[{"embeddable":true,"href":"https:\/\/nobodytoldme-blog.com\/de\/wp-json\/wp\/v2\/comments?post=6289"}],"version-history":[{"count":1,"href":"https:\/\/nobodytoldme-blog.com\/de\/wp-json\/wp\/v2\/pages\/6289\/revisions"}],"predecessor-version":[{"id":6290,"href":"https:\/\/nobodytoldme-blog.com\/de\/wp-json\/wp\/v2\/pages\/6289\/revisions\/6290"}],"wp:attachment":[{"href":"https:\/\/nobodytoldme-blog.com\/de\/wp-json\/wp\/v2\/media?parent=6289"}],"curies":[{"name":"wp","href":"https:\/\/api.w.org\/{rel}","templated":true}]}}