{"id":6293,"date":"2025-06-17T13:58:57","date_gmt":"2025-06-17T11:58:57","guid":{"rendered":"http:\/\/wixvaam.cluster100.hosting.ovh.net\/de\/nutzungsbedingungen\/"},"modified":"2025-10-28T15:42:39","modified_gmt":"2025-10-28T14:42:39","slug":"nutzungsbedingungen","status":"publish","type":"page","link":"https:\/\/nobodytoldme-blog.com\/de\/nutzungsbedingungen\/","title":{"rendered":"Nutzungsbedingungen"},"content":{"rendered":"\t\t<div data-elementor-type=\"wp-page\" data-elementor-id=\"6293\" class=\"elementor elementor-6293 elementor-21\" data-elementor-post-type=\"page\">\n\t\t\t\t<div class=\"elementor-element elementor-element-439fab9 e-flex e-con-boxed e-con e-parent\" data-id=\"439fab9\" data-element_type=\"container\" data-e-type=\"container\" data-settings=\"{&quot;background_background&quot;:&quot;classic&quot;}\">\n\t\t\t\t\t<div class=\"e-con-inner\">\n\t\t\t\t<div class=\"elementor-element elementor-element-a7749c7 elementor-widget elementor-widget-heading\" data-id=\"a7749c7\" data-element_type=\"widget\" data-e-type=\"widget\" data-widget_type=\"heading.default\">\n\t\t\t\t<div class=\"elementor-widget-container\">\n\t\t\t\t\t<h1 class=\"elementor-heading-title elementor-size-default\">AGB #nobodytoldme<\/h1>\t\t\t\t<\/div>\n\t\t\t\t<\/div>\n\t\t\t\t<div class=\"elementor-element elementor-element-65c3683 elementor-widget elementor-widget-text-editor\" data-id=\"65c3683\" data-element_type=\"widget\" data-e-type=\"widget\" data-widget_type=\"text-editor.default\">\n\t\t\t\t<div class=\"elementor-widget-container\">\n\t\t\t\t\t\t\t\t\t<p>Um das bestm\u00f6gliche Erlebnis zu gew\u00e4hrleisten, unterliegt die Nutzung der Website bestimmten Regeln (die \u201eAllgemeinen Gesch\u00e4ftsbedingungen\u201c oder \u201eAGB\u201c). Indem du auf die Website zugreifst oder sie nutzt, akzeptierst du die Allgemeinen Gesch\u00e4ftsbedingungen. <\/p><p>#Nobodytoldme (die \u201eWebsite\u201c) ist ein <em>sicherer Ort<\/em> f\u00fcr alle Frauen, die die Realit\u00e4t der Mutterschaft kennenlernen m\u00f6chten, durch die Erfahrungsberichte anderer Frauen, begleitet von Expertenratschl\u00e4gen zu oft tabuisierten Themen.<\/p><p>Die Website ist in zwei Teile unterteilt: den Blog und das Forum.<\/p>\t\t\t\t\t\t\t\t<\/div>\n\t\t\t\t<\/div>\n\t\t<div class=\"elementor-element elementor-element-2d19c2c e-con-full e-flex e-con e-child\" data-id=\"2d19c2c\" data-element_type=\"container\" data-e-type=\"container\">\n\t\t\t\t<div class=\"elementor-element elementor-element-7c432a8 elementor-widget elementor-widget-heading\" data-id=\"7c432a8\" data-element_type=\"widget\" data-e-type=\"widget\" data-widget_type=\"heading.default\">\n\t\t\t\t<div class=\"elementor-widget-container\">\n\t\t\t\t\t<h2 class=\"elementor-heading-title elementor-size-default\">I. Der Blog<\/h2>\t\t\t\t<\/div>\n\t\t\t\t<\/div>\n\t\t\t\t<div class=\"elementor-element elementor-element-aa5322d elementor-widget elementor-widget-text-editor\" data-id=\"aa5322d\" data-element_type=\"widget\" data-e-type=\"widget\" data-widget_type=\"text-editor.default\">\n\t\t\t\t<div class=\"elementor-widget-container\">\n\t\t\t\t\t\t\t\t\t<p>Der Blog ist ein Informationsort, wo sich Nutzer \u00fcber Mutterschaft informieren k\u00f6nnen, dank Artikeln, die von Gesundheitsexperten und den Doomoo-Teams verfasst wurden (unser \u201eInhalt\u201c).<\/p>\t\t\t\t\t\t\t\t<\/div>\n\t\t\t\t<\/div>\n\t\t<div class=\"elementor-element elementor-element-6ad47d1 e-con-full e-flex e-con e-child\" data-id=\"6ad47d1\" data-element_type=\"container\" data-e-type=\"container\">\n\t\t\t\t<div class=\"elementor-element elementor-element-21aced9 elementor-widget elementor-widget-heading\" data-id=\"21aced9\" data-element_type=\"widget\" data-e-type=\"widget\" data-widget_type=\"heading.default\">\n\t\t\t\t<div class=\"elementor-widget-container\">\n\t\t\t\t\t<h3 class=\"elementor-heading-title elementor-size-default\">1) Haftungsbeschr\u00e4nkung <\/h3>\t\t\t\t<\/div>\n\t\t\t\t<\/div>\n\t\t\t\t<div class=\"elementor-element elementor-element-38685a8 elementor-widget elementor-widget-text-editor\" data-id=\"38685a8\" data-element_type=\"widget\" data-e-type=\"widget\" data-widget_type=\"text-editor.default\">\n\t\t\t\t<div class=\"elementor-widget-container\">\n\t\t\t\t\t\t\t\t\t<p>Die auf diesem Blog pr\u00e4sentierten Informationen dienen nur zu Informationszwecken und ersetzen in keinem Fall eine medizinische Beratung, Diagnose oder professionelle Behandlung.<br>Im Zweifelsfall oder bei gesundheitlichen Problemen konsultiere bitte einen qualifizierten Gesundheitsfachmann.<br>Wir \u00fcbernehmen keine Verantwortung f\u00fcr die Folgen, die sich aus der Nutzung der auf dieser Website enthaltenen Informationen ergeben.<\/p>\t\t\t\t\t\t\t\t<\/div>\n\t\t\t\t<\/div>\n\t\t\t\t<\/div>\n\t\t<div class=\"elementor-element elementor-element-43ba1f4 e-con-full e-flex e-con e-child\" data-id=\"43ba1f4\" data-element_type=\"container\" data-e-type=\"container\">\n\t\t\t\t<div class=\"elementor-element elementor-element-d4c7494 elementor-widget elementor-widget-heading\" data-id=\"d4c7494\" data-element_type=\"widget\" data-e-type=\"widget\" data-widget_type=\"heading.default\">\n\t\t\t\t<div class=\"elementor-widget-container\">\n\t\t\t\t\t<h3 class=\"elementor-heading-title elementor-size-default\">2) Hyperlinks<\/h3>\t\t\t\t<\/div>\n\t\t\t\t<\/div>\n\t\t\t\t<div class=\"elementor-element elementor-element-b3d3de4 elementor-widget elementor-widget-text-editor\" data-id=\"b3d3de4\" data-element_type=\"widget\" data-e-type=\"widget\" data-widget_type=\"text-editor.default\">\n\t\t\t\t<div class=\"elementor-widget-container\">\n\t\t\t\t\t\t\t\t\t<p>Die von den Website-Teams online gestellten Inhalte k\u00f6nnen manchmal Links zu externen Websites und\/oder zu unseren verbundenen Unternehmen enthalten (die \u201eDrittanbieter-Websites\u201c). Deine Nutzung der Drittanbieter-Websites erfolgt auf deine eigene Verantwortung und dein eigenes Risiko. Wir \u00fcbernehmen keinerlei Verantwortung f\u00fcr deine Erfahrungen mit den Drittanbieter-Websites.  <\/p>\t\t\t\t\t\t\t\t<\/div>\n\t\t\t\t<\/div>\n\t\t\t\t<\/div>\n\t\t<div class=\"elementor-element elementor-element-4e514eb e-con-full e-flex e-con e-child\" data-id=\"4e514eb\" data-element_type=\"container\" data-e-type=\"container\">\n\t\t\t\t<div class=\"elementor-element elementor-element-ae3618a elementor-widget elementor-widget-heading\" data-id=\"ae3618a\" data-element_type=\"widget\" data-e-type=\"widget\" data-widget_type=\"heading.default\">\n\t\t\t\t<div class=\"elementor-widget-container\">\n\t\t\t\t\t<h3 class=\"elementor-heading-title elementor-size-default\">3) Geistiges Eigentum<\/h3>\t\t\t\t<\/div>\n\t\t\t\t<\/div>\n\t\t\t\t<div class=\"elementor-element elementor-element-a38dea8 elementor-widget elementor-widget-text-editor\" data-id=\"a38dea8\" data-element_type=\"widget\" data-e-type=\"widget\" data-widget_type=\"text-editor.default\">\n\t\t\t\t<div class=\"elementor-widget-container\">\n\t\t\t\t\t\t\t\t\t<p>Wir behalten die geistigen Eigentumsrechte an allen auf dem Blog ver\u00f6ffentlichten Elementen, insbesondere Texte, Bilder, Grafiken, Marken, Logos, Videos, Icons, Sounds usw.<\/p><p> <\/p><p>Gem\u00e4\u00df den Bestimmungen des Gesetzes \u00fcber geistiges Eigentum sind, au\u00dfer mit vorheriger ausdr\u00fccklicher Genehmigung von HAPPEEZ, die vollst\u00e4ndige oder teilweise Vervielf\u00e4ltigung, Darstellung, \u00c4nderung, Ver\u00f6ffentlichung, Anpassung aller oder eines Teils der Elemente des Blogs strengstens untersagt.<\/p>\t\t\t\t\t\t\t\t<\/div>\n\t\t\t\t<\/div>\n\t\t\t\t<\/div>\n\t\t\t\t<\/div>\n\t\t<div class=\"elementor-element elementor-element-fa951c2 e-con-full e-flex e-con e-child\" data-id=\"fa951c2\" data-element_type=\"container\" data-e-type=\"container\">\n\t\t\t\t<div class=\"elementor-element elementor-element-5898227 elementor-widget elementor-widget-heading\" data-id=\"5898227\" data-element_type=\"widget\" data-e-type=\"widget\" data-widget_type=\"heading.default\">\n\t\t\t\t<div class=\"elementor-widget-container\">\n\t\t\t\t\t<h2 class=\"elementor-heading-title elementor-size-default\">II. Das Forum <\/h2>\t\t\t\t<\/div>\n\t\t\t\t<\/div>\n\t\t\t\t<div class=\"elementor-element elementor-element-a9e6961 elementor-widget elementor-widget-text-editor\" data-id=\"a9e6961\" data-element_type=\"widget\" data-e-type=\"widget\" data-widget_type=\"text-editor.default\">\n\t\t\t\t<div class=\"elementor-widget-container\">\n\t\t\t\t\t\t\t\t\t<p>Der zweite Teil ist ein Forum (das \u201eForum\u201c), in dem Nutzer ihre Erfahrungen und Gef\u00fchle teilen und frei und ohne Scham Fragen in einem wohlwollenden Raum stellen k\u00f6nnen.<\/p>\t\t\t\t\t\t\t\t<\/div>\n\t\t\t\t<\/div>\n\t\t<div class=\"elementor-element elementor-element-073325e e-con-full e-flex e-con e-child\" data-id=\"073325e\" data-element_type=\"container\" data-e-type=\"container\">\n\t\t\t\t<div class=\"elementor-element elementor-element-9403f47 elementor-widget elementor-widget-heading\" data-id=\"9403f47\" data-element_type=\"widget\" data-e-type=\"widget\" data-widget_type=\"heading.default\">\n\t\t\t\t<div class=\"elementor-widget-container\">\n\t\t\t\t\t<h3 class=\"elementor-heading-title elementor-size-default\">1) Kontoerstellung<\/h3>\t\t\t\t<\/div>\n\t\t\t\t<\/div>\n\t\t\t\t<div class=\"elementor-element elementor-element-b697d64 elementor-widget elementor-widget-text-editor\" data-id=\"b697d64\" data-element_type=\"widget\" data-e-type=\"widget\" data-widget_type=\"text-editor.default\">\n\t\t\t\t<div class=\"elementor-widget-container\">\n\t\t\t\t\t\t\t\t\t<p>Der Zugang und die Nutzung des Forums sind an die Erstellung eines Benutzerkontos (das \u201eKonto\u201c) gebunden. Um ein Konto zu erstellen, muss der Nutzer zwingend eine E-Mail-Adresse angeben und einen Benutzernamen sowie ein Passwort w\u00e4hlen.  <em>Zus\u00e4tzlich k\u00f6nnen weitere pers\u00f6nliche Informationen von dir angefordert werden, deren Verarbeitung in unserer Datenschutzrichtlinie (Link) angegeben ist. <\/em><\/p><p>Du bist allein verantwortlich f\u00fcr die Informationen, die mit deinem Konto verkn\u00fcpft sind.<\/p>\t\t\t\t\t\t\t\t<\/div>\n\t\t\t\t<\/div>\n\t\t\t\t<\/div>\n\t\t<div class=\"elementor-element elementor-element-8426814 e-con-full e-flex e-con e-child\" data-id=\"8426814\" data-element_type=\"container\" data-e-type=\"container\">\n\t\t\t\t<div class=\"elementor-element elementor-element-d48e7dc elementor-widget elementor-widget-heading\" data-id=\"d48e7dc\" data-element_type=\"widget\" data-e-type=\"widget\" data-widget_type=\"heading.default\">\n\t\t\t\t<div class=\"elementor-widget-container\">\n\t\t\t\t\t<h3 class=\"elementor-heading-title elementor-size-default\">2) Kontol\u00f6schung<\/h3>\t\t\t\t<\/div>\n\t\t\t\t<\/div>\n\t\t\t\t<div class=\"elementor-element elementor-element-25fba2e elementor-widget elementor-widget-text-editor\" data-id=\"25fba2e\" data-element_type=\"widget\" data-e-type=\"widget\" data-widget_type=\"text-editor.default\">\n\t\t\t\t<div class=\"elementor-widget-container\">\n\t\t\t\t\t\t\t\t\t<p>Du kannst dein Konto l\u00f6schen, indem du auf die Einstellungen zugreifst. Die L\u00f6schung deines Kontos f\u00fchrt zur L\u00f6schung aller dich betreffenden pers\u00f6nlichen Daten. <\/p>\t\t\t\t\t\t\t\t<\/div>\n\t\t\t\t<\/div>\n\t\t\t\t<\/div>\n\t\t<div class=\"elementor-element elementor-element-6757b32 e-con-full e-flex e-con e-child\" data-id=\"6757b32\" data-element_type=\"container\" data-e-type=\"container\">\n\t\t\t\t<div class=\"elementor-element elementor-element-48f0861 elementor-widget elementor-widget-heading\" data-id=\"48f0861\" data-element_type=\"widget\" data-e-type=\"widget\" data-widget_type=\"heading.default\">\n\t\t\t\t<div class=\"elementor-widget-container\">\n\t\t\t\t\t<h3 class=\"elementor-heading-title elementor-size-default\">3) Deine Nachrichten<\/h3>\t\t\t\t<\/div>\n\t\t\t\t<\/div>\n\t\t\t\t<div class=\"elementor-element elementor-element-0a146e4 elementor-widget elementor-widget-text-editor\" data-id=\"0a146e4\" data-element_type=\"widget\" data-e-type=\"widget\" data-widget_type=\"text-editor.default\">\n\t\t\t\t<div class=\"elementor-widget-container\">\n\t\t\t\t\t\t\t\t\t<p>Mit \u201eNachrichten\u201c bezeichnen die AGB alle Inhalte, die vom Nutzer im Forum online gestellt werden (Beitr\u00e4ge, Kommentare, Bilder\u2026). Die Nachrichten sind f\u00fcr alle Nutzer zug\u00e4nglich, die \u00fcber ein Konto verf\u00fcgen. Daher raten wir dir, keine pers\u00f6nlichen Informationen in deinen Nachrichten zu teilen und Anonymit\u00e4t und\/oder Pseudonymisierung zu bevorzugen.  <\/p><p> <\/p><p>Du bist allein verantwortlich f\u00fcr den Inhalt der Nachrichten, die \u00fcber dein Konto ver\u00f6ffentlicht werden.<\/p><p> <\/p><ul><li><strong>Moderation der Nachrichten<\/strong><\/li><\/ul><p>Deine Nachrichten d\u00fcrfen in keinem Fall andere Nutzer beeintr\u00e4chtigen. Es ist strengstens untersagt, einsch\u00fcchternde, gewaltt\u00e4tige, hasserf\u00fcllte, sexuell explizite, schockierende oder in irgendeiner Weise gesetzeswidrige Nachrichten zu ver\u00f6ffentlichen. <\/p><p>Deine Nachrichten werden nicht unbedingt vor ihrer Ver\u00f6ffentlichung \u00fcberpr\u00fcft, wir behalten uns jedoch das Recht vor, jederzeit und nach unserem alleinigen Ermessen Zwangsma\u00dfnahmen gegen Nutzer zu ergreifen, deren Nachrichten diese Regeln nicht einhalten. Diese Ma\u00dfnahmen k\u00f6nnen von einer einfachen Warnung bis zur endg\u00fcltigen L\u00f6schung des Kontos reichen. <\/p><p>Als Nutzer der Website hast du die M\u00f6glichkeit, jede Nachricht zu melden, die dir unangemessen erscheint. Diese wird dann von unseren Teams \u00fcberpr\u00fcft, die entscheiden, ob sie online bleibt oder gel\u00f6scht wird. <\/p><p> <\/p><ul><li><strong>Haftung<\/strong><\/li><\/ul><p>Wir \u00fcbernehmen keinerlei Haftung f\u00fcr die von den Nutzern geposteten Nachrichten und wir unterst\u00fctzen oder garantieren weder deren Vollst\u00e4ndigkeit, Wahrhaftigkeit, Richtigkeit noch Zuverl\u00e4ssigkeit.<\/p><p> <\/p><ul><li><strong>Geistiges Eigentum<\/strong><\/li><\/ul><p>Du beh\u00e4ltst das geistige Eigentum am Inhalt deiner Nachrichten. Die Ver\u00f6ffentlichung der Nachrichten beinhaltet jedoch eine kostenlose Genehmigung f\u00fcr HAPPEEZ, die Nachricht auf unseren sozialen Netzwerken und unserer Website <a href=\"https:\/\/doomoo.com\">https:\/\/doomoo.com<\/a> f\u00fcr die Dauer der geistigen Eigentumsrechte darzustellen, zu reproduzieren, anzupassen oder zu verbreiten. <\/p>\t\t\t\t\t\t\t\t<\/div>\n\t\t\t\t<\/div>\n\t\t\t\t<\/div>\n\t\t\t\t<\/div>\n\t\t<div class=\"elementor-element elementor-element-35b48b7 e-con-full e-flex e-con e-child\" data-id=\"35b48b7\" data-element_type=\"container\" data-e-type=\"container\">\n\t\t\t\t<div class=\"elementor-element elementor-element-72d40b8 elementor-widget elementor-widget-heading\" data-id=\"72d40b8\" data-element_type=\"widget\" data-e-type=\"widget\" data-widget_type=\"heading.default\">\n\t\t\t\t<div class=\"elementor-widget-container\">\n\t\t\t\t\t<h2 class=\"elementor-heading-title elementor-size-default\">III. Allgemeine Regeln  <\/h2>\t\t\t\t<\/div>\n\t\t\t\t<\/div>\n\t\t<div class=\"elementor-element elementor-element-55ea0c5 e-con-full e-flex e-con e-child\" data-id=\"55ea0c5\" data-element_type=\"container\" data-e-type=\"container\">\n\t\t\t\t<div class=\"elementor-element elementor-element-786dba4 elementor-widget elementor-widget-heading\" data-id=\"786dba4\" data-element_type=\"widget\" data-e-type=\"widget\" data-widget_type=\"heading.default\">\n\t\t\t\t<div class=\"elementor-widget-container\">\n\t\t\t\t\t<h3 class=\"elementor-heading-title elementor-size-default\">1) Einschr\u00e4nkungen der Website-Nutzung<\/h3>\t\t\t\t<\/div>\n\t\t\t\t<\/div>\n\t\t\t\t<div class=\"elementor-element elementor-element-dc43c7e elementor-widget elementor-widget-text-editor\" data-id=\"dc43c7e\" data-element_type=\"widget\" data-e-type=\"widget\" data-widget_type=\"text-editor.default\">\n\t\t\t\t<div class=\"elementor-widget-container\">\n\t\t\t\t\t\t\t\t\t<p>Um allen Nutzern der Website ein optimales Erlebnis zu gew\u00e4hrleisten, ist es strengstens untersagt, Folgendes zu tun:<\/p><ul><li>Die Website in einer Weise zu nutzen, die anderen Nutzern schaden k\u00f6nnte;<\/li><li>Auf das Konto eines anderen Nutzers oder auf nicht \u00f6ffentliche Teile der Website zuzugreifen (oder dies zu versuchen);<\/li><li>Die Website in einer Weise zu nutzen, die die Website st\u00f6ren, deaktivieren, unterbrechen, \u00fcberlasten oder in irgendeiner Weise ver\u00e4ndern k\u00f6nnte, zum Beispiel durch b\u00f6sartige Software.<\/li><\/ul>\t\t\t\t\t\t\t\t<\/div>\n\t\t\t\t<\/div>\n\t\t\t\t<\/div>\n\t\t<div class=\"elementor-element elementor-element-ae3b541 e-con-full e-flex e-con e-child\" data-id=\"ae3b541\" data-element_type=\"container\" data-e-type=\"container\">\n\t\t\t\t<div class=\"elementor-element elementor-element-1549e4c elementor-widget elementor-widget-heading\" data-id=\"1549e4c\" data-element_type=\"widget\" data-e-type=\"widget\" data-widget_type=\"heading.default\">\n\t\t\t\t<div class=\"elementor-widget-container\">\n\t\t\t\t\t<h3 class=\"elementor-heading-title elementor-size-default\">2) Datenschutz<\/h3>\t\t\t\t<\/div>\n\t\t\t\t<\/div>\n\t\t\t\t<div class=\"elementor-element elementor-element-52dffdd elementor-widget elementor-widget-text-editor\" data-id=\"52dffdd\" data-element_type=\"widget\" data-e-type=\"widget\" data-widget_type=\"text-editor.default\">\n\t\t\t\t<div class=\"elementor-widget-container\">\n\t\t\t\t\t\t\t\t\t<p>Erfahre mehr \u00fcber unsere <em><u>Datenschutzrichtlinie<\/u><\/em> (Link einf\u00fcgen).<\/p>\t\t\t\t\t\t\t\t<\/div>\n\t\t\t\t<\/div>\n\t\t\t\t<\/div>\n\t\t<div class=\"elementor-element elementor-element-e4382b4 e-con-full e-flex e-con e-child\" data-id=\"e4382b4\" data-element_type=\"container\" data-e-type=\"container\">\n\t\t\t\t<div class=\"elementor-element elementor-element-ac55be3 elementor-widget elementor-widget-heading\" data-id=\"ac55be3\" data-element_type=\"widget\" data-e-type=\"widget\" data-widget_type=\"heading.default\">\n\t\t\t\t<div class=\"elementor-widget-container\">\n\t\t\t\t\t<h3 class=\"elementor-heading-title elementor-size-default\">3) \u00c4nderung der AGB<\/h3>\t\t\t\t<\/div>\n\t\t\t\t<\/div>\n\t\t\t\t<div class=\"elementor-element elementor-element-d540ff3 elementor-widget elementor-widget-text-editor\" data-id=\"d540ff3\" data-element_type=\"widget\" data-e-type=\"widget\" data-widget_type=\"text-editor.default\">\n\t\t\t\t<div class=\"elementor-widget-container\">\n\t\t\t\t\t\t\t\t\t<p>Wir behalten uns das Recht vor, die AGB von Zeit zu Zeit zu \u00e4ndern. Wenn wir \u00c4nderungen vornehmen, werden wir die \u00fcberarbeiteten AGB ver\u00f6ffentlichen und das Aktualisierungsdatum oben auf dieser Seite anpassen. <\/p><p>Indem du den Blog ab dem Datum der Aktualisierung der AGB weiterhin nutzt oder darauf zugreifst, giltst du als die so \u00fcberarbeiteten AGB akzeptiert zu haben.<\/p>\t\t\t\t\t\t\t\t<\/div>\n\t\t\t\t<\/div>\n\t\t\t\t<\/div>\n\t\t\t\t<\/div>\n\t\t\t\t\t<\/div>\n\t\t\t\t<\/div>\n\t\t\t\t<\/div>\n\t\t","protected":false},"excerpt":{"rendered":"<p>AGB #nobodytoldme Um das bestm\u00f6gliche Erlebnis zu gew\u00e4hrleisten, unterliegt die Nutzung der Website bestimmten Regeln (die \u201eAllgemeinen Gesch\u00e4ftsbedingungen\u201c oder \u201eAGB\u201c). Indem du auf die Website zugreifst oder sie nutzt, akzeptierst du die Allgemeinen Gesch\u00e4ftsbedingungen. #Nobodytoldme (die \u201eWebsite\u201c) ist ein sicherer Ort f\u00fcr alle Frauen, die die Realit\u00e4t der Mutterschaft kennenlernen m\u00f6chten, durch die Erfahrungsberichte anderer [&hellip;]<\/p>\n","protected":false},"author":1,"featured_media":0,"parent":0,"menu_order":0,"comment_status":"closed","ping_status":"closed","template":"","meta":{"_acf_changed":false,"footnotes":""},"class_list":["post-6293","page","type-page","status-publish","hentry"],"acf":[],"_links":{"self":[{"href":"https:\/\/nobodytoldme-blog.com\/de\/wp-json\/wp\/v2\/pages\/6293","targetHints":{"allow":["GET"]}}],"collection":[{"href":"https:\/\/nobodytoldme-blog.com\/de\/wp-json\/wp\/v2\/pages"}],"about":[{"href":"https:\/\/nobodytoldme-blog.com\/de\/wp-json\/wp\/v2\/types\/page"}],"author":[{"embeddable":true,"href":"https:\/\/nobodytoldme-blog.com\/de\/wp-json\/wp\/v2\/users\/1"}],"replies":[{"embeddable":true,"href":"https:\/\/nobodytoldme-blog.com\/de\/wp-json\/wp\/v2\/comments?post=6293"}],"version-history":[{"count":1,"href":"https:\/\/nobodytoldme-blog.com\/de\/wp-json\/wp\/v2\/pages\/6293\/revisions"}],"predecessor-version":[{"id":6294,"href":"https:\/\/nobodytoldme-blog.com\/de\/wp-json\/wp\/v2\/pages\/6293\/revisions\/6294"}],"wp:attachment":[{"href":"https:\/\/nobodytoldme-blog.com\/de\/wp-json\/wp\/v2\/media?parent=6293"}],"curies":[{"name":"wp","href":"https:\/\/api.w.org\/{rel}","templated":true}]}}