{"id":5599,"date":"2025-06-17T12:10:22","date_gmt":"2025-06-17T10:10:22","guid":{"rendered":"http:\/\/wixvaam.cluster100.hosting.ovh.net\/nl\/privacybeleid\/"},"modified":"2025-09-08T15:12:35","modified_gmt":"2025-09-08T13:12:35","slug":"privacybeleid","status":"publish","type":"page","link":"https:\/\/nobodytoldme-blog.com\/nl\/privacybeleid\/","title":{"rendered":"Privacybeleid"},"content":{"rendered":"\t\t<div data-elementor-type=\"wp-page\" data-elementor-id=\"5599\" class=\"elementor elementor-5599 elementor-3\" data-elementor-post-type=\"page\">\n\t\t\t\t<div class=\"elementor-element elementor-element-485c2ff e-flex e-con-boxed e-con e-parent\" data-id=\"485c2ff\" data-element_type=\"container\" data-e-type=\"container\" data-settings=\"{&quot;background_background&quot;:&quot;classic&quot;}\">\n\t\t\t\t\t<div class=\"e-con-inner\">\n\t\t\t\t<div class=\"elementor-element elementor-element-848e94d elementor-widget elementor-widget-heading\" data-id=\"848e94d\" data-element_type=\"widget\" data-e-type=\"widget\" data-widget_type=\"heading.default\">\n\t\t\t\t<div class=\"elementor-widget-container\">\n\t\t\t\t\t<h1 class=\"elementor-heading-title elementor-size-default\">Privacybeleid<\/h1>\t\t\t\t<\/div>\n\t\t\t\t<\/div>\n\t\t\t\t<div class=\"elementor-element elementor-element-590ee32 elementor-widget elementor-widget-text-editor\" data-id=\"590ee32\" data-element_type=\"widget\" data-e-type=\"widget\" data-widget_type=\"text-editor.default\">\n\t\t\t\t<div class=\"elementor-widget-container\">\n\t\t\t\t\t\t\t\t\t<p>Laatste update: 13-08-2025<\/p>\t\t\t\t\t\t\t\t<\/div>\n\t\t\t\t<\/div>\n\t\t\t\t<div class=\"elementor-element elementor-element-0f5e10b elementor-widget elementor-widget-text-editor\" data-id=\"0f5e10b\" data-element_type=\"widget\" data-e-type=\"widget\" data-widget_type=\"text-editor.default\">\n\t\t\t\t<div class=\"elementor-widget-container\">\n\t\t\t\t\t\t\t\t\t<p>Bij het gebruik van de Website kunnen we persoonlijke gegevens over jou verzamelen.<\/p>\n<p>De verwerkingsverantwoordelijke is het bedrijf Babymoov Group SAS (&#8216;Babymoov&#8217; of &#8216;wij&#8217;), vertegenwoordigd door dhr. Pierre MAGRO.<\/p>\n<p>Je kunt contact met ons opnemen via het e-mailadres <a href=\"mailto:rgpd@babymoov.com\">rgpd@babymoov.com<\/a> of door een brief te sturen naar het volgende adres: 16 rue Jacqueline Auriol, 63100, Clermont-Ferrand, Frankrijk.<\/p>\t\t\t\t\t\t\t\t<\/div>\n\t\t\t\t<\/div>\n\t\t<div class=\"elementor-element elementor-element-77e35b5 e-con-full e-flex e-con e-child\" data-id=\"77e35b5\" data-element_type=\"container\" data-e-type=\"container\">\n\t\t\t\t<div class=\"elementor-element elementor-element-84667d5 elementor-widget elementor-widget-heading\" data-id=\"84667d5\" data-element_type=\"widget\" data-e-type=\"widget\" data-widget_type=\"heading.default\">\n\t\t\t\t<div class=\"elementor-widget-container\">\n\t\t\t\t\t<h2 class=\"elementor-heading-title elementor-size-default\">1. Welke persoonlijke gegevens verzamelen we?<\/h2>\t\t\t\t<\/div>\n\t\t\t\t<\/div>\n\t\t\t\t<div class=\"elementor-element elementor-element-84f078e elementor-widget elementor-widget-text-editor\" data-id=\"84f078e\" data-element_type=\"widget\" data-e-type=\"widget\" data-widget_type=\"text-editor.default\">\n\t\t\t\t<div class=\"elementor-widget-container\">\n\t\t\t\t\t\t\t\t\t<p>Wanneer je de Website gebruikt, kunnen we de volgende persoonlijke gegevens verzamelen:<\/p>\t\t\t\t\t\t\t\t<\/div>\n\t\t\t\t<\/div>\n\t\t\t\t<div class=\"elementor-element elementor-element-4d9c56e elementor-widget elementor-widget-html\" data-id=\"4d9c56e\" data-element_type=\"widget\" data-e-type=\"widget\" data-widget_type=\"html.default\">\n\t\t\t\t<div class=\"elementor-widget-container\">\n\t\t\t\t\t<style>.table-container {\r\n    width: 100%;\r\n    overflow-x: auto; \r\n    -webkit-overflow-scrolling: touch;\r\n  }\r\n.table-container::-webkit-scrollbar {\r\n  height: 10px;\r\n}\r\n\r\n.table-container::-webkit-scrollbar-track {\r\n  background: #ffddd4; \r\n}\r\n\r\n.table-container::-webkit-scrollbar-thumb {\r\n  background-color: #EB735B;\r\n  border-radius: 10px;\r\n  border: 2px solid #ffddd4;\r\n}\r\n\r\n.table-container {\r\n  scrollbar-width: thin;          \r\n  scrollbar-color: #EB735B #ffddd4;\r\n}\r\n  table {\r\n    width: 100%;\r\n    border-collapse: collapse;\r\n    font-family: Arial, sans-serif;\r\n  }\r\n\r\n  th, td {\r\n    border: 2px solid #EB735B;\r\n    padding: 10px;\r\n    text-align: center;\r\n    color: #ffffff; \r\n  }\r\n\r\n  thead th {\r\n    background-color: #EB735B;\r\n    font-weight: bold;\r\n  }\r\n\r\n  tbody tr:nth-child(even) {\r\n    background-color: #EB735B; \r\n  }\r\n\r\n  tbody tr:nth-child(odd) {\r\n    background-color: #ff9c85; \r\n  }\r\n<\/style><div class=\"table-container\"><table><thead><tr><th>Donn\u00e9es collect\u00e9es<\/th><th>Finalit\u00e9s<\/th><th>Bases l\u00e9gales<\/th><th>Destinataires<\/th><th>Dur\u00e9e de conservation<\/th><\/tr><\/thead><tbody><tr><td>Adresse e-mail, pseudonyme<\/td><td>Cr\u00e9ation d\u2019un Compte pour publier sur le Forum<\/td><td>L\u2019int\u00e9r\u00eat l\u00e9gitime de Babymoov Group<\/td><td>Service Branding \/ E-commerce. <\/td><td>Adresse e-mail, pseudonyme\tCr\u00e9ation d\u2019un Compte pour publier sur le Forum\tL\u2019int\u00e9r\u00eat l\u00e9gitime de Babymoov Group\tService Branding \/ E-commerce. \tVos donn\u00e9es seront supprim\u00e9es \u00e0 la suppression du Compte<\/td><\/tr><tr><td>Age, nombre d\u2019enfants, \u00e2ge des enfants, statut de grossesse, centres d\u2019int\u00e9r\u00eat <\/td><td>Saisie du formulaire de profil pour que les Utilisateurs puissent mieux se connaitre s\u2019ils le souhaitent<\/td><td>Votre consentement<\/td><td>Service Branding \/ E-commerce. <\/td><td>Vos donn\u00e9es seront supprim\u00e9es \u00e0 la suppression du Compte<\/td><\/tr><tr><td>Cookies fonctionnels strictement n\u00e9cessaires<\/td><td>Navigation optimale pour l\u2019utilisateur du site<\/td><td>Cookies fonctionnels strictement n\u00e9cessaires\tNavigation optimale pour l\u2019utilisateur du site\tL\u2019int\u00e9r\u00eat l\u00e9gitime de Babymoov Group\t?\t?<\/td><td>...<\/td><td>...<\/td><\/tr><tr><td>Cookies de publicit\u00e9<\/td><td>Permettre une offre publicitaire pertinente et adapt\u00e9e<\/td><td>Votre consentement<\/td><td>...<\/td><td>...<\/td><\/tr><tr><td>Cookies de r\u00e9seaux sociaux<\/td><td>Permettre de partager le contenu du site sur les r\u00e9seaux sociaux<\/td><td>L\u2019int\u00e9r\u00eat l\u00e9gitime de Babymoov Group<\/td><td>...<\/td><td>...<\/td><\/tr><\/tbody><\/table><\/div>\t\t\t\t<\/div>\n\t\t\t\t<\/div>\n\t\t\t\t<\/div>\n\t\t<div class=\"elementor-element elementor-element-6382a77 e-con-full e-flex e-con e-child\" data-id=\"6382a77\" data-element_type=\"container\" data-e-type=\"container\">\n\t\t\t\t<div class=\"elementor-element elementor-element-17bbbe2 elementor-widget elementor-widget-heading\" data-id=\"17bbbe2\" data-element_type=\"widget\" data-e-type=\"widget\" data-widget_type=\"heading.default\">\n\t\t\t\t<div class=\"elementor-widget-container\">\n\t\t\t\t\t<h2 class=\"elementor-heading-title elementor-size-default\">2. Wat zijn je rechten en hoe kun je deze uitoefenen?<\/h2>\t\t\t\t<\/div>\n\t\t\t\t<\/div>\n\t\t\t\t<div class=\"elementor-element elementor-element-1f2a48d elementor-widget elementor-widget-text-editor\" data-id=\"1f2a48d\" data-element_type=\"widget\" data-e-type=\"widget\" data-widget_type=\"text-editor.default\">\n\t\t\t\t<div class=\"elementor-widget-container\">\n\t\t\t\t\t\t\t\t\t<p>Hieronder hebben we de rechten opgesomd die je hebt met betrekking tot de verwerking van je persoonlijke gegevens:<\/p><ul><li><strong>Recht op informatie:<\/strong> je wordt ge\u00efnformeerd over hoe we je persoonlijke gegevens verwerken, inclusief onze identiteit, het doel van de verwerking en de wettelijke basis. Het privacybeleid bevat alle informatie die we je verschuldigd zijn over de verwerking van je persoonlijke gegevens. <\/li><li><strong>Recht van bezwaar:<\/strong> je kunt je op elk moment verzetten tegen de verwerking van je persoonlijke gegevens om redenen die verband houden met je specifieke situatie wanneer de verwerking is gebaseerd op legitiem belang.<\/li><li><strong>Recht op inzage:<\/strong> je kunt ons vragen om toegang tot alle gegevens die we over jou hebben verzameld. Hiermee kun je kennis nemen van de verwerking en de rechtmatigheid ervan controleren. <\/li><li><strong>Recht op rectificatie:<\/strong> je kunt je gegevens laten rectificeren (corrigeren, bijwerken). Dit kan bijvoorbeeld het geval zijn als de informatie die we hebben onjuist of onvolledig is. <\/li><li><strong>Recht op vergetelheid:<\/strong> je hebt het recht om je gegevens zo snel mogelijk te laten wissen wanneer de gegevens niet langer nodig zijn voor de doeleinden waarvoor ze zijn verzameld, of wanneer je de toestemming intrekt waarop de verzameling is gebaseerd.<\/li><li><strong>Recht op gegevensoverdraagbaarheid:<\/strong> je kunt alle persoonlijke gegevens die we over je hebben ontvangen en deze overdragen aan een andere verwerkingsverantwoordelijke.<\/li><li><strong>Recht op beperking van de verwerking:<\/strong> je hebt het recht om de beperking van de verwerking te verkrijgen wanneer je bijvoorbeeld de juistheid van je gegevens betwist.<\/li><li><strong>Recht om te beslissen over het lot van je gegevens na je overlijden:<\/strong> je kunt ons laten weten wat je wilt dat we met je persoonlijke gegevens doen na je overlijden.<\/li><\/ul><p>Om deze rechten uit te oefenen, kun je contact met ons opnemen via het e-mailadres <a href=\"mailto:rgpd@babymoov.com\">rgpd@babymoov.com<\/a> of door een brief te sturen naar het volgende adres: BABYMOOV GROUP, Juridische afdeling, 16 rue Jacqueline Auriol, 63100, Clermont-Ferrand, Frankrijk.<\/p><p>Voor meer informatie over je rechten raden we je aan de website van de CNIL te bezoeken via deze link <a href=\"https:\/\/www.cnil.fr\/\">https:\/\/www.cnil.fr\/<\/a>.<\/p><p>Je kunt op elk moment een klacht indienen bij de CNIL als je vindt dat je je rechten niet kunt uitoefenen, of als je een inbreuk op de regels voor de bescherming van persoonsgegevens wilt melden.<\/p>\t\t\t\t\t\t\t\t<\/div>\n\t\t\t\t<\/div>\n\t\t\t\t<\/div>\n\t\t<div class=\"elementor-element elementor-element-067c168 e-con-full e-flex e-con e-child\" data-id=\"067c168\" data-element_type=\"container\" data-e-type=\"container\">\n\t\t\t\t<div class=\"elementor-element elementor-element-a81bcaf elementor-widget elementor-widget-heading\" data-id=\"a81bcaf\" data-element_type=\"widget\" data-e-type=\"widget\" data-widget_type=\"heading.default\">\n\t\t\t\t<div class=\"elementor-widget-container\">\n\t\t\t\t\t<h2 class=\"elementor-heading-title elementor-size-default\">3. Beveiliging en vertrouwelijkheid van gegevens<\/h2>\t\t\t\t<\/div>\n\t\t\t\t<\/div>\n\t\t\t\t<div class=\"elementor-element elementor-element-61192f9 elementor-widget elementor-widget-text-editor\" data-id=\"61192f9\" data-element_type=\"widget\" data-e-type=\"widget\" data-widget_type=\"text-editor.default\">\n\t\t\t\t<div class=\"elementor-widget-container\">\n\t\t\t\t\t\t\t\t\t<p>Babymoov hecht veel waarde aan de bescherming van je persoonlijke gegevens. Alle persoonlijke gegevens die we verzamelen worden opgeslagen op beveiligde servers. <\/p><p>We nemen effectieve en passende maatregelen om de veiligheid en vertrouwelijkheid van je gegevens te waarborgen tegen verlies, diefstal, vernietiging, misbruik, ongeautoriseerde toegang, openbaarmaking en wijziging.<\/p><p>Babymoov zorgt er ook voor dat je gegevens worden beschermd bij derden door hen contractueel te verplichten.<\/p>\t\t\t\t\t\t\t\t<\/div>\n\t\t\t\t<\/div>\n\t\t\t\t<\/div>\n\t\t<div class=\"elementor-element elementor-element-1ddf7d0 e-con-full e-flex e-con e-child\" data-id=\"1ddf7d0\" data-element_type=\"container\" data-e-type=\"container\">\n\t\t\t\t<div class=\"elementor-element elementor-element-3600157 elementor-widget elementor-widget-heading\" data-id=\"3600157\" data-element_type=\"widget\" data-e-type=\"widget\" data-widget_type=\"heading.default\">\n\t\t\t\t<div class=\"elementor-widget-container\">\n\t\t\t\t\t<h2 class=\"elementor-heading-title elementor-size-default\">4. Cookies<\/h2>\t\t\t\t<\/div>\n\t\t\t\t<\/div>\n\t\t\t\t<div class=\"elementor-element elementor-element-830e615 elementor-widget elementor-widget-text-editor\" data-id=\"830e615\" data-element_type=\"widget\" data-e-type=\"widget\" data-widget_type=\"text-editor.default\">\n\t\t\t\t<div class=\"elementor-widget-container\">\n\t\t\t\t\t\t\t\t\t<p>Tijdens het browsen op onze website kunnen cookies worden gebruikt om de navigatie van de bezoeker op de site te verzekeren.<\/p><p>Een cookie is een klein computerbestand dat door een server wordt opgeslagen in het apparaat (computer, telefoon, etc.) van een gebruiker en wordt gekoppeld aan een webdomeinnaam.<\/p><p>Dit bestand bevat informatie zoals de internetprovider van de gebruiker, het besturingssysteem van de gebruiker, en de datum en tijd van toegang.<\/p><p>Cookies stellen ons in staat om, tijdens hun geldigheidsduur, je apparaat te herkennen telkens wanneer het toegang krijgt tot digitale inhoud met cookies van dezelfde uitgever om bezochte pagina&#8217;s en uitgevoerde zoekopdrachten op te slaan.<\/p><p>In overeenstemming met artikel 5(3) van Richtlijn 2002\/58\/EG en artikel 82 van de wet Informatique et Libert\u00e9s, vragen we je voorafgaande toestemming voordat we informatie op je apparaat opslaan of toegang krijgen tot informatie die al op je apparaat is opgeslagen.<\/p>\t\t\t\t\t\t\t\t<\/div>\n\t\t\t\t<\/div>\n\t\t<div class=\"elementor-element elementor-element-e8f8877 e-con-full e-flex e-con e-child\" data-id=\"e8f8877\" data-element_type=\"container\" data-e-type=\"container\">\n\t\t\t\t<div class=\"elementor-element elementor-element-86ae6fb elementor-widget elementor-widget-heading\" data-id=\"86ae6fb\" data-element_type=\"widget\" data-e-type=\"widget\" data-widget_type=\"heading.default\">\n\t\t\t\t<div class=\"elementor-widget-container\">\n\t\t\t\t\t<h3 class=\"elementor-heading-title elementor-size-default\">1) Instellingen en toestemming <\/h3>\t\t\t\t<\/div>\n\t\t\t\t<\/div>\n\t\t\t\t<div class=\"elementor-element elementor-element-f838a92 elementor-widget elementor-widget-text-editor\" data-id=\"f838a92\" data-element_type=\"widget\" data-e-type=\"widget\" data-widget_type=\"text-editor.default\">\n\t\t\t\t<div class=\"elementor-widget-container\">\n\t\t\t\t\t\t\t\t\t<p>De gebruiker kan op elk moment terugkomen op zijn beslissing en zijn geselecteerde cookievoorkeuren.<\/p><p>Hiervoor kan de gebruiker zijn browser zo configureren dat deze hem laat beslissen of hij cookies wil accepteren zodat cookies worden opgeslagen in het apparaat of, integendeel, worden geweigerd, hetzij systematisch, hetzij afhankelijk van de uitgever. De gebruiker kan zijn browsersoftware ook zo configureren dat de acceptatie of weigering van cookies hem incidenteel wordt voorgesteld, voordat een cookie in zijn apparaat kan worden opgeslagen. In dit geval informeert Babymoov de gebruiker dat mogelijk niet alle functionaliteiten van zijn browsersoftware beschikbaar zijn. De configuratie van elke browser is verschillend, we raden je aan het helpmenu van de browser te raadplegen.   <\/p>\t\t\t\t\t\t\t\t<\/div>\n\t\t\t\t<\/div>\n\t\t\t\t<\/div>\n\t\t<div class=\"elementor-element elementor-element-b49844d e-con-full e-flex e-con e-child\" data-id=\"b49844d\" data-element_type=\"container\" data-e-type=\"container\">\n\t\t\t\t<div class=\"elementor-element elementor-element-286f982 elementor-widget elementor-widget-heading\" data-id=\"286f982\" data-element_type=\"widget\" data-e-type=\"widget\" data-widget_type=\"heading.default\">\n\t\t\t\t<div class=\"elementor-widget-container\">\n\t\t\t\t\t<h3 class=\"elementor-heading-title elementor-size-default\">2) Beheer van Cookies<\/h3>\t\t\t\t<\/div>\n\t\t\t\t<\/div>\n\t\t\t\t<div class=\"elementor-element elementor-element-0f64892 elementor-widget elementor-widget-text-editor\" data-id=\"0f64892\" data-element_type=\"widget\" data-e-type=\"widget\" data-widget_type=\"text-editor.default\">\n\t\t\t\t<div class=\"elementor-widget-container\">\n\t\t\t\t\t\t\t\t\t<p>De gebruiker kan ook op elk moment zijn cookiewensen wijzigen.<\/p><p>Het is mogelijk om via je browser cookies te beheren en\/of te verwijderen via de instellingen waarmee je je toestemming voor het gebruik van cookies kunt aanpassen. Raadpleeg de documentatie van je browser over dit beheer voor meer informatie. <\/p><p>Het is ook mogelijk om je cookies direct op onze website te beheren.<\/p>\t\t\t\t\t\t\t\t<\/div>\n\t\t\t\t<\/div>\n\t\t\t\t<\/div>\n\t\t<div class=\"elementor-element elementor-element-463d827 e-con-full e-flex e-con e-child\" data-id=\"463d827\" data-element_type=\"container\" data-e-type=\"container\">\n\t\t\t\t<div class=\"elementor-element elementor-element-e59aebc elementor-widget elementor-widget-heading\" data-id=\"e59aebc\" data-element_type=\"widget\" data-e-type=\"widget\" data-widget_type=\"heading.default\">\n\t\t\t\t<div class=\"elementor-widget-container\">\n\t\t\t\t\t<h3 class=\"elementor-heading-title elementor-size-default\">3) Cookies gebruikt op de Website<\/h3>\t\t\t\t<\/div>\n\t\t\t\t<\/div>\n\t\t\t\t<div class=\"elementor-element elementor-element-b991f03 elementor-widget elementor-widget-text-editor\" data-id=\"b991f03\" data-element_type=\"widget\" data-e-type=\"widget\" data-widget_type=\"text-editor.default\">\n\t\t\t\t<div class=\"elementor-widget-container\">\n\t\t\t\t\t\t\t\t\t<p>We gebruiken verschillende soorten cookies die elk een specifiek doel dienen.<\/p><ul><li><strong>Strikt noodzakelijke functionele cookies<\/strong><\/li><\/ul><p>Sommige cookies zijn vrijgesteld van het verkrijgen van toestemming wanneer ze uitsluitend tot doel hebben elektronische communicatie mogelijk te maken of te vergemakkelijken of wanneer ze strikt noodzakelijk zijn voor het leveren van een online communicatiedienst op uitdrukkelijk verzoek van gebruikers.<\/p><p>Hieronder vallen cookies die apparaten identificeren voor het routeren van communicatie, gegevens nummeren om ze in de gewenste volgorde te routeren, transmissiefouten detecteren om deze te kunnen verbeteren. Deze cookies maken het ook mogelijk om de inhoud van een winkelwagen te onthouden, de interface te personaliseren (taalkeuze). Deze cookies zorgen voor authenticatie voor een dienst, bijvoorbeeld inloggen op je klantaccount en het bewaren van de keuze die gebruikers hebben gemaakt met betrekking tot hun voorkeuren voor het plaatsen en lezen van cookies.  <\/p><p>De gebruiker kan de registratie van deze cookies in zijn apparaat of browser verwijderen.<\/p><p>Anders wordt de gebruiker ge\u00efnformeerd dat zijn navigatie en ervaring op de site beperkt kunnen zijn. Dit kan het geval zijn wanneer wij of een van onze dienstverleners om technische redenen niet het type browser dat door het apparaat wordt gebruikt, de taal- en weergave-instellingen of het land van waaruit het apparaat met internet lijkt te zijn verbonden, kunnen herkennen. <\/p><p>Wij wijzen alle verantwoordelijkheid af voor de gevolgen van verminderde werking van de site en eventueel aangeboden diensten als gevolg van de weigering van cookies door de gebruiker.<\/p><ul><li><strong>Prestatiecookies<\/strong><\/li><\/ul><p>Deze cookies hebben verschillende doeleinden met als hoofdtaak het verbeteren en personaliseren van de functionaliteiten van onze website. Hiervoor is je voorafgaande toestemming nodig voordat deze worden geplaatst of gelezen. <\/p><p>Tot hun functionaliteiten behoren het personaliseren van de gebruikersinterface met het beheer van je bekeken producten en producten die je mogelijk interessant vindt.<\/p><p>Bovendien maken deze cookies het mogelijk om het websitebezoek te meten om het aantal bezoekers, bezochte rubrieken, etc. te bepalen met als enig doel bezoekstatistieken op te stellen en profielen van toekomstige prospects te maken om de aangeboden diensten op basis van deze gegevens te verbeteren.<\/p><p>Bij weigering heeft dit geen gevolgen voor het gebruik en de navigatie van onze site.<\/p><ul><li><strong>Advertentiecookies<\/strong><\/li><\/ul><p>Deze cookies maken een relevanter en meer op je interesses afgestemd advertentieaanbod mogelijk, op voorwaarde dat je vooraf toestemming hebt gegeven voor het plaatsen of lezen ervan.<\/p><p>Ze zijn bedoeld om advertenties weer te geven die soms gepersonaliseerd (remarketing targeting) en soms niet-gepersonaliseerd zijn (weergave zonder onderscheid aan alle websitegebruikers), om doelgroepen te meten die gevoeliger zijn voor advertenties, om het publiek te begrijpen en ook om advertenties aan te passen op basis van het land van verbinding.<\/p><p>Om deze advertentiefunctionaliteiten op zijn site aan te bieden, maken we gebruik van de technologische diensten van partners zoals Google Ads en Social Ads die, door de navigatiegegevens van je apparaat op de site te combineren met de gegevens die je hebt verstrekt, de advertentie-inhoud zullen personaliseren.<\/p><p>Deze cookies worden beheerd door Google. Alleen de uitgever van een cookie kan de informatie in die cookie lezen of wijzigen. Wanneer we informatie over je navigatie op de Site delen met onze partnersites, zorgt het bedrijf ervoor dat de vertrouwelijkheid van je gegevens wordt gerespecteerd.  <\/p><p>Het weigeren van deze advertentiecookies heeft geen invloed op het gebruik van de site. Het zal simpelweg leiden tot het stoppen van het tonen van advertenties op de site. <\/p><ul><li><strong>Social media cookies<\/strong><\/li><\/ul><p>Op onze site zijn er applicaties waarmee je onze inhoud kunt delen met of bekend kunt maken aan andere mensen, met name via sociale netwerken.<\/p><p>Door te klikken op de specifieke iconen voor de sociale netwerken Instagram, Facebook, Pinterest en LinkedIn die op de site staan en als je het plaatsen van cookies accepteert door verder te gaan met browsen op de website, kunnen de genoemde sociale netwerken ook cookies op je apparaten plaatsen.<\/p><p>Echter, zelfs als je deze deelknoppen of applicaties niet hebt gebruikt, is het mogelijk dat sociale netwerken je navigatie volgen als je account of sessie op dat moment actief is op je apparaat. We raden je aan om je te informeren over het privacybeleid en cookiebeleid van deze sociale netwerken. <\/p>\t\t\t\t\t\t\t\t<\/div>\n\t\t\t\t<\/div>\n\t\t\t\t<\/div>\n\t\t\t\t<\/div>\n\t\t\t\t\t<\/div>\n\t\t\t\t<\/div>\n\t\t\t\t<\/div>\n\t\t","protected":false},"excerpt":{"rendered":"<p>Privacybeleid Laatste update: 13-08-2025 Bij het gebruik van de Website kunnen we persoonlijke gegevens over jou verzamelen. De verwerkingsverantwoordelijke is het bedrijf Babymoov Group SAS (&#8216;Babymoov&#8217; of &#8216;wij&#8217;), vertegenwoordigd door dhr. Pierre MAGRO. Je kunt contact met ons opnemen via het e-mailadres rgpd@babymoov.com of door een brief te sturen naar het volgende adres: 16 rue [&hellip;]<\/p>\n","protected":false},"author":1,"featured_media":0,"parent":0,"menu_order":0,"comment_status":"closed","ping_status":"open","template":"","meta":{"_acf_changed":false,"footnotes":""},"class_list":["post-5599","page","type-page","status-publish","hentry"],"acf":[],"_links":{"self":[{"href":"https:\/\/nobodytoldme-blog.com\/nl\/wp-json\/wp\/v2\/pages\/5599","targetHints":{"allow":["GET"]}}],"collection":[{"href":"https:\/\/nobodytoldme-blog.com\/nl\/wp-json\/wp\/v2\/pages"}],"about":[{"href":"https:\/\/nobodytoldme-blog.com\/nl\/wp-json\/wp\/v2\/types\/page"}],"author":[{"embeddable":true,"href":"https:\/\/nobodytoldme-blog.com\/nl\/wp-json\/wp\/v2\/users\/1"}],"replies":[{"embeddable":true,"href":"https:\/\/nobodytoldme-blog.com\/nl\/wp-json\/wp\/v2\/comments?post=5599"}],"version-history":[{"count":1,"href":"https:\/\/nobodytoldme-blog.com\/nl\/wp-json\/wp\/v2\/pages\/5599\/revisions"}],"predecessor-version":[{"id":5600,"href":"https:\/\/nobodytoldme-blog.com\/nl\/wp-json\/wp\/v2\/pages\/5599\/revisions\/5600"}],"wp:attachment":[{"href":"https:\/\/nobodytoldme-blog.com\/nl\/wp-json\/wp\/v2\/media?parent=5599"}],"curies":[{"name":"wp","href":"https:\/\/api.w.org\/{rel}","templated":true}]}}